{"id":1446,"date":"2023-03-20T10:30:52","date_gmt":"2023-03-20T08:30:52","guid":{"rendered":"https:\/\/www.villa-kerasia.gr\/uber-die-villa\/"},"modified":"2023-03-21T12:39:24","modified_gmt":"2023-03-21T10:39:24","slug":"uber-die-villa","status":"publish","type":"page","link":"https:\/\/www.villa-kerasia.gr\/de\/uber-die-villa\/","title":{"rendered":"\u00dcber die Villa"},"content":{"rendered":"\t\t<div data-elementor-type=\"wp-post\" data-elementor-id=\"1446\" class=\"elementor elementor-1446\">\n\t\t\t\t\t\t<section class=\"elementor-section elementor-top-section elementor-element elementor-element-c64f49e elementor-section-boxed elementor-section-height-default elementor-section-height-default\" data-id=\"c64f49e\" data-element_type=\"section\">\n\t\t\t\t\t\t<div class=\"elementor-container elementor-column-gap-default\">\n\t\t\t\t\t<div class=\"elementor-column elementor-col-100 elementor-top-column elementor-element elementor-element-76cc922\" data-id=\"76cc922\" data-element_type=\"column\">\n\t\t\t<div class=\"elementor-widget-wrap elementor-element-populated\">\n\t\t\t\t\t\t<div class=\"elementor-element elementor-element-0e4ca32 elementor-widget elementor-widget-text-editor\" data-id=\"0e4ca32\" data-element_type=\"widget\" data-widget_type=\"text-editor.default\">\n\t\t\t\t<div class=\"elementor-widget-container\">\n\t\t\t\t\t\t\t\t\t<p>Die <strong>Villa Kerasia<\/strong> befindet sich in der Ansiedlung Vlahiana, 15 km s\u00fcdwestlich der Stadt Heraklion. Sie liegt am s\u00fcd\u00f6stlichen Fu\u00df des Berges Psiloritis, amphitheatrisch auf einer H\u00f6he von 580 Metern und \u00fcberragt die D\u00f6rfer Kerasia, Venerato und Avgeniki in etwa 1 km Entfernung. Die atemberaubende nat\u00fcrliche Sch\u00f6nheit der Gegend wird durch den starken morphologischen Kontrast des Gebietes und der Weinberge, die die Ansiedlung umgeben, sowie durch die Sch\u00f6nheit der Schluchten von Ano Asites, Agia Irini und Venerato unterstrichen, die ein atemberaubendes Panorama bieten.<\/p><p>Die Gegend um das Hotel Villa Kerasia ist ideal f\u00fcr Wanderungen auf den alten Pfaden, die zu den nahegelegenen byzantinischen Kirchen f\u00fchren. Der internationale Wanderweg (E4), der neben der Ansiedlung kreuzt, f\u00fchrt zu der organisierten Herberge des \u00f6rtlichen Bergsteigerclubs (Prinos, 1200 m H\u00f6he). Sie k\u00f6nnen sich auch organisierten Klettergruppen zum Psiloritis anschlie\u00dfen.<\/p><p>Nur etwa 2 km von der Ansiedlung entfernt befindet sich die arch\u00e4ologische St\u00e4tte des antiken Rizinia. Die Stadt wurde bei Ausgrabungen in den Jahren 1906-1908 entdeckt und hatte ihre Bl\u00fctezeit von der sp\u00e4tminoischen Periode um 600 v. Chr. bis zur hellenistischen Periode um 67 v. Chr. Die Lage von Rizinia auf der Spitze eines H\u00fcgels, etwa in der Mitte Kretas und auf halbem Weg zwischen den beiden gro\u00dfen <strong>minoischen St\u00e4dten Knossos und Faistos<\/strong>, war von gro\u00dfer strategischer Bedeutung.<\/p>\t\t\t\t\t\t\t\t<\/div>\n\t\t\t\t<\/div>\n\t\t\t\t\t<\/div>\n\t\t<\/div>\n\t\t\t\t\t<\/div>\n\t\t<\/section>\n\t\t\t\t<\/div>\n\t\t","protected":false},"excerpt":{"rendered":"<p>Die Villa Kerasia befindet sich in der Ansiedlung Vlahiana, 15 km s\u00fcdwestlich der Stadt Heraklion. Sie liegt am s\u00fcd\u00f6stlichen Fu\u00df des Berges Psiloritis, amphitheatrisch auf einer H\u00f6he von 580 Metern und \u00fcberragt die D\u00f6rfer Kerasia, Venerato und Avgeniki in etwa 1 km Entfernung. Die atemberaubende nat\u00fcrliche Sch\u00f6nheit der Gegend wird durch den starken morphologischen Kontrast [&hellip;]<\/p>\n","protected":false},"author":2,"featured_media":1400,"parent":0,"menu_order":0,"comment_status":"closed","ping_status":"closed","template":"","meta":{"inline_featured_image":false,"footnotes":""},"class_list":["post-1446","page","type-page","status-publish","has-post-thumbnail","hentry"],"yoast_head":"<!-- This site is optimized with the Yoast SEO plugin v27.4 - https:\/\/yoast.com\/product\/yoast-seo-wordpress\/ -->\n<title>\u00dcber die Villa - Villa Kerasia - Bed &amp; Breakfast in Heraklion of Crete - Villa for Rent in Crete, Holiday Rentals in Crete Greece, Crete Villa Rentals<\/title>\n<meta name=\"robots\" content=\"index, follow, max-snippet:-1, max-image-preview:large, max-video-preview:-1\" \/>\n<link rel=\"canonical\" href=\"https:\/\/www.villa-kerasia.gr\/about\/\" \/>\n<meta property=\"og:locale\" content=\"de_DE\" \/>\n<meta property=\"og:type\" content=\"article\" \/>\n<meta property=\"og:title\" content=\"\u00dcber die Villa - Villa Kerasia - Bed &amp; Breakfast in Heraklion of Crete - Villa for Rent in Crete, Holiday Rentals in Crete Greece, Crete Villa Rentals\" \/>\n<meta property=\"og:description\" content=\"Die Villa Kerasia befindet sich in der Ansiedlung Vlahiana, 15 km s\u00fcdwestlich der Stadt Heraklion. Sie liegt am s\u00fcd\u00f6stlichen Fu\u00df des Berges Psiloritis, amphitheatrisch auf einer H\u00f6he von 580 Metern und \u00fcberragt die D\u00f6rfer Kerasia, Venerato und Avgeniki in etwa 1 km Entfernung. Die atemberaubende nat\u00fcrliche Sch\u00f6nheit der Gegend wird durch den starken morphologischen Kontrast [&hellip;]\" \/>\n<meta property=\"og:url\" content=\"https:\/\/www.villa-kerasia.gr\/about\/\" \/>\n<meta property=\"og:site_name\" content=\"Villa Kerasia - Bed &amp; Breakfast in Heraklion of Crete - Villa for Rent in Crete, Holiday Rentals in Crete Greece, Crete Villa Rentals\" \/>\n<meta property=\"article:publisher\" content=\"https:\/\/www.facebook.com\/villakerasia\/\" \/>\n<meta property=\"article:modified_time\" content=\"2023-03-21T10:39:24+00:00\" \/>\n<meta property=\"og:image\" content=\"https:\/\/www.villa-kerasia.gr\/wp-content\/uploads\/2021\/12\/CF073815-1-768x577-2.jpg\" \/>\n\t<meta property=\"og:image:width\" content=\"768\" \/>\n\t<meta property=\"og:image:height\" content=\"577\" \/>\n\t<meta property=\"og:image:type\" content=\"image\/jpeg\" \/>\n<meta name=\"twitter:card\" content=\"summary_large_image\" \/>\n<meta name=\"twitter:label1\" content=\"Gesch\u00e4tzte Lesezeit\" \/>\n\t<meta name=\"twitter:data1\" content=\"1\u00a0Minute\" \/>\n<script type=\"application\/ld+json\" class=\"yoast-schema-graph\">{\"@context\":\"https:\\\/\\\/schema.org\",\"@graph\":[{\"@type\":\"WebPage\",\"@id\":\"https:\\\/\\\/www.villa-kerasia.gr\\\/about\\\/\",\"url\":\"https:\\\/\\\/www.villa-kerasia.gr\\\/about\\\/\",\"name\":\"\u00dcber die Villa - Villa Kerasia - Bed &amp; Breakfast in Heraklion of Crete - Villa for Rent in Crete, Holiday Rentals in Crete Greece, Crete Villa Rentals\",\"isPartOf\":{\"@id\":\"https:\\\/\\\/www.villa-kerasia.gr\\\/#website\"},\"primaryImageOfPage\":{\"@id\":\"https:\\\/\\\/www.villa-kerasia.gr\\\/about\\\/#primaryimage\"},\"image\":{\"@id\":\"https:\\\/\\\/www.villa-kerasia.gr\\\/about\\\/#primaryimage\"},\"thumbnailUrl\":\"https:\\\/\\\/www.villa-kerasia.gr\\\/wp-content\\\/uploads\\\/2021\\\/12\\\/CF073815-1-768x577-2.jpg\",\"datePublished\":\"2023-03-20T08:30:52+00:00\",\"dateModified\":\"2023-03-21T10:39:24+00:00\",\"breadcrumb\":{\"@id\":\"https:\\\/\\\/www.villa-kerasia.gr\\\/about\\\/#breadcrumb\"},\"inLanguage\":\"de\",\"potentialAction\":[{\"@type\":\"ReadAction\",\"target\":[\"https:\\\/\\\/www.villa-kerasia.gr\\\/about\\\/\"]}]},{\"@type\":\"ImageObject\",\"inLanguage\":\"de\",\"@id\":\"https:\\\/\\\/www.villa-kerasia.gr\\\/about\\\/#primaryimage\",\"url\":\"https:\\\/\\\/www.villa-kerasia.gr\\\/wp-content\\\/uploads\\\/2021\\\/12\\\/CF073815-1-768x577-2.jpg\",\"contentUrl\":\"https:\\\/\\\/www.villa-kerasia.gr\\\/wp-content\\\/uploads\\\/2021\\\/12\\\/CF073815-1-768x577-2.jpg\",\"width\":768,\"height\":577,\"caption\":\"CF073815 1 768x577 2\"},{\"@type\":\"BreadcrumbList\",\"@id\":\"https:\\\/\\\/www.villa-kerasia.gr\\\/about\\\/#breadcrumb\",\"itemListElement\":[{\"@type\":\"ListItem\",\"position\":1,\"name\":\"Home\",\"item\":\"https:\\\/\\\/www.villa-kerasia.gr\\\/\"},{\"@type\":\"ListItem\",\"position\":2,\"name\":\"\u00dcber die Villa\"}]},{\"@type\":\"WebSite\",\"@id\":\"https:\\\/\\\/www.villa-kerasia.gr\\\/#website\",\"url\":\"https:\\\/\\\/www.villa-kerasia.gr\\\/\",\"name\":\"Villa Kerasia - Bed &amp; Breakfast in Heraklion of Crete - Villa for Rent in Crete, Holiday Rentals in Crete Greece, Crete Villa Rentals\",\"description\":\"Villa Kerasia - Bed &amp; Breakfast in Heraklion of Crete - Villa for Rent in Crete, Holiday Rentals in Crete Greece, Crete Villa Rentals\",\"publisher\":{\"@id\":\"https:\\\/\\\/www.villa-kerasia.gr\\\/#organization\"},\"potentialAction\":[{\"@type\":\"SearchAction\",\"target\":{\"@type\":\"EntryPoint\",\"urlTemplate\":\"https:\\\/\\\/www.villa-kerasia.gr\\\/?s={search_term_string}\"},\"query-input\":{\"@type\":\"PropertyValueSpecification\",\"valueRequired\":true,\"valueName\":\"search_term_string\"}}],\"inLanguage\":\"de\"},{\"@type\":\"Organization\",\"@id\":\"https:\\\/\\\/www.villa-kerasia.gr\\\/#organization\",\"name\":\"Villa Kerasia\",\"url\":\"https:\\\/\\\/www.villa-kerasia.gr\\\/\",\"logo\":{\"@type\":\"ImageObject\",\"inLanguage\":\"de\",\"@id\":\"https:\\\/\\\/www.villa-kerasia.gr\\\/#\\\/schema\\\/logo\\\/image\\\/\",\"url\":\"https:\\\/\\\/www.villa-kerasia.gr\\\/wp-content\\\/uploads\\\/2021\\\/12\\\/villa-kerasia-logo.png\",\"contentUrl\":\"https:\\\/\\\/www.villa-kerasia.gr\\\/wp-content\\\/uploads\\\/2021\\\/12\\\/villa-kerasia-logo.png\",\"width\":207,\"height\":112,\"caption\":\"Villa Kerasia\"},\"image\":{\"@id\":\"https:\\\/\\\/www.villa-kerasia.gr\\\/#\\\/schema\\\/logo\\\/image\\\/\"},\"sameAs\":[\"https:\\\/\\\/www.facebook.com\\\/villakerasia\\\/\"]}]}<\/script>\n<!-- \/ Yoast SEO plugin. -->","yoast_head_json":{"title":"\u00dcber die Villa - Villa Kerasia - Bed &amp; Breakfast in Heraklion of Crete - Villa for Rent in Crete, Holiday Rentals in Crete Greece, Crete Villa Rentals","robots":{"index":"index","follow":"follow","max-snippet":"max-snippet:-1","max-image-preview":"max-image-preview:large","max-video-preview":"max-video-preview:-1"},"canonical":"https:\/\/www.villa-kerasia.gr\/about\/","og_locale":"de_DE","og_type":"article","og_title":"\u00dcber die Villa - Villa Kerasia - Bed &amp; Breakfast in Heraklion of Crete - Villa for Rent in Crete, Holiday Rentals in Crete Greece, Crete Villa Rentals","og_description":"Die Villa Kerasia befindet sich in der Ansiedlung Vlahiana, 15 km s\u00fcdwestlich der Stadt Heraklion. Sie liegt am s\u00fcd\u00f6stlichen Fu\u00df des Berges Psiloritis, amphitheatrisch auf einer H\u00f6he von 580 Metern und \u00fcberragt die D\u00f6rfer Kerasia, Venerato und Avgeniki in etwa 1 km Entfernung. Die atemberaubende nat\u00fcrliche Sch\u00f6nheit der Gegend wird durch den starken morphologischen Kontrast [&hellip;]","og_url":"https:\/\/www.villa-kerasia.gr\/about\/","og_site_name":"Villa Kerasia - Bed &amp; Breakfast in Heraklion of Crete - Villa for Rent in Crete, Holiday Rentals in Crete Greece, Crete Villa Rentals","article_publisher":"https:\/\/www.facebook.com\/villakerasia\/","article_modified_time":"2023-03-21T10:39:24+00:00","og_image":[{"width":768,"height":577,"url":"https:\/\/www.villa-kerasia.gr\/wp-content\/uploads\/2021\/12\/CF073815-1-768x577-2.jpg","type":"image\/jpeg"}],"twitter_card":"summary_large_image","twitter_misc":{"Gesch\u00e4tzte Lesezeit":"1\u00a0Minute"},"schema":{"@context":"https:\/\/schema.org","@graph":[{"@type":"WebPage","@id":"https:\/\/www.villa-kerasia.gr\/about\/","url":"https:\/\/www.villa-kerasia.gr\/about\/","name":"\u00dcber die Villa - Villa Kerasia - Bed &amp; Breakfast in Heraklion of Crete - Villa for Rent in Crete, Holiday Rentals in Crete Greece, Crete Villa Rentals","isPartOf":{"@id":"https:\/\/www.villa-kerasia.gr\/#website"},"primaryImageOfPage":{"@id":"https:\/\/www.villa-kerasia.gr\/about\/#primaryimage"},"image":{"@id":"https:\/\/www.villa-kerasia.gr\/about\/#primaryimage"},"thumbnailUrl":"https:\/\/www.villa-kerasia.gr\/wp-content\/uploads\/2021\/12\/CF073815-1-768x577-2.jpg","datePublished":"2023-03-20T08:30:52+00:00","dateModified":"2023-03-21T10:39:24+00:00","breadcrumb":{"@id":"https:\/\/www.villa-kerasia.gr\/about\/#breadcrumb"},"inLanguage":"de","potentialAction":[{"@type":"ReadAction","target":["https:\/\/www.villa-kerasia.gr\/about\/"]}]},{"@type":"ImageObject","inLanguage":"de","@id":"https:\/\/www.villa-kerasia.gr\/about\/#primaryimage","url":"https:\/\/www.villa-kerasia.gr\/wp-content\/uploads\/2021\/12\/CF073815-1-768x577-2.jpg","contentUrl":"https:\/\/www.villa-kerasia.gr\/wp-content\/uploads\/2021\/12\/CF073815-1-768x577-2.jpg","width":768,"height":577,"caption":"CF073815 1 768x577 2"},{"@type":"BreadcrumbList","@id":"https:\/\/www.villa-kerasia.gr\/about\/#breadcrumb","itemListElement":[{"@type":"ListItem","position":1,"name":"Home","item":"https:\/\/www.villa-kerasia.gr\/"},{"@type":"ListItem","position":2,"name":"\u00dcber die Villa"}]},{"@type":"WebSite","@id":"https:\/\/www.villa-kerasia.gr\/#website","url":"https:\/\/www.villa-kerasia.gr\/","name":"Villa Kerasia - Bed &amp; Breakfast in Heraklion of Crete - Villa for Rent in Crete, Holiday Rentals in Crete Greece, Crete Villa Rentals","description":"Villa Kerasia - Bed &amp; Breakfast in Heraklion of Crete - Villa for Rent in Crete, Holiday Rentals in Crete Greece, Crete Villa Rentals","publisher":{"@id":"https:\/\/www.villa-kerasia.gr\/#organization"},"potentialAction":[{"@type":"SearchAction","target":{"@type":"EntryPoint","urlTemplate":"https:\/\/www.villa-kerasia.gr\/?s={search_term_string}"},"query-input":{"@type":"PropertyValueSpecification","valueRequired":true,"valueName":"search_term_string"}}],"inLanguage":"de"},{"@type":"Organization","@id":"https:\/\/www.villa-kerasia.gr\/#organization","name":"Villa Kerasia","url":"https:\/\/www.villa-kerasia.gr\/","logo":{"@type":"ImageObject","inLanguage":"de","@id":"https:\/\/www.villa-kerasia.gr\/#\/schema\/logo\/image\/","url":"https:\/\/www.villa-kerasia.gr\/wp-content\/uploads\/2021\/12\/villa-kerasia-logo.png","contentUrl":"https:\/\/www.villa-kerasia.gr\/wp-content\/uploads\/2021\/12\/villa-kerasia-logo.png","width":207,"height":112,"caption":"Villa Kerasia"},"image":{"@id":"https:\/\/www.villa-kerasia.gr\/#\/schema\/logo\/image\/"},"sameAs":["https:\/\/www.facebook.com\/villakerasia\/"]}]}},"_links":{"self":[{"href":"https:\/\/www.villa-kerasia.gr\/de\/wp-json\/wp\/v2\/pages\/1446","targetHints":{"allow":["GET"]}}],"collection":[{"href":"https:\/\/www.villa-kerasia.gr\/de\/wp-json\/wp\/v2\/pages"}],"about":[{"href":"https:\/\/www.villa-kerasia.gr\/de\/wp-json\/wp\/v2\/types\/page"}],"author":[{"embeddable":true,"href":"https:\/\/www.villa-kerasia.gr\/de\/wp-json\/wp\/v2\/users\/2"}],"replies":[{"embeddable":true,"href":"https:\/\/www.villa-kerasia.gr\/de\/wp-json\/wp\/v2\/comments?post=1446"}],"version-history":[{"count":3,"href":"https:\/\/www.villa-kerasia.gr\/de\/wp-json\/wp\/v2\/pages\/1446\/revisions"}],"predecessor-version":[{"id":1472,"href":"https:\/\/www.villa-kerasia.gr\/de\/wp-json\/wp\/v2\/pages\/1446\/revisions\/1472"}],"wp:featuredmedia":[{"embeddable":true,"href":"https:\/\/www.villa-kerasia.gr\/de\/wp-json\/wp\/v2\/media\/1400"}],"wp:attachment":[{"href":"https:\/\/www.villa-kerasia.gr\/de\/wp-json\/wp\/v2\/media?parent=1446"}],"curies":[{"name":"wp","href":"https:\/\/api.w.org\/{rel}","templated":true}]}}