{"id":1493,"date":"2023-03-21T13:12:30","date_gmt":"2023-03-21T11:12:30","guid":{"rendered":"https:\/\/www.villa-kerasia.gr\/veranstaltungen\/"},"modified":"2024-07-24T11:28:21","modified_gmt":"2024-07-24T08:28:21","slug":"veranstaltungen","status":"publish","type":"page","link":"https:\/\/www.villa-kerasia.gr\/de\/veranstaltungen\/","title":{"rendered":"Veranstaltungen"},"content":{"rendered":"\t\t<div data-elementor-type=\"wp-page\" data-elementor-id=\"1493\" class=\"elementor elementor-1493\">\n\t\t\t\t\t\t<section class=\"elementor-section elementor-top-section elementor-element elementor-element-6a5a0051 elementor-section-boxed elementor-section-height-default elementor-section-height-default\" data-id=\"6a5a0051\" data-element_type=\"section\">\n\t\t\t\t\t\t<div class=\"elementor-container elementor-column-gap-default\">\n\t\t\t\t\t<div class=\"elementor-column elementor-col-100 elementor-top-column elementor-element elementor-element-262df396\" data-id=\"262df396\" data-element_type=\"column\">\n\t\t\t<div class=\"elementor-widget-wrap elementor-element-populated\">\n\t\t\t\t\t\t<div class=\"elementor-element elementor-element-4385d0df elementor-widget elementor-widget-text-editor\" data-id=\"4385d0df\" data-element_type=\"widget\" data-widget_type=\"text-editor.default\">\n\t\t\t\t<div class=\"elementor-widget-container\">\n\t\t\t\t\t\t\t\t\t<p>Veralteter Shortcode. Verwende <code><div id=\"vsel\" class=\"vsel-shortcode vsel-shortcode-all-events\"><div id=\"event-1491\" class=\"vsel-content vsel-past\"><h3 class=\"vsel-meta-title\"><a href=\"https:\/\/www.villa-kerasia.gr\/de\/event\/routen-des-weins\/\" rel=\"bookmark\" title=\"Routen des Weins\">Routen des Weins<\/a><\/h3><div class=\"vsel-meta vsel-alignleft\" style=\"width:36%;\"><div class=\"vsel-meta-date vsel-meta-single-date\">Datum: <span>August 19, 2021<\/span><\/div><div class=\"vsel-meta-time\">Uhrzeit: <span>12:00 a.m. - 12:00 a.m.<\/span><\/div><div class=\"vsel-meta-location\">Ort: <span>Heraklion, Dafnes, Venerato, Siva, Avgeniki, Agios Thomas<\/span><\/div><\/div><div class=\"vsel-info vsel-alignright\" style=\"width:60%;\"><figure class=\"vsel-image vsel-alignright\" style=\"max-width:40%\"><a href=\"https:\/\/www.villa-kerasia.gr\/de\/event\/routen-des-weins\/\" rel=\"bookmark\"><img fetchpriority=\"high\" decoding=\"async\" width=\"614\" height=\"275\" src=\"https:\/\/www.villa-kerasia.gr\/wp-content\/uploads\/2021\/12\/wine_routes2.jpg\" class=\"vsel-image-img wp-post-image\" alt=\"wine routes2\" srcset=\"https:\/\/www.villa-kerasia.gr\/wp-content\/uploads\/2021\/12\/wine_routes2.jpg 614w, https:\/\/www.villa-kerasia.gr\/wp-content\/uploads\/2021\/12\/wine_routes2-300x134.jpg 300w\" sizes=\"(max-width: 614px) 100vw, 614px\" \/><figcaption class=\"vsel-caption\">wine routes2<\/figcaption><\/a><\/figure><div class=\"vsel-text\"><p>Die Weinstra\u00dfen der Pr\u00e4fektur Heraklion bilden ein integriertes Routennetz, das die gesamte Weinbauregion Kretas abdeckt und fast alle f\u00fcr die \u00d6ffentlichkeit zug\u00e4nglichen Weinkellereien einschlie\u00dft.<br \/>\nHeute bilden die Routen eine einheitliche Pilotroute, die an den Ausfahrten aus der Stadt Heraklion auf die Nationalstra\u00dfe, an der Knossou Allee im Osten und an der Estavromenos (Kreuzung Giofyros) im Westen der Stadt beginnt.<\/p>\n<\/div><\/div><\/div><div id=\"event-1495\" class=\"vsel-content vsel-past\"><h3 class=\"vsel-meta-title\"><a href=\"https:\/\/www.villa-kerasia.gr\/de\/event\/internationales-bildhauerei-symposium\/\" rel=\"bookmark\" title=\"Internationales Bildhauerei-Symposium\">Internationales Bildhauerei-Symposium<\/a><\/h3><div class=\"vsel-meta vsel-alignleft\" style=\"width:36%;\"><div class=\"vsel-meta-date vsel-meta-single-date\">Datum: <span>Juli 2, 2021<\/span><\/div><div class=\"vsel-meta-time\">Uhrzeit: <span>12:00 a.m. - 12:00 a.m.<\/span><\/div><div class=\"vsel-meta-location\">Ort: <span>Venerato<\/span><\/div><\/div><div class=\"vsel-info vsel-alignright\" style=\"width:60%;\"><figure class=\"vsel-image vsel-alignright\" style=\"max-width:40%\"><a href=\"https:\/\/www.villa-kerasia.gr\/de\/event\/internationales-bildhauerei-symposium\/\" rel=\"bookmark\"><img decoding=\"async\" width=\"614\" height=\"186\" src=\"https:\/\/www.villa-kerasia.gr\/wp-content\/uploads\/2021\/12\/sculpture2.jpg\" class=\"vsel-image-img wp-post-image\" alt=\"sculpture2\" srcset=\"https:\/\/www.villa-kerasia.gr\/wp-content\/uploads\/2021\/12\/sculpture2.jpg 614w, https:\/\/www.villa-kerasia.gr\/wp-content\/uploads\/2021\/12\/sculpture2-300x91.jpg 300w\" sizes=\"(max-width: 614px) 100vw, 614px\" \/><figcaption class=\"vsel-caption\">sculpture2<\/figcaption><\/a><\/figure><div class=\"vsel-text\"><p>Der Traum der Einwohner von Paliani, die Institution des Internationalen Bildhauersymposiums zu erhalten und eine gro\u00dfe Skulpturengalerie im Freien zu schaffen, die der \u00d6ffentlichkeit zug\u00e4nglich ist, wird langsam aber sicher wahr!<br \/>\nDas Internationale Bildhauersymposium von Paliani findet auf einem eigens daf\u00fcr vorgesehenen Gel\u00e4nde in Venerato statt. Das Symposium wird normalerweise von der Stadtverwaltung von Heraklion unterst\u00fctzt. <\/p>\n<\/div><\/div><\/div><div id=\"event-1494\" class=\"vsel-content vsel-past\"><h3 class=\"vsel-meta-title\"><a href=\"https:\/\/www.villa-kerasia.gr\/de\/event\/weinfest\/\" rel=\"bookmark\" title=\"Weinfest\">Weinfest<\/a><\/h3><div class=\"vsel-meta vsel-alignleft\" style=\"width:36%;\"><div class=\"vsel-meta-date vsel-meta-single-date\">Datum: <span>Juni 25, 2021<\/span><\/div><div class=\"vsel-meta-time\">Uhrzeit: <span>12:00 a.m. - 12:00 a.m.<\/span><\/div><div class=\"vsel-meta-location\">Ort: <span>Dafnes Heraklion Crete<\/span><\/div><\/div><div class=\"vsel-info vsel-alignright\" style=\"width:60%;\"><figure class=\"vsel-image vsel-alignright\" style=\"max-width:40%\"><a href=\"https:\/\/www.villa-kerasia.gr\/de\/event\/weinfest\/\" rel=\"bookmark\"><img decoding=\"async\" width=\"620\" height=\"275\" src=\"https:\/\/www.villa-kerasia.gr\/wp-content\/uploads\/2021\/12\/dafnes_giorti_krasiou.jpg\" class=\"vsel-image-img wp-post-image\" alt=\"dafnes giorti krasiou\" srcset=\"https:\/\/www.villa-kerasia.gr\/wp-content\/uploads\/2021\/12\/dafnes_giorti_krasiou.jpg 620w, https:\/\/www.villa-kerasia.gr\/wp-content\/uploads\/2021\/12\/dafnes_giorti_krasiou-300x133.jpg 300w\" sizes=\"(max-width: 620px) 100vw, 620px\" \/><figcaption class=\"vsel-caption\">dafnes giorti krasiou<\/figcaption><\/a><\/figure><div class=\"vsel-text\"><p>Das Weinfest von Dafnes wurde 1976 ins Leben gerufen. Die Veranstaltung dauert etwa zehn bis f\u00fcnfzehn Tage und findet jedes Jahr in den ersten f\u00fcnfzehn Julitagen auf dem Dorfplatz statt, wo die Besucher eingeladen sind, aus den feinen Weinen von Dafnes zu w\u00e4hlen und zu trinken, der reichlich und kostenlos angeboten wird.<\/p>\n<\/div><\/div><\/div><div class=\"vsel-nav\"><\/div><\/div><\/code> stattdessen.<\/p>\t\t\t\t\t\t\t\t<\/div>\n\t\t\t\t<\/div>\n\t\t\t\t\t<\/div>\n\t\t<\/div>\n\t\t\t\t\t<\/div>\n\t\t<\/section>\n\t\t\t\t<\/div>\n\t\t","protected":false},"excerpt":{"rendered":"","protected":false},"author":2,"featured_media":0,"parent":0,"menu_order":0,"comment_status":"closed","ping_status":"closed","template":"","meta":{"inline_featured_image":false,"footnotes":""},"class_list":["post-1493","page","type-page","status-publish","hentry"],"yoast_head":"<!-- This site is optimized with the Yoast SEO plugin v27.4 - https:\/\/yoast.com\/product\/yoast-seo-wordpress\/ -->\n<title>Veranstaltungen - Villa Kerasia - Bed &amp; Breakfast in Heraklion of Crete - Villa for Rent in Crete, Holiday Rentals in Crete Greece, Crete Villa Rentals<\/title>\n<meta name=\"robots\" content=\"index, follow, max-snippet:-1, max-image-preview:large, max-video-preview:-1\" \/>\n<link rel=\"canonical\" href=\"https:\/\/www.villa-kerasia.gr\/events\/\" \/>\n<meta property=\"og:locale\" content=\"de_DE\" \/>\n<meta property=\"og:type\" content=\"article\" \/>\n<meta property=\"og:title\" content=\"Veranstaltungen - Villa Kerasia - Bed &amp; Breakfast in Heraklion of Crete - Villa for Rent in Crete, Holiday Rentals in Crete Greece, Crete Villa Rentals\" \/>\n<meta property=\"og:url\" content=\"https:\/\/www.villa-kerasia.gr\/events\/\" \/>\n<meta property=\"og:site_name\" content=\"Villa Kerasia - Bed &amp; Breakfast in Heraklion of Crete - Villa for Rent in Crete, Holiday Rentals in Crete Greece, Crete Villa Rentals\" \/>\n<meta property=\"article:publisher\" content=\"https:\/\/www.facebook.com\/villakerasia\/\" \/>\n<meta property=\"article:modified_time\" content=\"2024-07-24T08:28:21+00:00\" \/>\n<meta property=\"og:image\" content=\"https:\/\/www.villa-kerasia.gr\/wp-content\/uploads\/2021\/12\/First.jpg\" \/>\n\t<meta property=\"og:image:width\" content=\"1400\" \/>\n\t<meta property=\"og:image:height\" content=\"1050\" \/>\n\t<meta property=\"og:image:type\" content=\"image\/jpeg\" \/>\n<meta name=\"twitter:card\" content=\"summary_large_image\" \/>\n<meta name=\"twitter:label1\" content=\"Gesch\u00e4tzte Lesezeit\" \/>\n\t<meta name=\"twitter:data1\" content=\"1\u00a0Minute\" \/>\n<script type=\"application\/ld+json\" class=\"yoast-schema-graph\">{\"@context\":\"https:\\\/\\\/schema.org\",\"@graph\":[{\"@type\":\"WebPage\",\"@id\":\"https:\\\/\\\/www.villa-kerasia.gr\\\/events\\\/\",\"url\":\"https:\\\/\\\/www.villa-kerasia.gr\\\/events\\\/\",\"name\":\"Veranstaltungen - Villa Kerasia - Bed &amp; Breakfast in Heraklion of Crete - Villa for Rent in Crete, Holiday Rentals in Crete Greece, Crete Villa Rentals\",\"isPartOf\":{\"@id\":\"https:\\\/\\\/www.villa-kerasia.gr\\\/#website\"},\"datePublished\":\"2023-03-21T11:12:30+00:00\",\"dateModified\":\"2024-07-24T08:28:21+00:00\",\"breadcrumb\":{\"@id\":\"https:\\\/\\\/www.villa-kerasia.gr\\\/events\\\/#breadcrumb\"},\"inLanguage\":\"de\",\"potentialAction\":[{\"@type\":\"ReadAction\",\"target\":[\"https:\\\/\\\/www.villa-kerasia.gr\\\/events\\\/\"]}]},{\"@type\":\"BreadcrumbList\",\"@id\":\"https:\\\/\\\/www.villa-kerasia.gr\\\/events\\\/#breadcrumb\",\"itemListElement\":[{\"@type\":\"ListItem\",\"position\":1,\"name\":\"Home\",\"item\":\"https:\\\/\\\/www.villa-kerasia.gr\\\/\"},{\"@type\":\"ListItem\",\"position\":2,\"name\":\"Veranstaltungen\"}]},{\"@type\":\"WebSite\",\"@id\":\"https:\\\/\\\/www.villa-kerasia.gr\\\/#website\",\"url\":\"https:\\\/\\\/www.villa-kerasia.gr\\\/\",\"name\":\"Villa Kerasia - Bed &amp; Breakfast in Heraklion of Crete - Villa for Rent in Crete, Holiday Rentals in Crete Greece, Crete Villa Rentals\",\"description\":\"Villa Kerasia - Bed &amp; Breakfast in Heraklion of Crete - Villa for Rent in Crete, Holiday Rentals in Crete Greece, Crete Villa Rentals\",\"publisher\":{\"@id\":\"https:\\\/\\\/www.villa-kerasia.gr\\\/#organization\"},\"potentialAction\":[{\"@type\":\"SearchAction\",\"target\":{\"@type\":\"EntryPoint\",\"urlTemplate\":\"https:\\\/\\\/www.villa-kerasia.gr\\\/?s={search_term_string}\"},\"query-input\":{\"@type\":\"PropertyValueSpecification\",\"valueRequired\":true,\"valueName\":\"search_term_string\"}}],\"inLanguage\":\"de\"},{\"@type\":\"Organization\",\"@id\":\"https:\\\/\\\/www.villa-kerasia.gr\\\/#organization\",\"name\":\"Villa Kerasia\",\"url\":\"https:\\\/\\\/www.villa-kerasia.gr\\\/\",\"logo\":{\"@type\":\"ImageObject\",\"inLanguage\":\"de\",\"@id\":\"https:\\\/\\\/www.villa-kerasia.gr\\\/#\\\/schema\\\/logo\\\/image\\\/\",\"url\":\"https:\\\/\\\/www.villa-kerasia.gr\\\/wp-content\\\/uploads\\\/2021\\\/12\\\/villa-kerasia-logo.png\",\"contentUrl\":\"https:\\\/\\\/www.villa-kerasia.gr\\\/wp-content\\\/uploads\\\/2021\\\/12\\\/villa-kerasia-logo.png\",\"width\":207,\"height\":112,\"caption\":\"Villa Kerasia\"},\"image\":{\"@id\":\"https:\\\/\\\/www.villa-kerasia.gr\\\/#\\\/schema\\\/logo\\\/image\\\/\"},\"sameAs\":[\"https:\\\/\\\/www.facebook.com\\\/villakerasia\\\/\"]}]}<\/script>\n<!-- \/ Yoast SEO plugin. -->","yoast_head_json":{"title":"Veranstaltungen - Villa Kerasia - Bed &amp; Breakfast in Heraklion of Crete - Villa for Rent in Crete, Holiday Rentals in Crete Greece, Crete Villa Rentals","robots":{"index":"index","follow":"follow","max-snippet":"max-snippet:-1","max-image-preview":"max-image-preview:large","max-video-preview":"max-video-preview:-1"},"canonical":"https:\/\/www.villa-kerasia.gr\/events\/","og_locale":"de_DE","og_type":"article","og_title":"Veranstaltungen - Villa Kerasia - Bed &amp; Breakfast in Heraklion of Crete - Villa for Rent in Crete, Holiday Rentals in Crete Greece, Crete Villa Rentals","og_url":"https:\/\/www.villa-kerasia.gr\/events\/","og_site_name":"Villa Kerasia - Bed &amp; Breakfast in Heraklion of Crete - Villa for Rent in Crete, Holiday Rentals in Crete Greece, Crete Villa Rentals","article_publisher":"https:\/\/www.facebook.com\/villakerasia\/","article_modified_time":"2024-07-24T08:28:21+00:00","og_image":[{"width":1400,"height":1050,"url":"https:\/\/www.villa-kerasia.gr\/wp-content\/uploads\/2021\/12\/First.jpg","type":"image\/jpeg"}],"twitter_card":"summary_large_image","twitter_misc":{"Gesch\u00e4tzte Lesezeit":"1\u00a0Minute"},"schema":{"@context":"https:\/\/schema.org","@graph":[{"@type":"WebPage","@id":"https:\/\/www.villa-kerasia.gr\/events\/","url":"https:\/\/www.villa-kerasia.gr\/events\/","name":"Veranstaltungen - Villa Kerasia - Bed &amp; Breakfast in Heraklion of Crete - Villa for Rent in Crete, Holiday Rentals in Crete Greece, Crete Villa Rentals","isPartOf":{"@id":"https:\/\/www.villa-kerasia.gr\/#website"},"datePublished":"2023-03-21T11:12:30+00:00","dateModified":"2024-07-24T08:28:21+00:00","breadcrumb":{"@id":"https:\/\/www.villa-kerasia.gr\/events\/#breadcrumb"},"inLanguage":"de","potentialAction":[{"@type":"ReadAction","target":["https:\/\/www.villa-kerasia.gr\/events\/"]}]},{"@type":"BreadcrumbList","@id":"https:\/\/www.villa-kerasia.gr\/events\/#breadcrumb","itemListElement":[{"@type":"ListItem","position":1,"name":"Home","item":"https:\/\/www.villa-kerasia.gr\/"},{"@type":"ListItem","position":2,"name":"Veranstaltungen"}]},{"@type":"WebSite","@id":"https:\/\/www.villa-kerasia.gr\/#website","url":"https:\/\/www.villa-kerasia.gr\/","name":"Villa Kerasia - Bed &amp; Breakfast in Heraklion of Crete - Villa for Rent in Crete, Holiday Rentals in Crete Greece, Crete Villa Rentals","description":"Villa Kerasia - Bed &amp; Breakfast in Heraklion of Crete - Villa for Rent in Crete, Holiday Rentals in Crete Greece, Crete Villa Rentals","publisher":{"@id":"https:\/\/www.villa-kerasia.gr\/#organization"},"potentialAction":[{"@type":"SearchAction","target":{"@type":"EntryPoint","urlTemplate":"https:\/\/www.villa-kerasia.gr\/?s={search_term_string}"},"query-input":{"@type":"PropertyValueSpecification","valueRequired":true,"valueName":"search_term_string"}}],"inLanguage":"de"},{"@type":"Organization","@id":"https:\/\/www.villa-kerasia.gr\/#organization","name":"Villa Kerasia","url":"https:\/\/www.villa-kerasia.gr\/","logo":{"@type":"ImageObject","inLanguage":"de","@id":"https:\/\/www.villa-kerasia.gr\/#\/schema\/logo\/image\/","url":"https:\/\/www.villa-kerasia.gr\/wp-content\/uploads\/2021\/12\/villa-kerasia-logo.png","contentUrl":"https:\/\/www.villa-kerasia.gr\/wp-content\/uploads\/2021\/12\/villa-kerasia-logo.png","width":207,"height":112,"caption":"Villa Kerasia"},"image":{"@id":"https:\/\/www.villa-kerasia.gr\/#\/schema\/logo\/image\/"},"sameAs":["https:\/\/www.facebook.com\/villakerasia\/"]}]}},"_links":{"self":[{"href":"https:\/\/www.villa-kerasia.gr\/de\/wp-json\/wp\/v2\/pages\/1493","targetHints":{"allow":["GET"]}}],"collection":[{"href":"https:\/\/www.villa-kerasia.gr\/de\/wp-json\/wp\/v2\/pages"}],"about":[{"href":"https:\/\/www.villa-kerasia.gr\/de\/wp-json\/wp\/v2\/types\/page"}],"author":[{"embeddable":true,"href":"https:\/\/www.villa-kerasia.gr\/de\/wp-json\/wp\/v2\/users\/2"}],"replies":[{"embeddable":true,"href":"https:\/\/www.villa-kerasia.gr\/de\/wp-json\/wp\/v2\/comments?post=1493"}],"version-history":[{"count":3,"href":"https:\/\/www.villa-kerasia.gr\/de\/wp-json\/wp\/v2\/pages\/1493\/revisions"}],"predecessor-version":[{"id":1820,"href":"https:\/\/www.villa-kerasia.gr\/de\/wp-json\/wp\/v2\/pages\/1493\/revisions\/1820"}],"wp:attachment":[{"href":"https:\/\/www.villa-kerasia.gr\/de\/wp-json\/wp\/v2\/media?parent=1493"}],"curies":[{"name":"wp","href":"https:\/\/api.w.org\/{rel}","templated":true}]}}