{"id":1525,"date":"2023-04-04T11:43:36","date_gmt":"2023-04-04T08:43:36","guid":{"rendered":"https:\/\/www.villa-kerasia.gr\/faq\/"},"modified":"2023-04-04T12:09:00","modified_gmt":"2023-04-04T09:09:00","slug":"faq","status":"publish","type":"page","link":"https:\/\/www.villa-kerasia.gr\/de\/faq\/","title":{"rendered":"FAQ"},"content":{"rendered":"\t\t<div data-elementor-type=\"wp-page\" data-elementor-id=\"1525\" class=\"elementor elementor-1525\">\n\t\t\t\t\t\t<section class=\"elementor-section elementor-top-section elementor-element elementor-element-aa95cdc elementor-section-boxed elementor-section-height-default elementor-section-height-default\" data-id=\"aa95cdc\" data-element_type=\"section\">\n\t\t\t\t\t\t<div class=\"elementor-container elementor-column-gap-default\">\n\t\t\t\t\t<div class=\"elementor-column elementor-col-100 elementor-top-column elementor-element elementor-element-79999d1\" data-id=\"79999d1\" data-element_type=\"column\">\n\t\t\t<div class=\"elementor-widget-wrap elementor-element-populated\">\n\t\t\t\t\t\t<div class=\"elementor-element elementor-element-f419d80 elementor-widget elementor-widget-heading\" data-id=\"f419d80\" data-element_type=\"widget\" data-widget_type=\"heading.default\">\n\t\t\t\t<div class=\"elementor-widget-container\">\n\t\t\t\t\t<h2 class=\"elementor-heading-title elementor-size-default\">H\u00e4ufig gestellte Fragen<\/h2>\t\t\t\t<\/div>\n\t\t\t\t<\/div>\n\t\t\t\t<div class=\"elementor-element elementor-element-0b4b636 elementor-widget elementor-widget-text-editor\" data-id=\"0b4b636\" data-element_type=\"widget\" data-widget_type=\"text-editor.default\">\n\t\t\t\t<div class=\"elementor-widget-container\">\n\t\t\t\t\t\t\t\t\t<p>Bitte werfen Sie einen Blick auf unsere Rubrik \u201eH\u00e4ufig gestellte Fragen\u201c:<\/p>\t\t\t\t\t\t\t\t<\/div>\n\t\t\t\t<\/div>\n\t\t\t\t<div class=\"elementor-element elementor-element-02ee8b4 elementor-widget elementor-widget-toggle\" data-id=\"02ee8b4\" data-element_type=\"widget\" data-widget_type=\"toggle.default\">\n\t\t\t\t<div class=\"elementor-widget-container\">\n\t\t\t\t\t\t\t<div class=\"elementor-toggle\">\n\t\t\t\t\t\t\t<div class=\"elementor-toggle-item\">\n\t\t\t\t\t<div id=\"elementor-tab-title-3071\" class=\"elementor-tab-title\" data-tab=\"1\" role=\"button\" aria-controls=\"elementor-tab-content-3071\" aria-expanded=\"false\">\n\t\t\t\t\t\t\t\t\t\t\t\t<span class=\"elementor-toggle-icon elementor-toggle-icon-left\" aria-hidden=\"true\">\n\t\t\t\t\t\t\t\t\t\t\t\t\t\t\t<span class=\"elementor-toggle-icon-closed\"><i class=\"fas fa-caret-right\"><\/i><\/span>\n\t\t\t\t\t\t\t\t<span class=\"elementor-toggle-icon-opened\"><i class=\"elementor-toggle-icon-opened fas fa-caret-up\"><\/i><\/span>\n\t\t\t\t\t\t\t\t\t\t\t\t\t<\/span>\n\t\t\t\t\t\t\t\t\t\t\t\t<a class=\"elementor-toggle-title\" tabindex=\"0\">Welche Arten von Mahlzeiten werden angeboten?<\/a>\n\t\t\t\t\t<\/div>\n\n\t\t\t\t\t<div id=\"elementor-tab-content-3071\" class=\"elementor-tab-content elementor-clearfix\" data-tab=\"1\" role=\"region\" aria-labelledby=\"elementor-tab-title-3071\"><p>Wir bieten Fr\u00fchst\u00fcck und Abendessen auf Anfrage an.<\/p><p>Das komplette kretische Fr\u00fchst\u00fcck umfasst: Kaffee oder Tee, Orangensaft, Obstteller, Marmeladen und Butter.<\/p><p>Wir bieten ebenso Kochkurse an.<\/p><\/div>\n\t\t\t\t<\/div>\n\t\t\t\t\t\t\t<div class=\"elementor-toggle-item\">\n\t\t\t\t\t<div id=\"elementor-tab-title-3072\" class=\"elementor-tab-title\" data-tab=\"2\" role=\"button\" aria-controls=\"elementor-tab-content-3072\" aria-expanded=\"false\">\n\t\t\t\t\t\t\t\t\t\t\t\t<span class=\"elementor-toggle-icon elementor-toggle-icon-left\" aria-hidden=\"true\">\n\t\t\t\t\t\t\t\t\t\t\t\t\t\t\t<span class=\"elementor-toggle-icon-closed\"><i class=\"fas fa-caret-right\"><\/i><\/span>\n\t\t\t\t\t\t\t\t<span class=\"elementor-toggle-icon-opened\"><i class=\"elementor-toggle-icon-opened fas fa-caret-up\"><\/i><\/span>\n\t\t\t\t\t\t\t\t\t\t\t\t\t<\/span>\n\t\t\t\t\t\t\t\t\t\t\t\t<a class=\"elementor-toggle-title\" tabindex=\"0\">Wie sind die Regeln der Villa f\u00fcr den Zeitpunkt des Ein- und Auscheckens?<\/a>\n\t\t\t\t\t<\/div>\n\n\t\t\t\t\t<div id=\"elementor-tab-content-3072\" class=\"elementor-tab-content elementor-clearfix\" data-tab=\"2\" role=\"region\" aria-labelledby=\"elementor-tab-title-3072\"><p>Zeit des Eincheckens: ab 14:00 Uhr \/ Zeit des Auscheckens: 08:00-11:00 Uhr. Ein sp\u00e4teres Auschecken kann nach Verf\u00fcgbarkeit bis 16:00 Uhr arrangiert werden. *Es k\u00f6nnen Geb\u00fchren f\u00fcr ein sp\u00e4teres Auschecken anfallen.<\/p><p>\u00a0<\/p><p>\u00a0<\/p><p>Bitte beachten Sie, dass Anfragen f\u00fcr ein fr\u00fches Einchecken oder ein sp\u00e4tes Auschecken je nach Verf\u00fcgbarkeit vereinbart werden. Wenn die Villa ausgebucht ist, k\u00f6nnen wir Ihre Anfrage m\u00f6glicherweise nicht erf\u00fcllen. Wir bieten Ihnen jedoch an, Ihr Gep\u00e4ck sicher aufzubewahren und Sie sind nat\u00fcrlich herzlich eingeladen, die Einrichtungen der Villa zu nutzen, bis Ihr Zimmer frei wird.<\/p><\/div>\n\t\t\t\t<\/div>\n\t\t\t\t\t\t\t<div class=\"elementor-toggle-item\">\n\t\t\t\t\t<div id=\"elementor-tab-title-3073\" class=\"elementor-tab-title\" data-tab=\"3\" role=\"button\" aria-controls=\"elementor-tab-content-3073\" aria-expanded=\"false\">\n\t\t\t\t\t\t\t\t\t\t\t\t<span class=\"elementor-toggle-icon elementor-toggle-icon-left\" aria-hidden=\"true\">\n\t\t\t\t\t\t\t\t\t\t\t\t\t\t\t<span class=\"elementor-toggle-icon-closed\"><i class=\"fas fa-caret-right\"><\/i><\/span>\n\t\t\t\t\t\t\t\t<span class=\"elementor-toggle-icon-opened\"><i class=\"elementor-toggle-icon-opened fas fa-caret-up\"><\/i><\/span>\n\t\t\t\t\t\t\t\t\t\t\t\t\t<\/span>\n\t\t\t\t\t\t\t\t\t\t\t\t<a class=\"elementor-toggle-title\" tabindex=\"0\">Wie hoch ist die maximale Belegung f\u00fcr unsere Suiten?<\/a>\n\t\t\t\t\t<\/div>\n\n\t\t\t\t\t<div id=\"elementor-tab-content-3073\" class=\"elementor-tab-content elementor-clearfix\" data-tab=\"3\" role=\"region\" aria-labelledby=\"elementor-tab-title-3073\"><p>Die maximale Belegung unserer Suiten betr\u00e4gt 4 Erwachsene, mit einem Kingsize-Bett oder zwei Einzelbetten und einem Schlafsofa, das als Einzel- oder Doppelbett aufgestellt werden kann.<\/p><\/div>\n\t\t\t\t<\/div>\n\t\t\t\t\t\t\t<div class=\"elementor-toggle-item\">\n\t\t\t\t\t<div id=\"elementor-tab-title-3074\" class=\"elementor-tab-title\" data-tab=\"4\" role=\"button\" aria-controls=\"elementor-tab-content-3074\" aria-expanded=\"false\">\n\t\t\t\t\t\t\t\t\t\t\t\t<span class=\"elementor-toggle-icon elementor-toggle-icon-left\" aria-hidden=\"true\">\n\t\t\t\t\t\t\t\t\t\t\t\t\t\t\t<span class=\"elementor-toggle-icon-closed\"><i class=\"fas fa-caret-right\"><\/i><\/span>\n\t\t\t\t\t\t\t\t<span class=\"elementor-toggle-icon-opened\"><i class=\"elementor-toggle-icon-opened fas fa-caret-up\"><\/i><\/span>\n\t\t\t\t\t\t\t\t\t\t\t\t\t<\/span>\n\t\t\t\t\t\t\t\t\t\t\t\t<a class=\"elementor-toggle-title\" tabindex=\"0\">Wie w\u00e4re es in der Gegend zu Abend zu essen?<\/a>\n\t\t\t\t\t<\/div>\n\n\t\t\t\t\t<div id=\"elementor-tab-content-3074\" class=\"elementor-tab-content elementor-clearfix\" data-tab=\"4\" role=\"region\" aria-labelledby=\"elementor-tab-title-3074\"><p>Nur 5 Autominuten von der Villa entfernt finden Sie Tavernen in den nahen gelegenen D\u00f6rfern (1 km).<\/p><\/div>\n\t\t\t\t<\/div>\n\t\t\t\t\t\t\t<div class=\"elementor-toggle-item\">\n\t\t\t\t\t<div id=\"elementor-tab-title-3075\" class=\"elementor-tab-title\" data-tab=\"5\" role=\"button\" aria-controls=\"elementor-tab-content-3075\" aria-expanded=\"false\">\n\t\t\t\t\t\t\t\t\t\t\t\t<span class=\"elementor-toggle-icon elementor-toggle-icon-left\" aria-hidden=\"true\">\n\t\t\t\t\t\t\t\t\t\t\t\t\t\t\t<span class=\"elementor-toggle-icon-closed\"><i class=\"fas fa-caret-right\"><\/i><\/span>\n\t\t\t\t\t\t\t\t<span class=\"elementor-toggle-icon-opened\"><i class=\"elementor-toggle-icon-opened fas fa-caret-up\"><\/i><\/span>\n\t\t\t\t\t\t\t\t\t\t\t\t\t<\/span>\n\t\t\t\t\t\t\t\t\t\t\t\t<a class=\"elementor-toggle-title\" tabindex=\"0\">So erreichen Sie die Villa Kerasia vom Flughafen Heraklion aus:<\/a>\n\t\t\t\t\t<\/div>\n\n\t\t\t\t\t<div id=\"elementor-tab-content-3075\" class=\"elementor-tab-content elementor-clearfix\" data-tab=\"5\" role=\"region\" aria-labelledby=\"elementor-tab-title-3075\"><p>&#8211; Verlassen Sie den Flughafen und fahren Sie 500 Meter geradeaus. Fahren Sie auf die Autobahn und biegen Sie rechts in Richtung Heraklion ab.<\/p><p>&#8211; Fahren Sie geradeaus und ignorieren Sie die Schilder f\u00fcr Heraklion.<\/p><p>&#8211; Nach etwa vier (4) Kilometern ignorieren Sie das erste Ausfahrtsschild nach Heraklion und nehmen nach 50 Metern die n\u00e4chste Ausfahrt nach Mires\/Moires.<\/p><p>&#8211; Fahren Sie dort ab und biegen Sie rechts ab.<\/p><p>&#8211; Fahren Sie auf dieser Stra\u00dfe weiter und folgen Sie den Schildern nach Agia Varvara und Mires\/Moires.<\/p><p>&#8211; Wenn Sie die Ausfahrt (16 km) nach Venerato erreichen, haben Sie Ihr Ziel fast erreicht.<\/p><p>&#8211; Dies ist ein sehr kleines Dorf, fahren Sie langsam und Sie werden das Schild nach Kerasia und Asites sehen. Biegen Sie rechts ab und stellen Sie Ihren Kilometerz\u00e4hler auf null. Sie haben jetzt nur noch 2,2 Kilometer zu fahren.<\/p><p>&#8211; Folgen Sie der Stra\u00dfe langsam den H\u00fcgel hinauf, vorbei an dem kleinen Dorf Kerasia.<\/p><p>&#8211; Fahren Sie weiter den H\u00fcgel hinauf und auf der linken Seite k\u00f6nnen Sie die Villa erahnen.<\/p><p>&#8211; Biegen Sie nach 2,2 Kilometern links ab und Sie sind da.<\/p><p>&#8211; Auf der rechten Seite befindet sich ein kleiner Parkplatz f\u00fcr die G\u00e4ste.<\/p><\/div>\n\t\t\t\t<\/div>\n\t\t\t\t\t\t\t<div class=\"elementor-toggle-item\">\n\t\t\t\t\t<div id=\"elementor-tab-title-3076\" class=\"elementor-tab-title\" data-tab=\"6\" role=\"button\" aria-controls=\"elementor-tab-content-3076\" aria-expanded=\"false\">\n\t\t\t\t\t\t\t\t\t\t\t\t<span class=\"elementor-toggle-icon elementor-toggle-icon-left\" aria-hidden=\"true\">\n\t\t\t\t\t\t\t\t\t\t\t\t\t\t\t<span class=\"elementor-toggle-icon-closed\"><i class=\"fas fa-caret-right\"><\/i><\/span>\n\t\t\t\t\t\t\t\t<span class=\"elementor-toggle-icon-opened\"><i class=\"elementor-toggle-icon-opened fas fa-caret-up\"><\/i><\/span>\n\t\t\t\t\t\t\t\t\t\t\t\t\t<\/span>\n\t\t\t\t\t\t\t\t\t\t\t\t<a class=\"elementor-toggle-title\" tabindex=\"0\">So erreichen Sie die Villa Kerasia vom Hafen von Heraklion aus<\/a>\n\t\t\t\t\t<\/div>\n\n\t\t\t\t\t<div id=\"elementor-tab-content-3076\" class=\"elementor-tab-content elementor-clearfix\" data-tab=\"6\" role=\"region\" aria-labelledby=\"elementor-tab-title-3076\"><p>&#8211; Verlassen Sie den Hafen und biegen Sie sofort rechts ab.<\/p><p>&#8211; Fahren Sie auf der Autobahn in Richtung Westen, entlang der K\u00fcste.<\/p><p>&#8211; Sie befinden sich jetzt auf der richtigen Route, folgen Sie ihr einfach weiter. Nach etwa 2 Kilometern sehen Sie ein Schild nach Mires\/Moires und Tympaki.<\/p><p>&#8211; Folgen Sie der Autobahn, bis Sie die Ausfahrt (16 km) nach Venerato erreichen.<\/p><p>&#8211; Dies ist ein sehr kleines Dorf. Fahren Sie langsam und Sie werden das Schild nach Kerasia und Asites sehen. Biegen Sie rechts ab und stellen Sie Ihren Kilometerz\u00e4hler auf null. Sie haben jetzt nur noch 2,2 Kilometer zu fahren.<\/p><p>&#8211; Folgen Sie der Stra\u00dfe langsam den H\u00fcgel hinauf, vorbei an dem kleinen Dorf Kerasia.<\/p><p>&#8211; Fahren Sie weiter den H\u00fcgel hinauf, und auf der linken Seite k\u00f6nnen Sie die Villa sehen.<\/p><p>&#8211; Biegen Sie nach 2,2 Kilometern links ab und Sie sind da.<\/p><p>&#8211; Auf der rechten Seite befindet sich ein kleiner Parkplatz f\u00fcr die G\u00e4ste.<\/p><\/div>\n\t\t\t\t<\/div>\n\t\t\t\t\t\t\t\t<\/div>\n\t\t\t\t\t\t<\/div>\n\t\t\t\t<\/div>\n\t\t\t\t\t<\/div>\n\t\t<\/div>\n\t\t\t\t\t<\/div>\n\t\t<\/section>\n\t\t\t\t<section class=\"elementor-section elementor-top-section elementor-element elementor-element-b1ebb53 elementor-section-boxed elementor-section-height-default elementor-section-height-default\" data-id=\"b1ebb53\" data-element_type=\"section\">\n\t\t\t\t\t\t<div class=\"elementor-container elementor-column-gap-default\">\n\t\t\t\t\t<div class=\"elementor-column elementor-col-100 elementor-top-column elementor-element elementor-element-8589e5c\" data-id=\"8589e5c\" data-element_type=\"column\">\n\t\t\t<div class=\"elementor-widget-wrap\">\n\t\t\t\t\t\t\t<\/div>\n\t\t<\/div>\n\t\t\t\t\t<\/div>\n\t\t<\/section>\n\t\t\t\t<\/div>\n\t\t","protected":false},"excerpt":{"rendered":"<p>H\u00e4ufig gestellte Fragen Bitte werfen Sie einen Blick auf unsere Rubrik \u201eH\u00e4ufig gestellte Fragen\u201c: Welche Arten von Mahlzeiten werden angeboten? Wir bieten Fr\u00fchst\u00fcck und Abendessen auf Anfrage an. Das komplette kretische Fr\u00fchst\u00fcck umfasst: Kaffee oder Tee, Orangensaft, Obstteller, Marmeladen und Butter. Wir bieten ebenso Kochkurse an. Wie sind die Regeln der Villa f\u00fcr den Zeitpunkt [&hellip;]<\/p>\n","protected":false},"author":2,"featured_media":1417,"parent":0,"menu_order":0,"comment_status":"closed","ping_status":"closed","template":"","meta":{"inline_featured_image":false,"footnotes":""},"class_list":["post-1525","page","type-page","status-publish","has-post-thumbnail","hentry"],"yoast_head":"<!-- This site is optimized with the Yoast SEO plugin v27.4 - https:\/\/yoast.com\/product\/yoast-seo-wordpress\/ -->\n<title>FAQ - Villa Kerasia - Bed &amp; Breakfast in Heraklion of Crete - Villa for Rent in Crete, Holiday Rentals in Crete Greece, Crete Villa Rentals<\/title>\n<meta name=\"robots\" content=\"index, follow, max-snippet:-1, max-image-preview:large, max-video-preview:-1\" \/>\n<link rel=\"canonical\" href=\"https:\/\/www.villa-kerasia.gr\/faq\/\" \/>\n<meta property=\"og:locale\" content=\"de_DE\" \/>\n<meta property=\"og:type\" content=\"article\" \/>\n<meta property=\"og:title\" content=\"FAQ - Villa Kerasia - Bed &amp; Breakfast in Heraklion of Crete - Villa for Rent in Crete, Holiday Rentals in Crete Greece, Crete Villa Rentals\" \/>\n<meta property=\"og:description\" content=\"H\u00e4ufig gestellte Fragen Bitte werfen Sie einen Blick auf unsere Rubrik \u201eH\u00e4ufig gestellte Fragen\u201c: Welche Arten von Mahlzeiten werden angeboten? Wir bieten Fr\u00fchst\u00fcck und Abendessen auf Anfrage an. Das komplette kretische Fr\u00fchst\u00fcck umfasst: Kaffee oder Tee, Orangensaft, Obstteller, Marmeladen und Butter. Wir bieten ebenso Kochkurse an. Wie sind die Regeln der Villa f\u00fcr den Zeitpunkt [&hellip;]\" \/>\n<meta property=\"og:url\" content=\"https:\/\/www.villa-kerasia.gr\/faq\/\" \/>\n<meta property=\"og:site_name\" content=\"Villa Kerasia - Bed &amp; Breakfast in Heraklion of Crete - Villa for Rent in Crete, Holiday Rentals in Crete Greece, Crete Villa Rentals\" \/>\n<meta property=\"article:publisher\" content=\"https:\/\/www.facebook.com\/villakerasia\/\" \/>\n<meta property=\"article:modified_time\" content=\"2023-04-04T09:09:00+00:00\" \/>\n<meta property=\"og:image\" content=\"https:\/\/www.villa-kerasia.gr\/wp-content\/uploads\/2021\/12\/CF074216-8.jpg\" \/>\n\t<meta property=\"og:image:width\" content=\"1517\" \/>\n\t<meta property=\"og:image:height\" content=\"1080\" \/>\n\t<meta property=\"og:image:type\" content=\"image\/jpeg\" \/>\n<meta name=\"twitter:card\" content=\"summary_large_image\" \/>\n<meta name=\"twitter:label1\" content=\"Gesch\u00e4tzte Lesezeit\" \/>\n\t<meta name=\"twitter:data1\" content=\"3\u00a0Minuten\" \/>\n<script type=\"application\/ld+json\" class=\"yoast-schema-graph\">{\"@context\":\"https:\\\/\\\/schema.org\",\"@graph\":[{\"@type\":\"WebPage\",\"@id\":\"https:\\\/\\\/www.villa-kerasia.gr\\\/faq\\\/\",\"url\":\"https:\\\/\\\/www.villa-kerasia.gr\\\/faq\\\/\",\"name\":\"FAQ - Villa Kerasia - Bed &amp; Breakfast in Heraklion of Crete - Villa for Rent in Crete, Holiday Rentals in Crete Greece, Crete Villa Rentals\",\"isPartOf\":{\"@id\":\"https:\\\/\\\/www.villa-kerasia.gr\\\/#website\"},\"primaryImageOfPage\":{\"@id\":\"https:\\\/\\\/www.villa-kerasia.gr\\\/faq\\\/#primaryimage\"},\"image\":{\"@id\":\"https:\\\/\\\/www.villa-kerasia.gr\\\/faq\\\/#primaryimage\"},\"thumbnailUrl\":\"https:\\\/\\\/www.villa-kerasia.gr\\\/wp-content\\\/uploads\\\/2021\\\/12\\\/CF074216-8.jpg\",\"datePublished\":\"2023-04-04T08:43:36+00:00\",\"dateModified\":\"2023-04-04T09:09:00+00:00\",\"breadcrumb\":{\"@id\":\"https:\\\/\\\/www.villa-kerasia.gr\\\/faq\\\/#breadcrumb\"},\"inLanguage\":\"de\",\"potentialAction\":[{\"@type\":\"ReadAction\",\"target\":[\"https:\\\/\\\/www.villa-kerasia.gr\\\/faq\\\/\"]}]},{\"@type\":\"ImageObject\",\"inLanguage\":\"de\",\"@id\":\"https:\\\/\\\/www.villa-kerasia.gr\\\/faq\\\/#primaryimage\",\"url\":\"https:\\\/\\\/www.villa-kerasia.gr\\\/wp-content\\\/uploads\\\/2021\\\/12\\\/CF074216-8.jpg\",\"contentUrl\":\"https:\\\/\\\/www.villa-kerasia.gr\\\/wp-content\\\/uploads\\\/2021\\\/12\\\/CF074216-8.jpg\",\"width\":1517,\"height\":1080,\"caption\":\"CF074216 8\"},{\"@type\":\"BreadcrumbList\",\"@id\":\"https:\\\/\\\/www.villa-kerasia.gr\\\/faq\\\/#breadcrumb\",\"itemListElement\":[{\"@type\":\"ListItem\",\"position\":1,\"name\":\"Home\",\"item\":\"https:\\\/\\\/www.villa-kerasia.gr\\\/\"},{\"@type\":\"ListItem\",\"position\":2,\"name\":\"FAQ\"}]},{\"@type\":\"WebSite\",\"@id\":\"https:\\\/\\\/www.villa-kerasia.gr\\\/#website\",\"url\":\"https:\\\/\\\/www.villa-kerasia.gr\\\/\",\"name\":\"Villa Kerasia - Bed &amp; Breakfast in Heraklion of Crete - Villa for Rent in Crete, Holiday Rentals in Crete Greece, Crete Villa Rentals\",\"description\":\"Villa Kerasia - Bed &amp; Breakfast in Heraklion of Crete - Villa for Rent in Crete, Holiday Rentals in Crete Greece, Crete Villa Rentals\",\"publisher\":{\"@id\":\"https:\\\/\\\/www.villa-kerasia.gr\\\/#organization\"},\"potentialAction\":[{\"@type\":\"SearchAction\",\"target\":{\"@type\":\"EntryPoint\",\"urlTemplate\":\"https:\\\/\\\/www.villa-kerasia.gr\\\/?s={search_term_string}\"},\"query-input\":{\"@type\":\"PropertyValueSpecification\",\"valueRequired\":true,\"valueName\":\"search_term_string\"}}],\"inLanguage\":\"de\"},{\"@type\":\"Organization\",\"@id\":\"https:\\\/\\\/www.villa-kerasia.gr\\\/#organization\",\"name\":\"Villa Kerasia\",\"url\":\"https:\\\/\\\/www.villa-kerasia.gr\\\/\",\"logo\":{\"@type\":\"ImageObject\",\"inLanguage\":\"de\",\"@id\":\"https:\\\/\\\/www.villa-kerasia.gr\\\/#\\\/schema\\\/logo\\\/image\\\/\",\"url\":\"https:\\\/\\\/www.villa-kerasia.gr\\\/wp-content\\\/uploads\\\/2021\\\/12\\\/villa-kerasia-logo.png\",\"contentUrl\":\"https:\\\/\\\/www.villa-kerasia.gr\\\/wp-content\\\/uploads\\\/2021\\\/12\\\/villa-kerasia-logo.png\",\"width\":207,\"height\":112,\"caption\":\"Villa Kerasia\"},\"image\":{\"@id\":\"https:\\\/\\\/www.villa-kerasia.gr\\\/#\\\/schema\\\/logo\\\/image\\\/\"},\"sameAs\":[\"https:\\\/\\\/www.facebook.com\\\/villakerasia\\\/\"]}]}<\/script>\n<!-- \/ Yoast SEO plugin. -->","yoast_head_json":{"title":"FAQ - Villa Kerasia - Bed &amp; Breakfast in Heraklion of Crete - Villa for Rent in Crete, Holiday Rentals in Crete Greece, Crete Villa Rentals","robots":{"index":"index","follow":"follow","max-snippet":"max-snippet:-1","max-image-preview":"max-image-preview:large","max-video-preview":"max-video-preview:-1"},"canonical":"https:\/\/www.villa-kerasia.gr\/faq\/","og_locale":"de_DE","og_type":"article","og_title":"FAQ - Villa Kerasia - Bed &amp; Breakfast in Heraklion of Crete - Villa for Rent in Crete, Holiday Rentals in Crete Greece, Crete Villa Rentals","og_description":"H\u00e4ufig gestellte Fragen Bitte werfen Sie einen Blick auf unsere Rubrik \u201eH\u00e4ufig gestellte Fragen\u201c: Welche Arten von Mahlzeiten werden angeboten? Wir bieten Fr\u00fchst\u00fcck und Abendessen auf Anfrage an. Das komplette kretische Fr\u00fchst\u00fcck umfasst: Kaffee oder Tee, Orangensaft, Obstteller, Marmeladen und Butter. Wir bieten ebenso Kochkurse an. Wie sind die Regeln der Villa f\u00fcr den Zeitpunkt [&hellip;]","og_url":"https:\/\/www.villa-kerasia.gr\/faq\/","og_site_name":"Villa Kerasia - Bed &amp; Breakfast in Heraklion of Crete - Villa for Rent in Crete, Holiday Rentals in Crete Greece, Crete Villa Rentals","article_publisher":"https:\/\/www.facebook.com\/villakerasia\/","article_modified_time":"2023-04-04T09:09:00+00:00","og_image":[{"width":1517,"height":1080,"url":"https:\/\/www.villa-kerasia.gr\/wp-content\/uploads\/2021\/12\/CF074216-8.jpg","type":"image\/jpeg"}],"twitter_card":"summary_large_image","twitter_misc":{"Gesch\u00e4tzte Lesezeit":"3\u00a0Minuten"},"schema":{"@context":"https:\/\/schema.org","@graph":[{"@type":"WebPage","@id":"https:\/\/www.villa-kerasia.gr\/faq\/","url":"https:\/\/www.villa-kerasia.gr\/faq\/","name":"FAQ - Villa Kerasia - Bed &amp; Breakfast in Heraklion of Crete - Villa for Rent in Crete, Holiday Rentals in Crete Greece, Crete Villa Rentals","isPartOf":{"@id":"https:\/\/www.villa-kerasia.gr\/#website"},"primaryImageOfPage":{"@id":"https:\/\/www.villa-kerasia.gr\/faq\/#primaryimage"},"image":{"@id":"https:\/\/www.villa-kerasia.gr\/faq\/#primaryimage"},"thumbnailUrl":"https:\/\/www.villa-kerasia.gr\/wp-content\/uploads\/2021\/12\/CF074216-8.jpg","datePublished":"2023-04-04T08:43:36+00:00","dateModified":"2023-04-04T09:09:00+00:00","breadcrumb":{"@id":"https:\/\/www.villa-kerasia.gr\/faq\/#breadcrumb"},"inLanguage":"de","potentialAction":[{"@type":"ReadAction","target":["https:\/\/www.villa-kerasia.gr\/faq\/"]}]},{"@type":"ImageObject","inLanguage":"de","@id":"https:\/\/www.villa-kerasia.gr\/faq\/#primaryimage","url":"https:\/\/www.villa-kerasia.gr\/wp-content\/uploads\/2021\/12\/CF074216-8.jpg","contentUrl":"https:\/\/www.villa-kerasia.gr\/wp-content\/uploads\/2021\/12\/CF074216-8.jpg","width":1517,"height":1080,"caption":"CF074216 8"},{"@type":"BreadcrumbList","@id":"https:\/\/www.villa-kerasia.gr\/faq\/#breadcrumb","itemListElement":[{"@type":"ListItem","position":1,"name":"Home","item":"https:\/\/www.villa-kerasia.gr\/"},{"@type":"ListItem","position":2,"name":"FAQ"}]},{"@type":"WebSite","@id":"https:\/\/www.villa-kerasia.gr\/#website","url":"https:\/\/www.villa-kerasia.gr\/","name":"Villa Kerasia - Bed &amp; Breakfast in Heraklion of Crete - Villa for Rent in Crete, Holiday Rentals in Crete Greece, Crete Villa Rentals","description":"Villa Kerasia - Bed &amp; Breakfast in Heraklion of Crete - Villa for Rent in Crete, Holiday Rentals in Crete Greece, Crete Villa Rentals","publisher":{"@id":"https:\/\/www.villa-kerasia.gr\/#organization"},"potentialAction":[{"@type":"SearchAction","target":{"@type":"EntryPoint","urlTemplate":"https:\/\/www.villa-kerasia.gr\/?s={search_term_string}"},"query-input":{"@type":"PropertyValueSpecification","valueRequired":true,"valueName":"search_term_string"}}],"inLanguage":"de"},{"@type":"Organization","@id":"https:\/\/www.villa-kerasia.gr\/#organization","name":"Villa Kerasia","url":"https:\/\/www.villa-kerasia.gr\/","logo":{"@type":"ImageObject","inLanguage":"de","@id":"https:\/\/www.villa-kerasia.gr\/#\/schema\/logo\/image\/","url":"https:\/\/www.villa-kerasia.gr\/wp-content\/uploads\/2021\/12\/villa-kerasia-logo.png","contentUrl":"https:\/\/www.villa-kerasia.gr\/wp-content\/uploads\/2021\/12\/villa-kerasia-logo.png","width":207,"height":112,"caption":"Villa Kerasia"},"image":{"@id":"https:\/\/www.villa-kerasia.gr\/#\/schema\/logo\/image\/"},"sameAs":["https:\/\/www.facebook.com\/villakerasia\/"]}]}},"_links":{"self":[{"href":"https:\/\/www.villa-kerasia.gr\/de\/wp-json\/wp\/v2\/pages\/1525","targetHints":{"allow":["GET"]}}],"collection":[{"href":"https:\/\/www.villa-kerasia.gr\/de\/wp-json\/wp\/v2\/pages"}],"about":[{"href":"https:\/\/www.villa-kerasia.gr\/de\/wp-json\/wp\/v2\/types\/page"}],"author":[{"embeddable":true,"href":"https:\/\/www.villa-kerasia.gr\/de\/wp-json\/wp\/v2\/users\/2"}],"replies":[{"embeddable":true,"href":"https:\/\/www.villa-kerasia.gr\/de\/wp-json\/wp\/v2\/comments?post=1525"}],"version-history":[{"count":7,"href":"https:\/\/www.villa-kerasia.gr\/de\/wp-json\/wp\/v2\/pages\/1525\/revisions"}],"predecessor-version":[{"id":1537,"href":"https:\/\/www.villa-kerasia.gr\/de\/wp-json\/wp\/v2\/pages\/1525\/revisions\/1537"}],"wp:featuredmedia":[{"embeddable":true,"href":"https:\/\/www.villa-kerasia.gr\/de\/wp-json\/wp\/v2\/media\/1417"}],"wp:attachment":[{"href":"https:\/\/www.villa-kerasia.gr\/de\/wp-json\/wp\/v2\/media?parent=1525"}],"curies":[{"name":"wp","href":"https:\/\/api.w.org\/{rel}","templated":true}]}}