{"id":155,"date":"2018-08-13T12:14:37","date_gmt":"2018-08-13T12:14:37","guid":{"rendered":"https:\/\/themes.getmotopress.com\/ciestra\/?page_id=155"},"modified":"2022-02-10T16:02:22","modified_gmt":"2022-02-10T16:02:22","slug":"la-villa","status":"publish","type":"page","link":"https:\/\/www.villa-kerasia.gr\/fr\/la-villa\/","title":{"rendered":"La Villa"},"content":{"rendered":"\t\t<div data-elementor-type=\"wp-post\" data-elementor-id=\"155\" class=\"elementor elementor-155\">\n\t\t\t\t\t\t<section class=\"elementor-section elementor-top-section elementor-element elementor-element-c64f49e elementor-section-boxed elementor-section-height-default elementor-section-height-default\" data-id=\"c64f49e\" data-element_type=\"section\">\n\t\t\t\t\t\t<div class=\"elementor-container elementor-column-gap-default\">\n\t\t\t\t\t<div class=\"elementor-column elementor-col-100 elementor-top-column elementor-element elementor-element-76cc922\" data-id=\"76cc922\" data-element_type=\"column\">\n\t\t\t<div class=\"elementor-widget-wrap elementor-element-populated\">\n\t\t\t\t\t\t<div class=\"elementor-element elementor-element-0e4ca32 elementor-widget elementor-widget-text-editor\" data-id=\"0e4ca32\" data-element_type=\"widget\" data-widget_type=\"text-editor.default\">\n\t\t\t\t<div class=\"elementor-widget-container\">\n\t\t\t\t\t\t\t\t\tLa Villa Kerasia est une villa registr\u00e9e en Cr\u00e8te et vous propose une large offre de services de qualit\u00e9. Elle est mentionn\u00e9e dans certains des plus populaires magazines et fait partie des destinations les plus exclusives de la r\u00e9gion, en terme d\u2019esth\u00e9tique, design, position, caract\u00e8re et services. Notre exp\u00e9rience a montr\u00e9 que les visiteurs qui ont pris plaisir \u00e0 une \u00ab exp\u00e9rience villa \u00bb appropri\u00e9e en Cr\u00e8te ou \u00e0 l\u2019\u00e9tranger, ne retournent jamais \u00e0 l\u2019h\u00f4tel pour leurs vacances.\n\n Aucune comparaison \u00e0 passer un s\u00e9jour en villa vis \u00e0 vis d\u2019un s\u00e9jour \u00e0 l\u2019h\u00f4tel:\t\t\t\t\t\t\t\t<\/div>\n\t\t\t\t<\/div>\n\t\t\t\t<div class=\"elementor-element elementor-element-4b76539 elementor-widget elementor-widget-toggle\" data-id=\"4b76539\" data-element_type=\"widget\" data-widget_type=\"toggle.default\">\n\t\t\t\t<div class=\"elementor-widget-container\">\n\t\t\t\t\t\t\t<div class=\"elementor-toggle\">\n\t\t\t\t\t\t\t<div class=\"elementor-toggle-item\">\n\t\t\t\t\t<div id=\"elementor-tab-title-7911\" class=\"elementor-tab-title\" data-tab=\"1\" role=\"button\" aria-controls=\"elementor-tab-content-7911\" aria-expanded=\"false\">\n\t\t\t\t\t\t\t\t\t\t\t\t<span class=\"elementor-toggle-icon elementor-toggle-icon-left\" aria-hidden=\"true\">\n\t\t\t\t\t\t\t\t\t\t\t\t\t\t\t<span class=\"elementor-toggle-icon-closed\"><i class=\"fas fa-caret-right\"><\/i><\/span>\n\t\t\t\t\t\t\t\t<span class=\"elementor-toggle-icon-opened\"><i class=\"elementor-toggle-icon-opened fas fa-caret-up\"><\/i><\/span>\n\t\t\t\t\t\t\t\t\t\t\t\t\t<\/span>\n\t\t\t\t\t\t\t\t\t\t\t\t<a class=\"elementor-toggle-title\" tabindex=\"0\">Intimit\u00e9<\/a>\n\t\t\t\t\t<\/div>\n\n\t\t\t\t\t<div id=\"elementor-tab-content-7911\" class=\"elementor-tab-content elementor-clearfix\" data-tab=\"1\" role=\"region\" aria-labelledby=\"elementor-tab-title-7911\">Nos villas se trouvent dans un endroit \u00e9loign\u00e9 offrant de l\u2019intimit\u00e9, \u00e0 l\u2019\u00e9cart de la foule anim\u00e9e et bruyante. Cela d\u00e9pend de vous si et quand vous voulez \u00eatre vus.<\/div>\n\t\t\t\t<\/div>\n\t\t\t\t\t\t\t<div class=\"elementor-toggle-item\">\n\t\t\t\t\t<div id=\"elementor-tab-title-7912\" class=\"elementor-tab-title\" data-tab=\"2\" role=\"button\" aria-controls=\"elementor-tab-content-7912\" aria-expanded=\"false\">\n\t\t\t\t\t\t\t\t\t\t\t\t<span class=\"elementor-toggle-icon elementor-toggle-icon-left\" aria-hidden=\"true\">\n\t\t\t\t\t\t\t\t\t\t\t\t\t\t\t<span class=\"elementor-toggle-icon-closed\"><i class=\"fas fa-caret-right\"><\/i><\/span>\n\t\t\t\t\t\t\t\t<span class=\"elementor-toggle-icon-opened\"><i class=\"elementor-toggle-icon-opened fas fa-caret-up\"><\/i><\/span>\n\t\t\t\t\t\t\t\t\t\t\t\t\t<\/span>\n\t\t\t\t\t\t\t\t\t\t\t\t<a class=\"elementor-toggle-title\" tabindex=\"0\">Libert\u00e9<\/a>\n\t\t\t\t\t<\/div>\n\n\t\t\t\t\t<div id=\"elementor-tab-content-7912\" class=\"elementor-tab-content elementor-clearfix\" data-tab=\"2\" role=\"region\" aria-labelledby=\"elementor-tab-title-7912\">Vivez la libert\u00e9 que seulement une villa peut vous offrir: imaginez le luxe de prendre votre petit -d\u00e9jeuner sans soucis et pieds nus et de choisir o\u00f9 et quand votre d\u00eener sera servi.<\/div>\n\t\t\t\t<\/div>\n\t\t\t\t\t\t\t<div class=\"elementor-toggle-item\">\n\t\t\t\t\t<div id=\"elementor-tab-title-7913\" class=\"elementor-tab-title\" data-tab=\"3\" role=\"button\" aria-controls=\"elementor-tab-content-7913\" aria-expanded=\"false\">\n\t\t\t\t\t\t\t\t\t\t\t\t<span class=\"elementor-toggle-icon elementor-toggle-icon-left\" aria-hidden=\"true\">\n\t\t\t\t\t\t\t\t\t\t\t\t\t\t\t<span class=\"elementor-toggle-icon-closed\"><i class=\"fas fa-caret-right\"><\/i><\/span>\n\t\t\t\t\t\t\t\t<span class=\"elementor-toggle-icon-opened\"><i class=\"elementor-toggle-icon-opened fas fa-caret-up\"><\/i><\/span>\n\t\t\t\t\t\t\t\t\t\t\t\t\t<\/span>\n\t\t\t\t\t\t\t\t\t\t\t\t<a class=\"elementor-toggle-title\" tabindex=\"0\">Notre \u00e9quipe<\/a>\n\t\t\t\t\t<\/div>\n\n\t\t\t\t\t<div id=\"elementor-tab-content-7913\" class=\"elementor-tab-content elementor-clearfix\" data-tab=\"3\" role=\"region\" aria-labelledby=\"elementor-tab-title-7913\"> Notre \u00e9quipe prend soin de tous vos besoins afin de vous garantir un s\u00e9jour relaxe et sans soucis, tout comme vous l\u2019avez anticip\u00e9. Vos h\u00f4tes serviront une vari\u00e9t\u00e9 de vins \u00e0 c\u00f4t\u00e9 de la piscine, alors que notre chef pr\u00e9parera des repas d\u00e9licieux que vous aurez planifi\u00e9s \u00e0 l\u2019avance. Et ce n\u2019est pas tout ! Notre \u00e9quipe est l\u00e0 juste pour vous ! Discutez avec notre chef comment vous d\u00e9sirez qu\u2019il pr\u00e9pare vos repas.<\/div>\n\t\t\t\t<\/div>\n\t\t\t\t\t\t\t<div class=\"elementor-toggle-item\">\n\t\t\t\t\t<div id=\"elementor-tab-title-7914\" class=\"elementor-tab-title\" data-tab=\"4\" role=\"button\" aria-controls=\"elementor-tab-content-7914\" aria-expanded=\"false\">\n\t\t\t\t\t\t\t\t\t\t\t\t<span class=\"elementor-toggle-icon elementor-toggle-icon-left\" aria-hidden=\"true\">\n\t\t\t\t\t\t\t\t\t\t\t\t\t\t\t<span class=\"elementor-toggle-icon-closed\"><i class=\"fas fa-caret-right\"><\/i><\/span>\n\t\t\t\t\t\t\t\t<span class=\"elementor-toggle-icon-opened\"><i class=\"elementor-toggle-icon-opened fas fa-caret-up\"><\/i><\/span>\n\t\t\t\t\t\t\t\t\t\t\t\t\t<\/span>\n\t\t\t\t\t\t\t\t\t\t\t\t<a class=\"elementor-toggle-title\" tabindex=\"0\">Notre table<\/a>\n\t\t\t\t\t<\/div>\n\n\t\t\t\t\t<div id=\"elementor-tab-content-7914\" class=\"elementor-tab-content elementor-clearfix\" data-tab=\"4\" role=\"region\" aria-labelledby=\"elementor-tab-title-7914\">Tous les plats sont pr\u00e9par\u00e9s avec des produits frais de la r\u00e9gion. Nous offrons une cuisine cr\u00e9toise traditionnelle, une vari\u00e9t\u00e9 d\u2019ap\u00e9ritifs, ainsi que des plats particuli\u00e8rement pr\u00e9par\u00e9s pour v\u00e9g\u00e9tariens et diab\u00e9tiques.<\/div>\n\t\t\t\t<\/div>\n\t\t\t\t\t\t\t\t<\/div>\n\t\t\t\t\t\t<\/div>\n\t\t\t\t<\/div>\n\t\t\t\t<div class=\"elementor-element elementor-element-8dbd6d8 elementor-widget elementor-widget-heading\" data-id=\"8dbd6d8\" data-element_type=\"widget\" data-widget_type=\"heading.default\">\n\t\t\t\t<div class=\"elementor-widget-container\">\n\t\t\t\t\t<h3 class=\"elementor-heading-title elementor-size-default\">Villa Kerasia Restauration<\/h3>\t\t\t\t<\/div>\n\t\t\t\t<\/div>\n\t\t\t\t<div class=\"elementor-element elementor-element-44b95ea elementor-widget elementor-widget-text-editor\" data-id=\"44b95ea\" data-element_type=\"widget\" data-widget_type=\"text-editor.default\">\n\t\t\t\t<div class=\"elementor-widget-container\">\n\t\t\t\t\t\t\t\t\tLa Villa Kerasia est un b\u00e2timent pr\u00e9serv\u00e9 et la r\u00e9novation de la villa a eu lieu entre 2003 et 2007. Ci-dessous vous trouverez quelques images avant la r\u00e9novation.\t\t\t\t\t\t\t\t<\/div>\n\t\t\t\t<\/div>\n\t\t\t\t<div class=\"elementor-element elementor-element-49c0c43 gallery-spacing-custom elementor-widget elementor-widget-image-gallery\" data-id=\"49c0c43\" data-element_type=\"widget\" data-widget_type=\"image-gallery.default\">\n\t\t\t\t<div class=\"elementor-widget-container\">\n\t\t\t\t\t\t\t<div class=\"elementor-image-gallery\">\n\t\t\t<div id='gallery-1' class='gallery galleryid-155 gallery-columns-2 gallery-size-large'><figure class='gallery-item'>\n\t\t\t<div class='gallery-icon landscape'>\n\t\t\t\t<a data-elementor-open-lightbox=\"yes\" data-elementor-lightbox-slideshow=\"49c0c43\" data-elementor-lightbox-title=\"restoration 1\" data-elementor-lightbox-description=\"restoration 1\" data-e-action-hash=\"#elementor-action%3Aaction%3Dlightbox%26settings%3DeyJpZCI6OTkzLCJ1cmwiOiJodHRwczpcL1wvd3d3LnZpbGxhLWtlcmFzaWEuZ3JcL3dwLWNvbnRlbnRcL3VwbG9hZHNcLzIwMjFcLzEyXC9yZXN0b3JhdGlvbi0xLmpwZyIsInNsaWRlc2hvdyI6IjQ5YzBjNDMifQ%3D%3D\" title=\"restoration 1\"  href='https:\/\/www.villa-kerasia.gr\/wp-content\/uploads\/2021\/12\/restoration-1.jpg'><img fetchpriority=\"high\" decoding=\"async\" width=\"746\" height=\"504\" src=\"https:\/\/www.villa-kerasia.gr\/wp-content\/uploads\/2021\/12\/restoration-1-1024x692.jpg\" class=\"attachment-large size-large\" alt=\"restoration 1\" aria-describedby=\"gallery-1-993\" srcset=\"https:\/\/www.villa-kerasia.gr\/wp-content\/uploads\/2021\/12\/restoration-1-1024x692.jpg 1024w, https:\/\/www.villa-kerasia.gr\/wp-content\/uploads\/2021\/12\/restoration-1-300x203.jpg 300w, https:\/\/www.villa-kerasia.gr\/wp-content\/uploads\/2021\/12\/restoration-1-768x519.jpg 768w, https:\/\/www.villa-kerasia.gr\/wp-content\/uploads\/2021\/12\/restoration-1-1536x1037.jpg 1536w, https:\/\/www.villa-kerasia.gr\/wp-content\/uploads\/2021\/12\/restoration-1-891x602.jpg 891w, https:\/\/www.villa-kerasia.gr\/wp-content\/uploads\/2021\/12\/restoration-1.jpg 1599w\" sizes=\"(max-width: 746px) 100vw, 746px\" \/><\/a>\n\t\t\t<\/div>\n\t\t\t\t<figcaption class='wp-caption-text gallery-caption' id='gallery-1-993'>\n\t\t\t\trestoration 1\n\t\t\t\t<\/figcaption><\/figure><figure class='gallery-item'>\n\t\t\t<div class='gallery-icon landscape'>\n\t\t\t\t<a data-elementor-open-lightbox=\"yes\" data-elementor-lightbox-slideshow=\"49c0c43\" data-elementor-lightbox-title=\"restoration 2\" data-elementor-lightbox-description=\"restoration 2\" data-e-action-hash=\"#elementor-action%3Aaction%3Dlightbox%26settings%3DeyJpZCI6OTkyLCJ1cmwiOiJodHRwczpcL1wvd3d3LnZpbGxhLWtlcmFzaWEuZ3JcL3dwLWNvbnRlbnRcL3VwbG9hZHNcLzIwMjFcLzEyXC9yZXN0b3JhdGlvbi0yLmpwZyIsInNsaWRlc2hvdyI6IjQ5YzBjNDMifQ%3D%3D\" title=\"restoration 2\"  href='https:\/\/www.villa-kerasia.gr\/wp-content\/uploads\/2021\/12\/restoration-2.jpg'><img decoding=\"async\" width=\"746\" height=\"504\" src=\"https:\/\/www.villa-kerasia.gr\/wp-content\/uploads\/2021\/12\/restoration-2-1024x692.jpg\" class=\"attachment-large size-large\" alt=\"restoration 2\" aria-describedby=\"gallery-1-992\" srcset=\"https:\/\/www.villa-kerasia.gr\/wp-content\/uploads\/2021\/12\/restoration-2-1024x692.jpg 1024w, https:\/\/www.villa-kerasia.gr\/wp-content\/uploads\/2021\/12\/restoration-2-300x203.jpg 300w, https:\/\/www.villa-kerasia.gr\/wp-content\/uploads\/2021\/12\/restoration-2-768x519.jpg 768w, https:\/\/www.villa-kerasia.gr\/wp-content\/uploads\/2021\/12\/restoration-2-1536x1037.jpg 1536w, https:\/\/www.villa-kerasia.gr\/wp-content\/uploads\/2021\/12\/restoration-2-891x602.jpg 891w, https:\/\/www.villa-kerasia.gr\/wp-content\/uploads\/2021\/12\/restoration-2.jpg 1599w\" sizes=\"(max-width: 746px) 100vw, 746px\" \/><\/a>\n\t\t\t<\/div>\n\t\t\t\t<figcaption class='wp-caption-text gallery-caption' id='gallery-1-992'>\n\t\t\t\trestoration 2\n\t\t\t\t<\/figcaption><\/figure><figure class='gallery-item'>\n\t\t\t<div class='gallery-icon landscape'>\n\t\t\t\t<a data-elementor-open-lightbox=\"yes\" data-elementor-lightbox-slideshow=\"49c0c43\" data-elementor-lightbox-title=\"restoration 3\" data-elementor-lightbox-description=\"restoration 3\" data-e-action-hash=\"#elementor-action%3Aaction%3Dlightbox%26settings%3DeyJpZCI6OTkxLCJ1cmwiOiJodHRwczpcL1wvd3d3LnZpbGxhLWtlcmFzaWEuZ3JcL3dwLWNvbnRlbnRcL3VwbG9hZHNcLzIwMjFcLzEyXC9yZXN0b3JhdGlvbi0zLmpwZyIsInNsaWRlc2hvdyI6IjQ5YzBjNDMifQ%3D%3D\" title=\"restoration 3\"  href='https:\/\/www.villa-kerasia.gr\/wp-content\/uploads\/2021\/12\/restoration-3.jpg'><img decoding=\"async\" width=\"746\" height=\"504\" src=\"https:\/\/www.villa-kerasia.gr\/wp-content\/uploads\/2021\/12\/restoration-3-1024x692.jpg\" class=\"attachment-large size-large\" alt=\"restoration 3\" aria-describedby=\"gallery-1-991\" srcset=\"https:\/\/www.villa-kerasia.gr\/wp-content\/uploads\/2021\/12\/restoration-3-1024x692.jpg 1024w, https:\/\/www.villa-kerasia.gr\/wp-content\/uploads\/2021\/12\/restoration-3-300x203.jpg 300w, https:\/\/www.villa-kerasia.gr\/wp-content\/uploads\/2021\/12\/restoration-3-768x519.jpg 768w, https:\/\/www.villa-kerasia.gr\/wp-content\/uploads\/2021\/12\/restoration-3-1536x1037.jpg 1536w, https:\/\/www.villa-kerasia.gr\/wp-content\/uploads\/2021\/12\/restoration-3-891x602.jpg 891w, https:\/\/www.villa-kerasia.gr\/wp-content\/uploads\/2021\/12\/restoration-3.jpg 1599w\" sizes=\"(max-width: 746px) 100vw, 746px\" \/><\/a>\n\t\t\t<\/div>\n\t\t\t\t<figcaption class='wp-caption-text gallery-caption' id='gallery-1-991'>\n\t\t\t\trestoration 3\n\t\t\t\t<\/figcaption><\/figure><figure class='gallery-item'>\n\t\t\t<div class='gallery-icon landscape'>\n\t\t\t\t<a data-elementor-open-lightbox=\"yes\" data-elementor-lightbox-slideshow=\"49c0c43\" data-elementor-lightbox-title=\"restoration 4\" data-elementor-lightbox-description=\"restoration 4\" data-e-action-hash=\"#elementor-action%3Aaction%3Dlightbox%26settings%3DeyJpZCI6OTkwLCJ1cmwiOiJodHRwczpcL1wvd3d3LnZpbGxhLWtlcmFzaWEuZ3JcL3dwLWNvbnRlbnRcL3VwbG9hZHNcLzIwMjFcLzEyXC9yZXN0b3JhdGlvbi00LmpwZyIsInNsaWRlc2hvdyI6IjQ5YzBjNDMifQ%3D%3D\" title=\"restoration 4\"  href='https:\/\/www.villa-kerasia.gr\/wp-content\/uploads\/2021\/12\/restoration-4.jpg'><img loading=\"lazy\" decoding=\"async\" width=\"746\" height=\"504\" src=\"https:\/\/www.villa-kerasia.gr\/wp-content\/uploads\/2021\/12\/restoration-4-1024x692.jpg\" class=\"attachment-large size-large\" alt=\"restoration 4\" aria-describedby=\"gallery-1-990\" srcset=\"https:\/\/www.villa-kerasia.gr\/wp-content\/uploads\/2021\/12\/restoration-4-1024x692.jpg 1024w, https:\/\/www.villa-kerasia.gr\/wp-content\/uploads\/2021\/12\/restoration-4-300x203.jpg 300w, https:\/\/www.villa-kerasia.gr\/wp-content\/uploads\/2021\/12\/restoration-4-768x519.jpg 768w, https:\/\/www.villa-kerasia.gr\/wp-content\/uploads\/2021\/12\/restoration-4-1536x1037.jpg 1536w, https:\/\/www.villa-kerasia.gr\/wp-content\/uploads\/2021\/12\/restoration-4-891x602.jpg 891w, https:\/\/www.villa-kerasia.gr\/wp-content\/uploads\/2021\/12\/restoration-4.jpg 1599w\" sizes=\"(max-width: 746px) 100vw, 746px\" \/><\/a>\n\t\t\t<\/div>\n\t\t\t\t<figcaption class='wp-caption-text gallery-caption' id='gallery-1-990'>\n\t\t\t\trestoration 4\n\t\t\t\t<\/figcaption><\/figure>\n\t\t<\/div>\n\t\t<\/div>\n\t\t\t\t\t\t<\/div>\n\t\t\t\t<\/div>\n\t\t\t\t\t<\/div>\n\t\t<\/div>\n\t\t\t\t\t<\/div>\n\t\t<\/section>\n\t\t\t\t<\/div>\n\t\t","protected":false},"excerpt":{"rendered":"<p>La Villa Kerasia est une villa registr\u00e9e en Cr\u00e8te et vous propose une large offre de services de qualit\u00e9. Elle est mentionn\u00e9e dans certains des plus populaires magazines et fait partie des destinations les plus exclusives de la r\u00e9gion, en terme d\u2019esth\u00e9tique, design, position, caract\u00e8re et services. Notre exp\u00e9rience a montr\u00e9 que les visiteurs qui [&hellip;]<\/p>\n","protected":false},"author":2,"featured_media":436,"parent":0,"menu_order":0,"comment_status":"closed","ping_status":"closed","template":"","meta":{"inline_featured_image":false,"footnotes":""},"class_list":["post-155","page","type-page","status-publish","has-post-thumbnail","hentry"],"yoast_head":"<!-- This site is optimized with the Yoast SEO plugin v27.5 - https:\/\/yoast.com\/product\/yoast-seo-wordpress\/ -->\n<title>La Villa - Villa Kerasia - Bed &amp; Breakfast in Heraklion of Crete - Villa for Rent in Crete, Holiday Rentals in Crete Greece, Crete Villa Rentals<\/title>\n<meta name=\"robots\" content=\"index, follow, max-snippet:-1, max-image-preview:large, max-video-preview:-1\" \/>\n<link rel=\"canonical\" href=\"https:\/\/www.villa-kerasia.gr\/the-villa\/\" \/>\n<meta property=\"og:locale\" content=\"fr_FR\" \/>\n<meta property=\"og:type\" content=\"article\" \/>\n<meta property=\"og:title\" content=\"La Villa - Villa Kerasia - Bed &amp; Breakfast in Heraklion of Crete - Villa for Rent in Crete, Holiday Rentals in Crete Greece, Crete Villa Rentals\" \/>\n<meta property=\"og:description\" content=\"La Villa Kerasia est une villa registr\u00e9e en Cr\u00e8te et vous propose une large offre de services de qualit\u00e9. Elle est mentionn\u00e9e dans certains des plus populaires magazines et fait partie des destinations les plus exclusives de la r\u00e9gion, en terme d\u2019esth\u00e9tique, design, position, caract\u00e8re et services. Notre exp\u00e9rience a montr\u00e9 que les visiteurs qui [&hellip;]\" \/>\n<meta property=\"og:url\" content=\"https:\/\/www.villa-kerasia.gr\/the-villa\/\" \/>\n<meta property=\"og:site_name\" content=\"Villa Kerasia - Bed &amp; Breakfast in Heraklion of Crete - Villa for Rent in Crete, Holiday Rentals in Crete Greece, Crete Villa Rentals\" \/>\n<meta property=\"article:publisher\" content=\"https:\/\/www.facebook.com\/villakerasia\/\" \/>\n<meta property=\"article:modified_time\" content=\"2022-02-10T16:02:22+00:00\" \/>\n<meta property=\"og:image\" content=\"https:\/\/www.villa-kerasia.gr\/wp-content\/uploads\/2021\/12\/CF074047-3.jpg\" \/>\n\t<meta property=\"og:image:width\" content=\"1478\" \/>\n\t<meta property=\"og:image:height\" content=\"1080\" \/>\n\t<meta property=\"og:image:type\" content=\"image\/jpeg\" \/>\n<meta name=\"twitter:card\" content=\"summary_large_image\" \/>\n<meta name=\"twitter:label1\" content=\"Dur\u00e9e de lecture estim\u00e9e\" \/>\n\t<meta name=\"twitter:data1\" content=\"3 minutes\" \/>\n<script type=\"application\/ld+json\" class=\"yoast-schema-graph\">{\"@context\":\"https:\\\/\\\/schema.org\",\"@graph\":[{\"@type\":\"WebPage\",\"@id\":\"https:\\\/\\\/www.villa-kerasia.gr\\\/the-villa\\\/\",\"url\":\"https:\\\/\\\/www.villa-kerasia.gr\\\/the-villa\\\/\",\"name\":\"La Villa - Villa Kerasia - Bed &amp; Breakfast in Heraklion of Crete - Villa for Rent in Crete, Holiday Rentals in Crete Greece, Crete Villa Rentals\",\"isPartOf\":{\"@id\":\"https:\\\/\\\/www.villa-kerasia.gr\\\/#website\"},\"primaryImageOfPage\":{\"@id\":\"https:\\\/\\\/www.villa-kerasia.gr\\\/the-villa\\\/#primaryimage\"},\"image\":{\"@id\":\"https:\\\/\\\/www.villa-kerasia.gr\\\/the-villa\\\/#primaryimage\"},\"thumbnailUrl\":\"https:\\\/\\\/www.villa-kerasia.gr\\\/wp-content\\\/uploads\\\/2021\\\/12\\\/CF074047-3.jpg\",\"datePublished\":\"2018-08-13T12:14:37+00:00\",\"dateModified\":\"2022-02-10T16:02:22+00:00\",\"breadcrumb\":{\"@id\":\"https:\\\/\\\/www.villa-kerasia.gr\\\/the-villa\\\/#breadcrumb\"},\"inLanguage\":\"fr-FR\",\"potentialAction\":[{\"@type\":\"ReadAction\",\"target\":[\"https:\\\/\\\/www.villa-kerasia.gr\\\/the-villa\\\/\"]}]},{\"@type\":\"ImageObject\",\"inLanguage\":\"fr-FR\",\"@id\":\"https:\\\/\\\/www.villa-kerasia.gr\\\/the-villa\\\/#primaryimage\",\"url\":\"https:\\\/\\\/www.villa-kerasia.gr\\\/wp-content\\\/uploads\\\/2021\\\/12\\\/CF074047-3.jpg\",\"contentUrl\":\"https:\\\/\\\/www.villa-kerasia.gr\\\/wp-content\\\/uploads\\\/2021\\\/12\\\/CF074047-3.jpg\",\"width\":1478,\"height\":1080,\"caption\":\"CF074047 3\"},{\"@type\":\"BreadcrumbList\",\"@id\":\"https:\\\/\\\/www.villa-kerasia.gr\\\/the-villa\\\/#breadcrumb\",\"itemListElement\":[{\"@type\":\"ListItem\",\"position\":1,\"name\":\"Home\",\"item\":\"https:\\\/\\\/www.villa-kerasia.gr\\\/\"},{\"@type\":\"ListItem\",\"position\":2,\"name\":\"La Villa\"}]},{\"@type\":\"WebSite\",\"@id\":\"https:\\\/\\\/www.villa-kerasia.gr\\\/#website\",\"url\":\"https:\\\/\\\/www.villa-kerasia.gr\\\/\",\"name\":\"Villa Kerasia - Bed &amp; Breakfast in Heraklion of Crete - Villa for Rent in Crete, Holiday Rentals in Crete Greece, Crete Villa Rentals\",\"description\":\"Villa Kerasia - Bed &amp; Breakfast in Heraklion of Crete - Villa for Rent in Crete, Holiday Rentals in Crete Greece, Crete Villa Rentals\",\"publisher\":{\"@id\":\"https:\\\/\\\/www.villa-kerasia.gr\\\/#organization\"},\"potentialAction\":[{\"@type\":\"SearchAction\",\"target\":{\"@type\":\"EntryPoint\",\"urlTemplate\":\"https:\\\/\\\/www.villa-kerasia.gr\\\/?s={search_term_string}\"},\"query-input\":{\"@type\":\"PropertyValueSpecification\",\"valueRequired\":true,\"valueName\":\"search_term_string\"}}],\"inLanguage\":\"fr-FR\"},{\"@type\":\"Organization\",\"@id\":\"https:\\\/\\\/www.villa-kerasia.gr\\\/#organization\",\"name\":\"Villa Kerasia\",\"url\":\"https:\\\/\\\/www.villa-kerasia.gr\\\/\",\"logo\":{\"@type\":\"ImageObject\",\"inLanguage\":\"fr-FR\",\"@id\":\"https:\\\/\\\/www.villa-kerasia.gr\\\/#\\\/schema\\\/logo\\\/image\\\/\",\"url\":\"https:\\\/\\\/www.villa-kerasia.gr\\\/wp-content\\\/uploads\\\/2021\\\/12\\\/villa-kerasia-logo.png\",\"contentUrl\":\"https:\\\/\\\/www.villa-kerasia.gr\\\/wp-content\\\/uploads\\\/2021\\\/12\\\/villa-kerasia-logo.png\",\"width\":207,\"height\":112,\"caption\":\"Villa Kerasia\"},\"image\":{\"@id\":\"https:\\\/\\\/www.villa-kerasia.gr\\\/#\\\/schema\\\/logo\\\/image\\\/\"},\"sameAs\":[\"https:\\\/\\\/www.facebook.com\\\/villakerasia\\\/\"]}]}<\/script>\n<!-- \/ Yoast SEO plugin. -->","yoast_head_json":{"title":"La Villa - Villa Kerasia - Bed &amp; Breakfast in Heraklion of Crete - Villa for Rent in Crete, Holiday Rentals in Crete Greece, Crete Villa Rentals","robots":{"index":"index","follow":"follow","max-snippet":"max-snippet:-1","max-image-preview":"max-image-preview:large","max-video-preview":"max-video-preview:-1"},"canonical":"https:\/\/www.villa-kerasia.gr\/the-villa\/","og_locale":"fr_FR","og_type":"article","og_title":"La Villa - Villa Kerasia - Bed &amp; Breakfast in Heraklion of Crete - Villa for Rent in Crete, Holiday Rentals in Crete Greece, Crete Villa Rentals","og_description":"La Villa Kerasia est une villa registr\u00e9e en Cr\u00e8te et vous propose une large offre de services de qualit\u00e9. Elle est mentionn\u00e9e dans certains des plus populaires magazines et fait partie des destinations les plus exclusives de la r\u00e9gion, en terme d\u2019esth\u00e9tique, design, position, caract\u00e8re et services. Notre exp\u00e9rience a montr\u00e9 que les visiteurs qui [&hellip;]","og_url":"https:\/\/www.villa-kerasia.gr\/the-villa\/","og_site_name":"Villa Kerasia - Bed &amp; Breakfast in Heraklion of Crete - Villa for Rent in Crete, Holiday Rentals in Crete Greece, Crete Villa Rentals","article_publisher":"https:\/\/www.facebook.com\/villakerasia\/","article_modified_time":"2022-02-10T16:02:22+00:00","og_image":[{"width":1478,"height":1080,"url":"https:\/\/www.villa-kerasia.gr\/wp-content\/uploads\/2021\/12\/CF074047-3.jpg","type":"image\/jpeg"}],"twitter_card":"summary_large_image","twitter_misc":{"Dur\u00e9e de lecture estim\u00e9e":"3 minutes"},"schema":{"@context":"https:\/\/schema.org","@graph":[{"@type":"WebPage","@id":"https:\/\/www.villa-kerasia.gr\/the-villa\/","url":"https:\/\/www.villa-kerasia.gr\/the-villa\/","name":"La Villa - Villa Kerasia - Bed &amp; Breakfast in Heraklion of Crete - Villa for Rent in Crete, Holiday Rentals in Crete Greece, Crete Villa Rentals","isPartOf":{"@id":"https:\/\/www.villa-kerasia.gr\/#website"},"primaryImageOfPage":{"@id":"https:\/\/www.villa-kerasia.gr\/the-villa\/#primaryimage"},"image":{"@id":"https:\/\/www.villa-kerasia.gr\/the-villa\/#primaryimage"},"thumbnailUrl":"https:\/\/www.villa-kerasia.gr\/wp-content\/uploads\/2021\/12\/CF074047-3.jpg","datePublished":"2018-08-13T12:14:37+00:00","dateModified":"2022-02-10T16:02:22+00:00","breadcrumb":{"@id":"https:\/\/www.villa-kerasia.gr\/the-villa\/#breadcrumb"},"inLanguage":"fr-FR","potentialAction":[{"@type":"ReadAction","target":["https:\/\/www.villa-kerasia.gr\/the-villa\/"]}]},{"@type":"ImageObject","inLanguage":"fr-FR","@id":"https:\/\/www.villa-kerasia.gr\/the-villa\/#primaryimage","url":"https:\/\/www.villa-kerasia.gr\/wp-content\/uploads\/2021\/12\/CF074047-3.jpg","contentUrl":"https:\/\/www.villa-kerasia.gr\/wp-content\/uploads\/2021\/12\/CF074047-3.jpg","width":1478,"height":1080,"caption":"CF074047 3"},{"@type":"BreadcrumbList","@id":"https:\/\/www.villa-kerasia.gr\/the-villa\/#breadcrumb","itemListElement":[{"@type":"ListItem","position":1,"name":"Home","item":"https:\/\/www.villa-kerasia.gr\/"},{"@type":"ListItem","position":2,"name":"La Villa"}]},{"@type":"WebSite","@id":"https:\/\/www.villa-kerasia.gr\/#website","url":"https:\/\/www.villa-kerasia.gr\/","name":"Villa Kerasia - Bed &amp; Breakfast in Heraklion of Crete - Villa for Rent in Crete, Holiday Rentals in Crete Greece, Crete Villa Rentals","description":"Villa Kerasia - Bed &amp; Breakfast in Heraklion of Crete - Villa for Rent in Crete, Holiday Rentals in Crete Greece, Crete Villa Rentals","publisher":{"@id":"https:\/\/www.villa-kerasia.gr\/#organization"},"potentialAction":[{"@type":"SearchAction","target":{"@type":"EntryPoint","urlTemplate":"https:\/\/www.villa-kerasia.gr\/?s={search_term_string}"},"query-input":{"@type":"PropertyValueSpecification","valueRequired":true,"valueName":"search_term_string"}}],"inLanguage":"fr-FR"},{"@type":"Organization","@id":"https:\/\/www.villa-kerasia.gr\/#organization","name":"Villa Kerasia","url":"https:\/\/www.villa-kerasia.gr\/","logo":{"@type":"ImageObject","inLanguage":"fr-FR","@id":"https:\/\/www.villa-kerasia.gr\/#\/schema\/logo\/image\/","url":"https:\/\/www.villa-kerasia.gr\/wp-content\/uploads\/2021\/12\/villa-kerasia-logo.png","contentUrl":"https:\/\/www.villa-kerasia.gr\/wp-content\/uploads\/2021\/12\/villa-kerasia-logo.png","width":207,"height":112,"caption":"Villa Kerasia"},"image":{"@id":"https:\/\/www.villa-kerasia.gr\/#\/schema\/logo\/image\/"},"sameAs":["https:\/\/www.facebook.com\/villakerasia\/"]}]}},"_links":{"self":[{"href":"https:\/\/www.villa-kerasia.gr\/fr\/wp-json\/wp\/v2\/pages\/155","targetHints":{"allow":["GET"]}}],"collection":[{"href":"https:\/\/www.villa-kerasia.gr\/fr\/wp-json\/wp\/v2\/pages"}],"about":[{"href":"https:\/\/www.villa-kerasia.gr\/fr\/wp-json\/wp\/v2\/types\/page"}],"author":[{"embeddable":true,"href":"https:\/\/www.villa-kerasia.gr\/fr\/wp-json\/wp\/v2\/users\/2"}],"replies":[{"embeddable":true,"href":"https:\/\/www.villa-kerasia.gr\/fr\/wp-json\/wp\/v2\/comments?post=155"}],"version-history":[{"count":33,"href":"https:\/\/www.villa-kerasia.gr\/fr\/wp-json\/wp\/v2\/pages\/155\/revisions"}],"predecessor-version":[{"id":1234,"href":"https:\/\/www.villa-kerasia.gr\/fr\/wp-json\/wp\/v2\/pages\/155\/revisions\/1234"}],"wp:featuredmedia":[{"embeddable":true,"href":"https:\/\/www.villa-kerasia.gr\/fr\/wp-json\/wp\/v2\/media\/436"}],"wp:attachment":[{"href":"https:\/\/www.villa-kerasia.gr\/fr\/wp-json\/wp\/v2\/media?parent=155"}],"curies":[{"name":"wp","href":"https:\/\/api.w.org\/{rel}","templated":true}]}}