{"id":169,"date":"2018-08-13T12:26:49","date_gmt":"2018-08-13T12:26:49","guid":{"rendered":"https:\/\/themes.getmotopress.com\/ciestra\/?page_id=169"},"modified":"2023-03-20T10:22:22","modified_gmt":"2023-03-20T08:22:22","slug":"get-in-touch","status":"publish","type":"page","link":"https:\/\/www.villa-kerasia.gr\/fr\/get-in-touch\/","title":{"rendered":"Contactez-nous"},"content":{"rendered":"\t\t<div data-elementor-type=\"wp-post\" data-elementor-id=\"169\" class=\"elementor elementor-169\">\n\t\t\t\t\t\t<section class=\"elementor-section elementor-top-section elementor-element elementor-element-0e109fb elementor-section-boxed elementor-section-height-default elementor-section-height-default\" data-id=\"0e109fb\" data-element_type=\"section\">\n\t\t\t\t\t\t<div class=\"elementor-container elementor-column-gap-default\">\n\t\t\t\t\t<div class=\"elementor-column elementor-col-100 elementor-top-column elementor-element elementor-element-7092133\" data-id=\"7092133\" data-element_type=\"column\">\n\t\t\t<div class=\"elementor-widget-wrap elementor-element-populated\">\n\t\t\t\t\t\t<div class=\"elementor-element elementor-element-c14c503 elementor-widget elementor-widget-heading\" data-id=\"c14c503\" data-element_type=\"widget\" data-widget_type=\"heading.default\">\n\t\t\t\t<div class=\"elementor-widget-container\">\n\t\t\t\t\t<h4 class=\"elementor-heading-title elementor-size-default\">Contactez-nous par e-mail<\/h4>\t\t\t\t<\/div>\n\t\t\t\t<\/div>\n\t\t\t\t<div class=\"elementor-element elementor-element-5d3b131 elementor-widget elementor-widget-shortcode\" data-id=\"5d3b131\" data-element_type=\"widget\" data-widget_type=\"shortcode.default\">\n\t\t\t\t<div class=\"elementor-widget-container\">\n\t\t\t\t\t\t\t<div class=\"elementor-shortcode\">\n<div class=\"wpcf7 no-js\" id=\"wpcf7-f875-o1\" lang=\"en-US\" dir=\"ltr\" data-wpcf7-id=\"875\">\n<div class=\"screen-reader-response\"><p role=\"status\" aria-live=\"polite\" aria-atomic=\"true\"><\/p> <ul><\/ul><\/div>\n<form action=\"\/fr\/wp-json\/wp\/v2\/pages\/169#wpcf7-f875-o1\" method=\"post\" class=\"wpcf7-form init\" aria-label=\"Contact form\" novalidate=\"novalidate\" data-status=\"init\">\n<fieldset class=\"hidden-fields-container\"><input type=\"hidden\" name=\"_wpcf7\" value=\"875\" \/><input type=\"hidden\" name=\"_wpcf7_version\" value=\"6.1.4\" \/><input type=\"hidden\" name=\"_wpcf7_locale\" value=\"en_US\" \/><input type=\"hidden\" name=\"_wpcf7_unit_tag\" value=\"wpcf7-f875-o1\" \/><input type=\"hidden\" name=\"_wpcf7_container_post\" value=\"0\" \/><input type=\"hidden\" name=\"_wpcf7_posted_data_hash\" value=\"\" \/>\n<\/fieldset>\n<p><label for=\"name\">Nom<\/label><span class=\"wpcf7-form-control-wrap\" data-name=\"your-name\"><input size=\"40\" maxlength=\"400\" class=\"wpcf7-form-control wpcf7-text wpcf7-validates-as-required\" id=\"name\" aria-required=\"true\" aria-invalid=\"false\" value=\"\" type=\"text\" name=\"your-name\" \/><\/span>\n<\/p>\n<p><label for=\"email\">E-mail<\/label><span class=\"wpcf7-form-control-wrap\" data-name=\"your-email\"><input size=\"40\" maxlength=\"400\" class=\"wpcf7-form-control wpcf7-email wpcf7-validates-as-required wpcf7-text wpcf7-validates-as-email\" id=\"email\" aria-required=\"true\" aria-invalid=\"false\" value=\"\" type=\"email\" name=\"your-email\" \/><\/span>\n<\/p>\n<p><label for=\"your-phone\">T\u00e9l\u00e9phoner<\/label><span class=\"wpcf7-form-control-wrap\" data-name=\"your-phone\"><input size=\"40\" maxlength=\"400\" class=\"wpcf7-form-control wpcf7-text\" id=\"your-phone\" aria-invalid=\"false\" value=\"\" type=\"text\" name=\"your-phone\" \/><\/span>\n<\/p>\n<p><label for=\"message\">Message<\/label><span class=\"wpcf7-form-control-wrap\" data-name=\"your-message\"><textarea cols=\"40\" rows=\"10\" maxlength=\"2000\" class=\"wpcf7-form-control wpcf7-textarea\" id=\"message\" aria-invalid=\"false\" name=\"your-message\"><\/textarea><\/span>\n<\/p>\n<p><span class=\"wpcf7-form-control-wrap\" data-name=\"acceptance-563\"><span class=\"wpcf7-form-control wpcf7-acceptance\"><span class=\"wpcf7-list-item\"><label><input type=\"checkbox\" name=\"acceptance-563\" value=\"1\" id=\"terms\" aria-invalid=\"false\" \/><span class=\"wpcf7-list-item-label\">J'accepte le <a href=\"\/privacy-policy\">Politique de confidentialit\u00e9<\/a><\/span><\/label><\/span><\/span><\/span>\n<\/p>\n<p><div class=\"cf7-cf-turnstile\" style=\"margin-top: 0px; margin-bottom: -15px;\"> <div id=\"cf-turnstile-cf7-1049770995\" class=\"cf-turnstile\" data-sitekey=\"0x4AAAAAACNZDMuRmibRLvsA\" data-theme=\"light\" data-language=\"auto\" data-size=\"normal\" data-retry=\"auto\" data-retry-interval=\"1000\" data-refresh-expired=\"auto\" data-refresh-timeout=\"auto\" data-action=\"contact-form-7\" data-callback=\"turnstileCF7Callback\" data-appearance=\"always\"><\/div> <script>document.addEventListener(\"DOMContentLoaded\", function() { setTimeout(function(){ var e=document.getElementById(\"cf-turnstile-cf7-1049770995\"); if(e&&!e.innerHTML.trim()){turnstile.render(e, {sitekey:\"0x4AAAAAACNZDMuRmibRLvsA\"});} }, 200); });<\/script> <br class=\"cf-turnstile-br cf-turnstile-br-cf7-1049770995\"> <style>#cf-turnstile-cf7-1049770995 { margin-left: -15px; }<\/style> <script>document.addEventListener(\"DOMContentLoaded\",function(){document.querySelectorAll('.wpcf7-form').forEach(function(e){e.addEventListener('submit',function(){if(document.getElementById('cf-turnstile-cf7-1049770995')){setTimeout(function(){turnstile.reset('#cf-turnstile-cf7-1049770995');},1000)}})})});<\/script> <\/div><br\/><input class=\"wpcf7-form-control wpcf7-submit has-spinner button\" type=\"submit\" value=\"ENVOYER\" \/>\n<\/p><div class=\"wpcf7-response-output\" aria-hidden=\"true\"><\/div>\n<\/form>\n<\/div>\n<\/div>\n\t\t\t\t\t\t<\/div>\n\t\t\t\t<\/div>\n\t\t\t\t<div class=\"elementor-element elementor-element-6e6134c elementor-widget elementor-widget-html\" data-id=\"6e6134c\" data-element_type=\"widget\" data-widget_type=\"html.default\">\n\t\t\t\t<div class=\"elementor-widget-container\">\n\t\t\t\t\t<style type=\"text\/css\" id=\"umsMapStyles_1_23971\">\r\n    #ultimate_maps_1_23971 {\r\n        width: 100%;\r\n        height: 450px;\r\n                border: 0px solid ;\r\n        margin: 0px;\r\n    }\r\n    #mapsControlsNum_1_23971 {\r\n        width:100%    }\r\n    .umsMapDetailsContainer#umsMapDetailsContainer_1_23971 {\r\n        height:450px;\r\n    }\r\n    .ums_MapPreview#ultimate_maps_1_23971 {\r\n        \/*position:absolute;*\/\r\n        width:100%;\r\n    }\r\n    #mapConElem_1_23971{\r\n        width:100%    }\r\n    <\/style><div class=\"ums_map_opts\" id=\"mapConElem_1_23971\" data-id=\"1\" data-view-id=\"1_23971\" > <div class=\"umsMapDetailsContainer\" id=\"umsMapDetailsContainer_1_23971\"> <i class=\"umsKMLLayersPreloader fa fa-spinner fa-spin\" aria-hidden=\"true\" style=\"display: none;\"><\/i> <div class=\"ums_MapPreview \" id=\"ultimate_maps_1_23971\"><\/div> <\/div> <div class=\"umsMapMarkerFilters\" id=\"umsMapMarkerFilters_1_23971\"> <\/div> <div class=\"umsMapProControlsCon\" id=\"umsMapProControlsCon_1_23971\"> <a title=\"WordPress Google Maps\" style=\"display:none;\" href=\"https:\/\/supsystic.com\/plugins\/google-maps-plugin\/?utm_medium=love_link_hide\" target=\"_blank\">WordPress Google Maps<\/a><div style=\"clear: both;\"><\/div> <\/div> <div class=\"umsMapProDirectionsCon\" id=\"umsMapProDirectionsCon_1_23971\" > <\/div> <div class=\"umsMapProKmlFilterCon\" id=\"umsMapProKmlFilterCon_1_23971\" > <\/div> <div class=\"umsSocialSharingShell umsSocialSharingShell_1_23971\"> <\/div> <div style=\"clear: both;\"><\/div> <\/div>\t\t\t\t<\/div>\n\t\t\t\t<\/div>\n\t\t\t\t<div class=\"elementor-element elementor-element-a30245d elementor-widget elementor-widget-heading\" data-id=\"a30245d\" data-element_type=\"widget\" data-widget_type=\"heading.default\">\n\t\t\t\t<div class=\"elementor-widget-container\">\n\t\t\t\t\t<h2 class=\"elementor-heading-title elementor-size-default\">Comment arriver \u00e0 la Villa Kerasia<\/h2>\t\t\t\t<\/div>\n\t\t\t\t<\/div>\n\t\t\t\t<div class=\"elementor-element elementor-element-10bc995 elementor-widget elementor-widget-text-editor\" data-id=\"10bc995\" data-element_type=\"widget\" data-widget_type=\"text-editor.default\">\n\t\t\t\t<div class=\"elementor-widget-container\">\n\t\t\t\t\t\t\t\t\t<p><strong>Coordonn\u00e9es GPS:<\/strong><br \/>Latitude: 35.190213<br \/>Longitude: 25.0146788<br \/>Altitude: 473m<\/p><p><strong>En bus:<\/strong> Prenez de la Gare Routi\u00e8re d\u2019H\u00e9raklion, \u00e0 Chanioporta, l\u2019un des bus suivants : Agia Varvara et Messara.<\/p><p><strong>En taxi\/Voiture:<\/strong> Station de taxi \u00e0 l\u2019a\u00e9roport d\u2019H\u00e9raklion ou au Port d\u2019H\u00e9raklion.<\/p>\t\t\t\t\t\t\t\t<\/div>\n\t\t\t\t<\/div>\n\t\t\t\t<div class=\"elementor-element elementor-element-abe6cdd elementor-widget elementor-widget-toggle\" data-id=\"abe6cdd\" data-element_type=\"widget\" data-widget_type=\"toggle.default\">\n\t\t\t\t<div class=\"elementor-widget-container\">\n\t\t\t\t\t\t\t<div class=\"elementor-toggle\">\n\t\t\t\t\t\t\t<div class=\"elementor-toggle-item\">\n\t\t\t\t\t<div id=\"elementor-tab-title-1801\" class=\"elementor-tab-title\" data-tab=\"1\" role=\"button\" aria-controls=\"elementor-tab-content-1801\" aria-expanded=\"false\">\n\t\t\t\t\t\t\t\t\t\t\t\t<span class=\"elementor-toggle-icon elementor-toggle-icon-left\" aria-hidden=\"true\">\n\t\t\t\t\t\t\t\t\t\t\t\t\t\t\t<span class=\"elementor-toggle-icon-closed\"><i class=\"fas fa-caret-right\"><\/i><\/span>\n\t\t\t\t\t\t\t\t<span class=\"elementor-toggle-icon-opened\"><i class=\"elementor-toggle-icon-opened fas fa-caret-up\"><\/i><\/span>\n\t\t\t\t\t\t\t\t\t\t\t\t\t<\/span>\n\t\t\t\t\t\t\t\t\t\t\t\t<a class=\"elementor-toggle-title\" tabindex=\"0\">Comment arriver \u00e0 la Villa Kerasia de l\u2019A\u00e9roport d\u2019H\u00e9raklion<\/a>\n\t\t\t\t\t<\/div>\n\n\t\t\t\t\t<div id=\"elementor-tab-content-1801\" class=\"elementor-tab-content elementor-clearfix\" data-tab=\"1\" role=\"region\" aria-labelledby=\"elementor-tab-title-1801\"><ul>\n \t<li>Sortez de l\u2019a\u00e9roport et continuez tout droit pour 500 m\u00e8tres. Prenez l\u2019autoroute en tournant \u00e0 droite en direction d\u2019H\u00e9raklion.<\/li>\n \t<li>Continuez tout droit et ignorez les panneaux pour H\u00e9raklion.<\/li>\n \t<li>Apr\u00e8s environ quatre (4) kilom\u00e8tres, ignorez le premier panneau de sortie \u00e0 H\u00e9raklion et prenez la sortie suivante, apr\u00e8s 50 m\u00e8tres, \u00e0 Mires\/Moires.<\/li>\n \t<li>Prenez cette sortie et tournez \u00e0 droite.<\/li>\n \t<li>Continuez sur cette route en suivant les panneaux pour Agia Varvara et Mires\/Moires.<\/li>\n \t<li>Quand vous vous approchez de la sortie \u00e0 Venerato (16 km), vous avez presque atteint votre destination.<\/li>\n \t<li>C\u2019est un tr\u00e8s petit village, roulez lentement et vous allez voir le panneau pour Kerasia et Asites. Tournez \u00e0 droite et remettez \u00e0 z\u00e9ro votre compteur kilom\u00e9trique. Vous n\u2019avez plus que 2.2 kilom\u00e8tres \u00e0 parcourir.<\/li>\n \t<li>Suivez lentement la route en montant la colline, apr\u00e8s le petit village de Kerasia.<\/li>\n \t<li>Continuez \u00e0 monter la colline et sur votre gauche vous apercevrez la villa.<\/li>\n \t<li>Tournez \u00e0 gauche \u00e0 2.2 kilom\u00e8tres et vous y \u00eates.<\/li>\n \t<li>Il y a un petit parking pour les clients sur la droite.<\/li>\n<\/ul><\/div>\n\t\t\t\t<\/div>\n\t\t\t\t\t\t\t<div class=\"elementor-toggle-item\">\n\t\t\t\t\t<div id=\"elementor-tab-title-1802\" class=\"elementor-tab-title\" data-tab=\"2\" role=\"button\" aria-controls=\"elementor-tab-content-1802\" aria-expanded=\"false\">\n\t\t\t\t\t\t\t\t\t\t\t\t<span class=\"elementor-toggle-icon elementor-toggle-icon-left\" aria-hidden=\"true\">\n\t\t\t\t\t\t\t\t\t\t\t\t\t\t\t<span class=\"elementor-toggle-icon-closed\"><i class=\"fas fa-caret-right\"><\/i><\/span>\n\t\t\t\t\t\t\t\t<span class=\"elementor-toggle-icon-opened\"><i class=\"elementor-toggle-icon-opened fas fa-caret-up\"><\/i><\/span>\n\t\t\t\t\t\t\t\t\t\t\t\t\t<\/span>\n\t\t\t\t\t\t\t\t\t\t\t\t<a class=\"elementor-toggle-title\" tabindex=\"0\">Comment arriver \u00e0 la Villa Kerasia du Port d\u2019H\u00e9raklion<\/a>\n\t\t\t\t\t<\/div>\n\n\t\t\t\t\t<div id=\"elementor-tab-content-1802\" class=\"elementor-tab-content elementor-clearfix\" data-tab=\"2\" role=\"region\" aria-labelledby=\"elementor-tab-title-1802\"><ul>\n \t<li>Sortez du port et tournez tout de suite \u00e0 droite.<\/li>\n \t<li>Conduisez vers l\u2019ouest sur l\u2019autoroute le long de la c\u00f4te.<\/li>\n \t<li>Vous \u00eates maintenant sur la bonne voie, continuez \u00e0 la suivre. Apr\u00e8s environ 2 kilom\u00e8tres, vous allez voir un panneau pour Mires\/Moires et Tympaki.<\/li>\n \t<li>Continuez \u00e0 suivre l\u2019autoroute jusqu\u2019\u00e0 atteindre la sortie \u00e0 Venerato (16 km).<\/li>\n \t<li>C\u2019est un tr\u00e8s petit village, roulez lentement et vous allez voir le panneau pour Kerasia et Asites. Tournez \u00e0 droite et remettez \u00e0 z\u00e9ro votre compteur kilom\u00e9trique. Vous n\u2019avez plus que 2.2 kilom\u00e8tres \u00e0 parcourir.<\/li>\n \t<li>Suivez lentement la route en montant la colline, apr\u00e8s le petit village de Kerasia.<\/li>\n \t<li>Continuez \u00e0 monter la colline et sur votre gauche vous apercevrez la villa.<\/li>\n \t<li>Tournez \u00e0 gauche \u00e0 2.2 kilom\u00e8tres et vous y \u00eates.<\/li>\n \t<li>Il y a un petit parking pour les clients sur la droite.<\/li>\n<\/ul><\/div>\n\t\t\t\t<\/div>\n\t\t\t\t\t\t\t\t<\/div>\n\t\t\t\t\t\t<\/div>\n\t\t\t\t<\/div>\n\t\t\t\t<div class=\"elementor-element elementor-element-3644a9d elementor-icon-list--layout-traditional elementor-list-item-link-full_width elementor-widget elementor-widget-icon-list\" data-id=\"3644a9d\" data-element_type=\"widget\" data-widget_type=\"icon-list.default\">\n\t\t\t\t<div class=\"elementor-widget-container\">\n\t\t\t\t\t\t\t<ul class=\"elementor-icon-list-items\">\n\t\t\t\t\t\t\t<li class=\"elementor-icon-list-item\">\n\t\t\t\t\t\t\t\t\t\t\t<a href=\"tel:2810791021\">\n\n\t\t\t\t\t\t\t\t\t\t\t\t<span class=\"elementor-icon-list-icon\">\n\t\t\t\t\t\t\t<i aria-hidden=\"true\" class=\"fas fa-phone\"><\/i>\t\t\t\t\t\t<\/span>\n\t\t\t\t\t\t\t\t\t\t<span class=\"elementor-icon-list-text\">Phone: +30.2810791021<\/span>\n\t\t\t\t\t\t\t\t\t\t\t<\/a>\n\t\t\t\t\t\t\t\t\t<\/li>\n\t\t\t\t\t\t\t\t<li class=\"elementor-icon-list-item\">\n\t\t\t\t\t\t\t\t\t\t\t<a href=\"mailto:info@villa-kerasia.gr\">\n\n\t\t\t\t\t\t\t\t\t\t\t\t<span class=\"elementor-icon-list-icon\">\n\t\t\t\t\t\t\t<i aria-hidden=\"true\" class=\"fas fa-at\"><\/i>\t\t\t\t\t\t<\/span>\n\t\t\t\t\t\t\t\t\t\t<span class=\"elementor-icon-list-text\">Email: info@villa-kerasia.gr<\/span>\n\t\t\t\t\t\t\t\t\t\t\t<\/a>\n\t\t\t\t\t\t\t\t\t<\/li>\n\t\t\t\t\t\t\t\t<li class=\"elementor-icon-list-item\">\n\t\t\t\t\t\t\t\t\t\t\t<a href=\"https:\/\/goo.gl\/maps\/GGEMxzfrZkFLbp3q8\" target=\"_blank\">\n\n\t\t\t\t\t\t\t\t\t\t\t\t<span class=\"elementor-icon-list-icon\">\n\t\t\t\t\t\t\t<i aria-hidden=\"true\" class=\"fas fa-map-marker-alt\"><\/i>\t\t\t\t\t\t<\/span>\n\t\t\t\t\t\t\t\t\t\t<span class=\"elementor-icon-list-text\">Address: Vlahiana Heraklion Crete<\/span>\n\t\t\t\t\t\t\t\t\t\t\t<\/a>\n\t\t\t\t\t\t\t\t\t<\/li>\n\t\t\t\t\t\t\t\t<li class=\"elementor-icon-list-item\">\n\t\t\t\t\t\t\t\t\t\t\t<span class=\"elementor-icon-list-icon\">\n\t\t\t\t\t\t\t<i aria-hidden=\"true\" class=\"fas fa-fax\"><\/i>\t\t\t\t\t\t<\/span>\n\t\t\t\t\t\t\t\t\t\t<span class=\"elementor-icon-list-text\">Fax: +30.2810791031<\/span>\n\t\t\t\t\t\t\t\t\t<\/li>\n\t\t\t\t\t\t<\/ul>\n\t\t\t\t\t\t<\/div>\n\t\t\t\t<\/div>\n\t\t\t\t\t<\/div>\n\t\t<\/div>\n\t\t\t\t\t<\/div>\n\t\t<\/section>\n\t\t\t\t<\/div>\n\t\t","protected":false},"excerpt":{"rendered":"<p>Contactez-nous par e-mail Comment arriver \u00e0 la Villa Kerasia Coordonn\u00e9es GPS: Latitude: 35.190213 Longitude: 25.0146788 Altitude: 473m En bus: Prenez de la Gare Routi\u00e8re d\u2019H\u00e9raklion, \u00e0 Chanioporta, l\u2019un des bus suivants : Agia Varvara et Messara. En taxi\/Voiture: Station de taxi \u00e0 l\u2019a\u00e9roport d\u2019H\u00e9raklion ou au Port d\u2019H\u00e9raklion. Comment arriver \u00e0 la Villa Kerasia de [&hellip;]<\/p>\n","protected":false},"author":2,"featured_media":0,"parent":0,"menu_order":0,"comment_status":"closed","ping_status":"closed","template":"","meta":{"inline_featured_image":false,"footnotes":""},"class_list":["post-169","page","type-page","status-publish","hentry"],"yoast_head":"<!-- This site is optimized with the Yoast SEO plugin v27.3 - https:\/\/yoast.com\/product\/yoast-seo-wordpress\/ -->\n<title>Contactez-nous - Villa Kerasia - Bed &amp; Breakfast in Heraklion of Crete - Villa for Rent in Crete, Holiday Rentals in Crete Greece, Crete Villa Rentals<\/title>\n<meta name=\"robots\" content=\"index, follow, max-snippet:-1, max-image-preview:large, max-video-preview:-1\" \/>\n<link rel=\"canonical\" href=\"https:\/\/www.villa-kerasia.gr\/fr\/get-in-touch\/\" \/>\n<meta property=\"og:locale\" content=\"fr_FR\" \/>\n<meta property=\"og:type\" content=\"article\" \/>\n<meta property=\"og:title\" content=\"Contactez-nous - Villa Kerasia - Bed &amp; Breakfast in Heraklion of Crete - Villa for Rent in Crete, Holiday Rentals in Crete Greece, Crete Villa Rentals\" \/>\n<meta property=\"og:description\" content=\"Contactez-nous par e-mail Comment arriver \u00e0 la Villa Kerasia Coordonn\u00e9es GPS: Latitude: 35.190213 Longitude: 25.0146788 Altitude: 473m En bus: Prenez de la Gare Routi\u00e8re d\u2019H\u00e9raklion, \u00e0 Chanioporta, l\u2019un des bus suivants : Agia Varvara et Messara. En taxi\/Voiture: Station de taxi \u00e0 l\u2019a\u00e9roport d\u2019H\u00e9raklion ou au Port d\u2019H\u00e9raklion. Comment arriver \u00e0 la Villa Kerasia de [&hellip;]\" \/>\n<meta property=\"og:url\" content=\"https:\/\/www.villa-kerasia.gr\/fr\/get-in-touch\/\" \/>\n<meta property=\"og:site_name\" content=\"Villa Kerasia - Bed &amp; Breakfast in Heraklion of Crete - Villa for Rent in Crete, Holiday Rentals in Crete Greece, Crete Villa Rentals\" \/>\n<meta property=\"article:publisher\" content=\"https:\/\/www.facebook.com\/villakerasia\/\" \/>\n<meta property=\"article:modified_time\" content=\"2023-03-20T08:22:22+00:00\" \/>\n<meta property=\"og:image\" content=\"https:\/\/www.villa-kerasia.gr\/wp-content\/uploads\/2021\/12\/First.jpg\" \/>\n\t<meta property=\"og:image:width\" content=\"1400\" \/>\n\t<meta property=\"og:image:height\" content=\"1050\" \/>\n\t<meta property=\"og:image:type\" content=\"image\/jpeg\" \/>\n<meta name=\"twitter:card\" content=\"summary_large_image\" \/>\n<meta name=\"twitter:label1\" content=\"Dur\u00e9e de lecture estim\u00e9e\" \/>\n\t<meta name=\"twitter:data1\" content=\"3 minutes\" \/>\n<script type=\"application\/ld+json\" class=\"yoast-schema-graph\">{\"@context\":\"https:\\\/\\\/schema.org\",\"@graph\":[{\"@type\":\"WebPage\",\"@id\":\"https:\\\/\\\/www.villa-kerasia.gr\\\/fr\\\/get-in-touch\\\/\",\"url\":\"https:\\\/\\\/www.villa-kerasia.gr\\\/fr\\\/get-in-touch\\\/\",\"name\":\"Contactez-nous - Villa Kerasia - Bed &amp; Breakfast in Heraklion of Crete - Villa for Rent in Crete, Holiday Rentals in Crete Greece, Crete Villa Rentals\",\"isPartOf\":{\"@id\":\"https:\\\/\\\/www.villa-kerasia.gr\\\/#website\"},\"datePublished\":\"2018-08-13T12:26:49+00:00\",\"dateModified\":\"2023-03-20T08:22:22+00:00\",\"breadcrumb\":{\"@id\":\"https:\\\/\\\/www.villa-kerasia.gr\\\/fr\\\/get-in-touch\\\/#breadcrumb\"},\"inLanguage\":\"fr-FR\",\"potentialAction\":[{\"@type\":\"ReadAction\",\"target\":[\"https:\\\/\\\/www.villa-kerasia.gr\\\/fr\\\/get-in-touch\\\/\"]}]},{\"@type\":\"BreadcrumbList\",\"@id\":\"https:\\\/\\\/www.villa-kerasia.gr\\\/fr\\\/get-in-touch\\\/#breadcrumb\",\"itemListElement\":[{\"@type\":\"ListItem\",\"position\":1,\"name\":\"Home\",\"item\":\"https:\\\/\\\/www.villa-kerasia.gr\\\/\"},{\"@type\":\"ListItem\",\"position\":2,\"name\":\"Contactez-nous\"}]},{\"@type\":\"WebSite\",\"@id\":\"https:\\\/\\\/www.villa-kerasia.gr\\\/#website\",\"url\":\"https:\\\/\\\/www.villa-kerasia.gr\\\/\",\"name\":\"Villa Kerasia - Bed &amp; Breakfast in Heraklion of Crete - Villa for Rent in Crete, Holiday Rentals in Crete Greece, Crete Villa Rentals\",\"description\":\"Villa Kerasia - Bed &amp; Breakfast in Heraklion of Crete - Villa for Rent in Crete, Holiday Rentals in Crete Greece, Crete Villa Rentals\",\"publisher\":{\"@id\":\"https:\\\/\\\/www.villa-kerasia.gr\\\/#organization\"},\"potentialAction\":[{\"@type\":\"SearchAction\",\"target\":{\"@type\":\"EntryPoint\",\"urlTemplate\":\"https:\\\/\\\/www.villa-kerasia.gr\\\/?s={search_term_string}\"},\"query-input\":{\"@type\":\"PropertyValueSpecification\",\"valueRequired\":true,\"valueName\":\"search_term_string\"}}],\"inLanguage\":\"fr-FR\"},{\"@type\":\"Organization\",\"@id\":\"https:\\\/\\\/www.villa-kerasia.gr\\\/#organization\",\"name\":\"Villa Kerasia\",\"url\":\"https:\\\/\\\/www.villa-kerasia.gr\\\/\",\"logo\":{\"@type\":\"ImageObject\",\"inLanguage\":\"fr-FR\",\"@id\":\"https:\\\/\\\/www.villa-kerasia.gr\\\/#\\\/schema\\\/logo\\\/image\\\/\",\"url\":\"https:\\\/\\\/www.villa-kerasia.gr\\\/wp-content\\\/uploads\\\/2021\\\/12\\\/villa-kerasia-logo.png\",\"contentUrl\":\"https:\\\/\\\/www.villa-kerasia.gr\\\/wp-content\\\/uploads\\\/2021\\\/12\\\/villa-kerasia-logo.png\",\"width\":207,\"height\":112,\"caption\":\"Villa Kerasia\"},\"image\":{\"@id\":\"https:\\\/\\\/www.villa-kerasia.gr\\\/#\\\/schema\\\/logo\\\/image\\\/\"},\"sameAs\":[\"https:\\\/\\\/www.facebook.com\\\/villakerasia\\\/\"]}]}<\/script>\n<!-- \/ Yoast SEO plugin. -->","yoast_head_json":{"title":"Contactez-nous - Villa Kerasia - Bed &amp; Breakfast in Heraklion of Crete - Villa for Rent in Crete, Holiday Rentals in Crete Greece, Crete Villa Rentals","robots":{"index":"index","follow":"follow","max-snippet":"max-snippet:-1","max-image-preview":"max-image-preview:large","max-video-preview":"max-video-preview:-1"},"canonical":"https:\/\/www.villa-kerasia.gr\/fr\/get-in-touch\/","og_locale":"fr_FR","og_type":"article","og_title":"Contactez-nous - Villa Kerasia - Bed &amp; Breakfast in Heraklion of Crete - Villa for Rent in Crete, Holiday Rentals in Crete Greece, Crete Villa Rentals","og_description":"Contactez-nous par e-mail Comment arriver \u00e0 la Villa Kerasia Coordonn\u00e9es GPS: Latitude: 35.190213 Longitude: 25.0146788 Altitude: 473m En bus: Prenez de la Gare Routi\u00e8re d\u2019H\u00e9raklion, \u00e0 Chanioporta, l\u2019un des bus suivants : Agia Varvara et Messara. En taxi\/Voiture: Station de taxi \u00e0 l\u2019a\u00e9roport d\u2019H\u00e9raklion ou au Port d\u2019H\u00e9raklion. Comment arriver \u00e0 la Villa Kerasia de [&hellip;]","og_url":"https:\/\/www.villa-kerasia.gr\/fr\/get-in-touch\/","og_site_name":"Villa Kerasia - Bed &amp; Breakfast in Heraklion of Crete - Villa for Rent in Crete, Holiday Rentals in Crete Greece, Crete Villa Rentals","article_publisher":"https:\/\/www.facebook.com\/villakerasia\/","article_modified_time":"2023-03-20T08:22:22+00:00","og_image":[{"width":1400,"height":1050,"url":"https:\/\/www.villa-kerasia.gr\/wp-content\/uploads\/2021\/12\/First.jpg","type":"image\/jpeg"}],"twitter_card":"summary_large_image","twitter_misc":{"Dur\u00e9e de lecture estim\u00e9e":"3 minutes"},"schema":{"@context":"https:\/\/schema.org","@graph":[{"@type":"WebPage","@id":"https:\/\/www.villa-kerasia.gr\/fr\/get-in-touch\/","url":"https:\/\/www.villa-kerasia.gr\/fr\/get-in-touch\/","name":"Contactez-nous - Villa Kerasia - Bed &amp; Breakfast in Heraklion of Crete - Villa for Rent in Crete, Holiday Rentals in Crete Greece, Crete Villa Rentals","isPartOf":{"@id":"https:\/\/www.villa-kerasia.gr\/#website"},"datePublished":"2018-08-13T12:26:49+00:00","dateModified":"2023-03-20T08:22:22+00:00","breadcrumb":{"@id":"https:\/\/www.villa-kerasia.gr\/fr\/get-in-touch\/#breadcrumb"},"inLanguage":"fr-FR","potentialAction":[{"@type":"ReadAction","target":["https:\/\/www.villa-kerasia.gr\/fr\/get-in-touch\/"]}]},{"@type":"BreadcrumbList","@id":"https:\/\/www.villa-kerasia.gr\/fr\/get-in-touch\/#breadcrumb","itemListElement":[{"@type":"ListItem","position":1,"name":"Home","item":"https:\/\/www.villa-kerasia.gr\/"},{"@type":"ListItem","position":2,"name":"Contactez-nous"}]},{"@type":"WebSite","@id":"https:\/\/www.villa-kerasia.gr\/#website","url":"https:\/\/www.villa-kerasia.gr\/","name":"Villa Kerasia - Bed &amp; Breakfast in Heraklion of Crete - Villa for Rent in Crete, Holiday Rentals in Crete Greece, Crete Villa Rentals","description":"Villa Kerasia - Bed &amp; Breakfast in Heraklion of Crete - Villa for Rent in Crete, Holiday Rentals in Crete Greece, Crete Villa Rentals","publisher":{"@id":"https:\/\/www.villa-kerasia.gr\/#organization"},"potentialAction":[{"@type":"SearchAction","target":{"@type":"EntryPoint","urlTemplate":"https:\/\/www.villa-kerasia.gr\/?s={search_term_string}"},"query-input":{"@type":"PropertyValueSpecification","valueRequired":true,"valueName":"search_term_string"}}],"inLanguage":"fr-FR"},{"@type":"Organization","@id":"https:\/\/www.villa-kerasia.gr\/#organization","name":"Villa Kerasia","url":"https:\/\/www.villa-kerasia.gr\/","logo":{"@type":"ImageObject","inLanguage":"fr-FR","@id":"https:\/\/www.villa-kerasia.gr\/#\/schema\/logo\/image\/","url":"https:\/\/www.villa-kerasia.gr\/wp-content\/uploads\/2021\/12\/villa-kerasia-logo.png","contentUrl":"https:\/\/www.villa-kerasia.gr\/wp-content\/uploads\/2021\/12\/villa-kerasia-logo.png","width":207,"height":112,"caption":"Villa Kerasia"},"image":{"@id":"https:\/\/www.villa-kerasia.gr\/#\/schema\/logo\/image\/"},"sameAs":["https:\/\/www.facebook.com\/villakerasia\/"]}]}},"_links":{"self":[{"href":"https:\/\/www.villa-kerasia.gr\/fr\/wp-json\/wp\/v2\/pages\/169","targetHints":{"allow":["GET"]}}],"collection":[{"href":"https:\/\/www.villa-kerasia.gr\/fr\/wp-json\/wp\/v2\/pages"}],"about":[{"href":"https:\/\/www.villa-kerasia.gr\/fr\/wp-json\/wp\/v2\/types\/page"}],"author":[{"embeddable":true,"href":"https:\/\/www.villa-kerasia.gr\/fr\/wp-json\/wp\/v2\/users\/2"}],"replies":[{"embeddable":true,"href":"https:\/\/www.villa-kerasia.gr\/fr\/wp-json\/wp\/v2\/comments?post=169"}],"version-history":[{"count":74,"href":"https:\/\/www.villa-kerasia.gr\/fr\/wp-json\/wp\/v2\/pages\/169\/revisions"}],"predecessor-version":[{"id":1445,"href":"https:\/\/www.villa-kerasia.gr\/fr\/wp-json\/wp\/v2\/pages\/169\/revisions\/1445"}],"wp:attachment":[{"href":"https:\/\/www.villa-kerasia.gr\/fr\/wp-json\/wp\/v2\/media?parent=169"}],"curies":[{"name":"wp","href":"https:\/\/api.w.org\/{rel}","templated":true}]}}