{"id":755,"date":"2021-12-20T11:51:03","date_gmt":"2021-12-20T11:51:03","guid":{"rendered":"https:\/\/www.villa-kerasia.gr\/?page_id=755"},"modified":"2021-12-21T11:18:20","modified_gmt":"2021-12-21T11:18:20","slug":"nous","status":"publish","type":"page","link":"https:\/\/www.villa-kerasia.gr\/fr\/nous\/","title":{"rendered":"Nous"},"content":{"rendered":"\t\t<div data-elementor-type=\"wp-post\" data-elementor-id=\"755\" class=\"elementor elementor-755\">\n\t\t\t\t\t\t<section class=\"elementor-section elementor-top-section elementor-element elementor-element-c64f49e elementor-section-boxed elementor-section-height-default elementor-section-height-default\" data-id=\"c64f49e\" data-element_type=\"section\">\n\t\t\t\t\t\t<div class=\"elementor-container elementor-column-gap-default\">\n\t\t\t\t\t<div class=\"elementor-column elementor-col-100 elementor-top-column elementor-element elementor-element-76cc922\" data-id=\"76cc922\" data-element_type=\"column\">\n\t\t\t<div class=\"elementor-widget-wrap elementor-element-populated\">\n\t\t\t\t\t\t<div class=\"elementor-element elementor-element-0e4ca32 elementor-widget elementor-widget-text-editor\" data-id=\"0e4ca32\" data-element_type=\"widget\" data-widget_type=\"text-editor.default\">\n\t\t\t\t<div class=\"elementor-widget-container\">\n\t\t\t\t\t\t\t\t\t<p><strong>La Villa Kerasia<\/strong> est localis\u00e9e dans la r\u00e9gion de Vlahiana \u00e0 15 km Sud-ouest de la ville d\u2019 H\u00e9raklion, et se trouve au pied de Psiloritis, situ\u00e9e \u00e0 une altitude de 580m avec vue amphith\u00e9\u00e2trique sur Kerasia, Venerato et Avgeniki \u00e0 distance d\u2019environ 1 km. La beaut\u00e9 naturelle surprenante de la r\u00e9gion est accentu\u00e9e par le contraste morphologique intense du terrain et les vignobles qui entourent l\u2019\u00e9tablissement, ainsi que la beaut\u00e9 intrins\u00e8que et la vue imprenable des gorges d\u2019Ano Asites, Agia Irini et Venerato.<\/p><p>La r\u00e9gion autour de l\u2019H\u00f4tel Villa Kerasia est id\u00e9ale pour marcher \u00e0 travers les vieux sentiers vous amenant \u00e0 des \u00e9glises byzantines qui se trouvent \u00e0 proximit\u00e9. Le sentier international de randonn\u00e9e (E4) passant pr\u00e8s de l\u2019\u00e9tablissement m\u00e8ne au refuge organis\u00e9 du club local d\u2019alpinisme (Prinos, 1200 m d\u2019altitude). Vous pouvez \u00e9galement rejoindre des groupes d\u2019escalade organis\u00e9s \u00e0 destination de Psiloritis.<\/p><p>A une petite distance d\u2019environ 2 km de l\u2019\u00e9tablissement se trouve le site arch\u00e9ologique d\u2019Ancienne Rizinia. La cit\u00e9 a \u00e9t\u00e9 d\u00e9couverte pendant des fouilles arch\u00e9ologiques entre 1906-1908 et \u00e9tait prosp\u00e8re \u00e0 partir de la p\u00e9riode minoenne r\u00e9cente de 600 av.J.Chr. jusqu\u2019\u00e0 la p\u00e9riode hell\u00e9nistique de 67 av.J.Chr. La position de Rizinia au sommet d\u2019une colline, presqu\u2019au centre de Cr\u00e8te et \u00e0 mi-distance entre les deux grandes <strong>villes minoennes de Knossos et Faistos<\/strong>, \u00e9tait de grande importance strat\u00e9gique.<\/p>\t\t\t\t\t\t\t\t<\/div>\n\t\t\t\t<\/div>\n\t\t\t\t\t<\/div>\n\t\t<\/div>\n\t\t\t\t\t<\/div>\n\t\t<\/section>\n\t\t\t\t<\/div>\n\t\t","protected":false},"excerpt":{"rendered":"<p>La Villa Kerasia est localis\u00e9e dans la r\u00e9gion de Vlahiana \u00e0 15 km Sud-ouest de la ville d\u2019 H\u00e9raklion, et se trouve au pied de Psiloritis, situ\u00e9e \u00e0 une altitude de 580m avec vue amphith\u00e9\u00e2trique sur Kerasia, Venerato et Avgeniki \u00e0 distance d\u2019environ 1 km. La beaut\u00e9 naturelle surprenante de la r\u00e9gion est accentu\u00e9e par [&hellip;]<\/p>\n","protected":false},"author":2,"featured_media":415,"parent":0,"menu_order":0,"comment_status":"closed","ping_status":"closed","template":"","meta":{"inline_featured_image":false,"footnotes":""},"class_list":["post-755","page","type-page","status-publish","has-post-thumbnail","hentry"],"yoast_head":"<!-- This site is optimized with the Yoast SEO plugin v27.4 - https:\/\/yoast.com\/product\/yoast-seo-wordpress\/ -->\n<title>Nous - Villa Kerasia - Bed &amp; Breakfast in Heraklion of Crete - Villa for Rent in Crete, Holiday Rentals in Crete Greece, Crete Villa Rentals<\/title>\n<meta name=\"robots\" content=\"index, follow, max-snippet:-1, max-image-preview:large, max-video-preview:-1\" \/>\n<link rel=\"canonical\" href=\"https:\/\/www.villa-kerasia.gr\/fr\/nous\/\" \/>\n<meta property=\"og:locale\" content=\"fr_FR\" \/>\n<meta property=\"og:type\" content=\"article\" \/>\n<meta property=\"og:title\" content=\"Nous - Villa Kerasia - Bed &amp; Breakfast in Heraklion of Crete - Villa for Rent in Crete, Holiday Rentals in Crete Greece, Crete Villa Rentals\" \/>\n<meta property=\"og:description\" content=\"La Villa Kerasia est localis\u00e9e dans la r\u00e9gion de Vlahiana \u00e0 15 km Sud-ouest de la ville d\u2019 H\u00e9raklion, et se trouve au pied de Psiloritis, situ\u00e9e \u00e0 une altitude de 580m avec vue amphith\u00e9\u00e2trique sur Kerasia, Venerato et Avgeniki \u00e0 distance d\u2019environ 1 km. La beaut\u00e9 naturelle surprenante de la r\u00e9gion est accentu\u00e9e par [&hellip;]\" \/>\n<meta property=\"og:url\" content=\"https:\/\/www.villa-kerasia.gr\/fr\/nous\/\" \/>\n<meta property=\"og:site_name\" content=\"Villa Kerasia - Bed &amp; Breakfast in Heraklion of Crete - Villa for Rent in Crete, Holiday Rentals in Crete Greece, Crete Villa Rentals\" \/>\n<meta property=\"article:publisher\" content=\"https:\/\/www.facebook.com\/villakerasia\/\" \/>\n<meta property=\"article:modified_time\" content=\"2021-12-21T11:18:20+00:00\" \/>\n<meta property=\"og:image\" content=\"https:\/\/www.villa-kerasia.gr\/wp-content\/uploads\/2021\/12\/CF073815-1-768x577-2.jpg\" \/>\n\t<meta property=\"og:image:width\" content=\"768\" \/>\n\t<meta property=\"og:image:height\" content=\"577\" \/>\n\t<meta property=\"og:image:type\" content=\"image\/jpeg\" \/>\n<meta name=\"twitter:card\" content=\"summary_large_image\" \/>\n<meta name=\"twitter:label1\" content=\"Dur\u00e9e de lecture estim\u00e9e\" \/>\n\t<meta name=\"twitter:data1\" content=\"1 minute\" \/>\n<script type=\"application\/ld+json\" class=\"yoast-schema-graph\">{\"@context\":\"https:\\\/\\\/schema.org\",\"@graph\":[{\"@type\":\"WebPage\",\"@id\":\"https:\\\/\\\/www.villa-kerasia.gr\\\/fr\\\/nous\\\/\",\"url\":\"https:\\\/\\\/www.villa-kerasia.gr\\\/fr\\\/nous\\\/\",\"name\":\"Nous - Villa Kerasia - Bed &amp; Breakfast in Heraklion of Crete - Villa for Rent in Crete, Holiday Rentals in Crete Greece, Crete Villa Rentals\",\"isPartOf\":{\"@id\":\"https:\\\/\\\/www.villa-kerasia.gr\\\/#website\"},\"primaryImageOfPage\":{\"@id\":\"https:\\\/\\\/www.villa-kerasia.gr\\\/fr\\\/nous\\\/#primaryimage\"},\"image\":{\"@id\":\"https:\\\/\\\/www.villa-kerasia.gr\\\/fr\\\/nous\\\/#primaryimage\"},\"thumbnailUrl\":\"https:\\\/\\\/www.villa-kerasia.gr\\\/wp-content\\\/uploads\\\/2021\\\/12\\\/CF073815-1-768x577-2.jpg\",\"datePublished\":\"2021-12-20T11:51:03+00:00\",\"dateModified\":\"2021-12-21T11:18:20+00:00\",\"breadcrumb\":{\"@id\":\"https:\\\/\\\/www.villa-kerasia.gr\\\/fr\\\/nous\\\/#breadcrumb\"},\"inLanguage\":\"fr-FR\",\"potentialAction\":[{\"@type\":\"ReadAction\",\"target\":[\"https:\\\/\\\/www.villa-kerasia.gr\\\/fr\\\/nous\\\/\"]}]},{\"@type\":\"ImageObject\",\"inLanguage\":\"fr-FR\",\"@id\":\"https:\\\/\\\/www.villa-kerasia.gr\\\/fr\\\/nous\\\/#primaryimage\",\"url\":\"https:\\\/\\\/www.villa-kerasia.gr\\\/wp-content\\\/uploads\\\/2021\\\/12\\\/CF073815-1-768x577-2.jpg\",\"contentUrl\":\"https:\\\/\\\/www.villa-kerasia.gr\\\/wp-content\\\/uploads\\\/2021\\\/12\\\/CF073815-1-768x577-2.jpg\",\"width\":768,\"height\":577,\"caption\":\"CF073815 1 768x577 2\"},{\"@type\":\"BreadcrumbList\",\"@id\":\"https:\\\/\\\/www.villa-kerasia.gr\\\/fr\\\/nous\\\/#breadcrumb\",\"itemListElement\":[{\"@type\":\"ListItem\",\"position\":1,\"name\":\"Home\",\"item\":\"https:\\\/\\\/www.villa-kerasia.gr\\\/\"},{\"@type\":\"ListItem\",\"position\":2,\"name\":\"Nous\"}]},{\"@type\":\"WebSite\",\"@id\":\"https:\\\/\\\/www.villa-kerasia.gr\\\/#website\",\"url\":\"https:\\\/\\\/www.villa-kerasia.gr\\\/\",\"name\":\"Villa Kerasia - Bed &amp; Breakfast in Heraklion of Crete - Villa for Rent in Crete, Holiday Rentals in Crete Greece, Crete Villa Rentals\",\"description\":\"Villa Kerasia - Bed &amp; Breakfast in Heraklion of Crete - Villa for Rent in Crete, Holiday Rentals in Crete Greece, Crete Villa Rentals\",\"publisher\":{\"@id\":\"https:\\\/\\\/www.villa-kerasia.gr\\\/#organization\"},\"potentialAction\":[{\"@type\":\"SearchAction\",\"target\":{\"@type\":\"EntryPoint\",\"urlTemplate\":\"https:\\\/\\\/www.villa-kerasia.gr\\\/?s={search_term_string}\"},\"query-input\":{\"@type\":\"PropertyValueSpecification\",\"valueRequired\":true,\"valueName\":\"search_term_string\"}}],\"inLanguage\":\"fr-FR\"},{\"@type\":\"Organization\",\"@id\":\"https:\\\/\\\/www.villa-kerasia.gr\\\/#organization\",\"name\":\"Villa Kerasia\",\"url\":\"https:\\\/\\\/www.villa-kerasia.gr\\\/\",\"logo\":{\"@type\":\"ImageObject\",\"inLanguage\":\"fr-FR\",\"@id\":\"https:\\\/\\\/www.villa-kerasia.gr\\\/#\\\/schema\\\/logo\\\/image\\\/\",\"url\":\"https:\\\/\\\/www.villa-kerasia.gr\\\/wp-content\\\/uploads\\\/2021\\\/12\\\/villa-kerasia-logo.png\",\"contentUrl\":\"https:\\\/\\\/www.villa-kerasia.gr\\\/wp-content\\\/uploads\\\/2021\\\/12\\\/villa-kerasia-logo.png\",\"width\":207,\"height\":112,\"caption\":\"Villa Kerasia\"},\"image\":{\"@id\":\"https:\\\/\\\/www.villa-kerasia.gr\\\/#\\\/schema\\\/logo\\\/image\\\/\"},\"sameAs\":[\"https:\\\/\\\/www.facebook.com\\\/villakerasia\\\/\"]}]}<\/script>\n<!-- \/ Yoast SEO plugin. -->","yoast_head_json":{"title":"Nous - Villa Kerasia - Bed &amp; Breakfast in Heraklion of Crete - Villa for Rent in Crete, Holiday Rentals in Crete Greece, Crete Villa Rentals","robots":{"index":"index","follow":"follow","max-snippet":"max-snippet:-1","max-image-preview":"max-image-preview:large","max-video-preview":"max-video-preview:-1"},"canonical":"https:\/\/www.villa-kerasia.gr\/fr\/nous\/","og_locale":"fr_FR","og_type":"article","og_title":"Nous - Villa Kerasia - Bed &amp; Breakfast in Heraklion of Crete - Villa for Rent in Crete, Holiday Rentals in Crete Greece, Crete Villa Rentals","og_description":"La Villa Kerasia est localis\u00e9e dans la r\u00e9gion de Vlahiana \u00e0 15 km Sud-ouest de la ville d\u2019 H\u00e9raklion, et se trouve au pied de Psiloritis, situ\u00e9e \u00e0 une altitude de 580m avec vue amphith\u00e9\u00e2trique sur Kerasia, Venerato et Avgeniki \u00e0 distance d\u2019environ 1 km. La beaut\u00e9 naturelle surprenante de la r\u00e9gion est accentu\u00e9e par [&hellip;]","og_url":"https:\/\/www.villa-kerasia.gr\/fr\/nous\/","og_site_name":"Villa Kerasia - Bed &amp; Breakfast in Heraklion of Crete - Villa for Rent in Crete, Holiday Rentals in Crete Greece, Crete Villa Rentals","article_publisher":"https:\/\/www.facebook.com\/villakerasia\/","article_modified_time":"2021-12-21T11:18:20+00:00","og_image":[{"width":768,"height":577,"url":"https:\/\/www.villa-kerasia.gr\/wp-content\/uploads\/2021\/12\/CF073815-1-768x577-2.jpg","type":"image\/jpeg"}],"twitter_card":"summary_large_image","twitter_misc":{"Dur\u00e9e de lecture estim\u00e9e":"1 minute"},"schema":{"@context":"https:\/\/schema.org","@graph":[{"@type":"WebPage","@id":"https:\/\/www.villa-kerasia.gr\/fr\/nous\/","url":"https:\/\/www.villa-kerasia.gr\/fr\/nous\/","name":"Nous - Villa Kerasia - Bed &amp; Breakfast in Heraklion of Crete - Villa for Rent in Crete, Holiday Rentals in Crete Greece, Crete Villa Rentals","isPartOf":{"@id":"https:\/\/www.villa-kerasia.gr\/#website"},"primaryImageOfPage":{"@id":"https:\/\/www.villa-kerasia.gr\/fr\/nous\/#primaryimage"},"image":{"@id":"https:\/\/www.villa-kerasia.gr\/fr\/nous\/#primaryimage"},"thumbnailUrl":"https:\/\/www.villa-kerasia.gr\/wp-content\/uploads\/2021\/12\/CF073815-1-768x577-2.jpg","datePublished":"2021-12-20T11:51:03+00:00","dateModified":"2021-12-21T11:18:20+00:00","breadcrumb":{"@id":"https:\/\/www.villa-kerasia.gr\/fr\/nous\/#breadcrumb"},"inLanguage":"fr-FR","potentialAction":[{"@type":"ReadAction","target":["https:\/\/www.villa-kerasia.gr\/fr\/nous\/"]}]},{"@type":"ImageObject","inLanguage":"fr-FR","@id":"https:\/\/www.villa-kerasia.gr\/fr\/nous\/#primaryimage","url":"https:\/\/www.villa-kerasia.gr\/wp-content\/uploads\/2021\/12\/CF073815-1-768x577-2.jpg","contentUrl":"https:\/\/www.villa-kerasia.gr\/wp-content\/uploads\/2021\/12\/CF073815-1-768x577-2.jpg","width":768,"height":577,"caption":"CF073815 1 768x577 2"},{"@type":"BreadcrumbList","@id":"https:\/\/www.villa-kerasia.gr\/fr\/nous\/#breadcrumb","itemListElement":[{"@type":"ListItem","position":1,"name":"Home","item":"https:\/\/www.villa-kerasia.gr\/"},{"@type":"ListItem","position":2,"name":"Nous"}]},{"@type":"WebSite","@id":"https:\/\/www.villa-kerasia.gr\/#website","url":"https:\/\/www.villa-kerasia.gr\/","name":"Villa Kerasia - Bed &amp; Breakfast in Heraklion of Crete - Villa for Rent in Crete, Holiday Rentals in Crete Greece, Crete Villa Rentals","description":"Villa Kerasia - Bed &amp; Breakfast in Heraklion of Crete - Villa for Rent in Crete, Holiday Rentals in Crete Greece, Crete Villa Rentals","publisher":{"@id":"https:\/\/www.villa-kerasia.gr\/#organization"},"potentialAction":[{"@type":"SearchAction","target":{"@type":"EntryPoint","urlTemplate":"https:\/\/www.villa-kerasia.gr\/?s={search_term_string}"},"query-input":{"@type":"PropertyValueSpecification","valueRequired":true,"valueName":"search_term_string"}}],"inLanguage":"fr-FR"},{"@type":"Organization","@id":"https:\/\/www.villa-kerasia.gr\/#organization","name":"Villa Kerasia","url":"https:\/\/www.villa-kerasia.gr\/","logo":{"@type":"ImageObject","inLanguage":"fr-FR","@id":"https:\/\/www.villa-kerasia.gr\/#\/schema\/logo\/image\/","url":"https:\/\/www.villa-kerasia.gr\/wp-content\/uploads\/2021\/12\/villa-kerasia-logo.png","contentUrl":"https:\/\/www.villa-kerasia.gr\/wp-content\/uploads\/2021\/12\/villa-kerasia-logo.png","width":207,"height":112,"caption":"Villa Kerasia"},"image":{"@id":"https:\/\/www.villa-kerasia.gr\/#\/schema\/logo\/image\/"},"sameAs":["https:\/\/www.facebook.com\/villakerasia\/"]}]}},"_links":{"self":[{"href":"https:\/\/www.villa-kerasia.gr\/fr\/wp-json\/wp\/v2\/pages\/755","targetHints":{"allow":["GET"]}}],"collection":[{"href":"https:\/\/www.villa-kerasia.gr\/fr\/wp-json\/wp\/v2\/pages"}],"about":[{"href":"https:\/\/www.villa-kerasia.gr\/fr\/wp-json\/wp\/v2\/types\/page"}],"author":[{"embeddable":true,"href":"https:\/\/www.villa-kerasia.gr\/fr\/wp-json\/wp\/v2\/users\/2"}],"replies":[{"embeddable":true,"href":"https:\/\/www.villa-kerasia.gr\/fr\/wp-json\/wp\/v2\/comments?post=755"}],"version-history":[{"count":4,"href":"https:\/\/www.villa-kerasia.gr\/fr\/wp-json\/wp\/v2\/pages\/755\/revisions"}],"predecessor-version":[{"id":798,"href":"https:\/\/www.villa-kerasia.gr\/fr\/wp-json\/wp\/v2\/pages\/755\/revisions\/798"}],"wp:featuredmedia":[{"embeddable":true,"href":"https:\/\/www.villa-kerasia.gr\/fr\/wp-json\/wp\/v2\/media\/415"}],"wp:attachment":[{"href":"https:\/\/www.villa-kerasia.gr\/fr\/wp-json\/wp\/v2\/media?parent=755"}],"curies":[{"name":"wp","href":"https:\/\/api.w.org\/{rel}","templated":true}]}}