{"id":762,"date":"2021-12-20T11:53:13","date_gmt":"2021-12-20T11:53:13","guid":{"rendered":"https:\/\/www.villa-kerasia.gr\/?page_id=762"},"modified":"2024-07-24T11:27:28","modified_gmt":"2024-07-24T08:27:28","slug":"evenements","status":"publish","type":"page","link":"https:\/\/www.villa-kerasia.gr\/fr\/evenements\/","title":{"rendered":"Ev\u00e9nements"},"content":{"rendered":"\t\t<div data-elementor-type=\"wp-page\" data-elementor-id=\"762\" class=\"elementor elementor-762\">\n\t\t\t\t\t\t<section class=\"elementor-section elementor-top-section elementor-element elementor-element-6a5a0051 elementor-section-boxed elementor-section-height-default elementor-section-height-default\" data-id=\"6a5a0051\" data-element_type=\"section\">\n\t\t\t\t\t\t<div class=\"elementor-container elementor-column-gap-default\">\n\t\t\t\t\t<div class=\"elementor-column elementor-col-100 elementor-top-column elementor-element elementor-element-262df396\" data-id=\"262df396\" data-element_type=\"column\">\n\t\t\t<div class=\"elementor-widget-wrap elementor-element-populated\">\n\t\t\t\t\t\t<div class=\"elementor-element elementor-element-4385d0df elementor-widget elementor-widget-text-editor\" data-id=\"4385d0df\" data-element_type=\"widget\" data-widget_type=\"text-editor.default\">\n\t\t\t\t<div class=\"elementor-widget-container\">\n\t\t\t\t\t\t\t\t\t<p>Deprecated shortcode. Use <code><div id=\"vsel\" class=\"vsel-shortcode vsel-shortcode-all-events\"><div id=\"event-1076\" class=\"vsel-content vsel-past\"><h3 class=\"vsel-meta-title\"><a href=\"https:\/\/www.villa-kerasia.gr\/fr\/event\/route-des-vins\/\" rel=\"bookmark\" title=\"Route des vins\">Route des vins<\/a><\/h3><div class=\"vsel-meta vsel-alignleft\" style=\"width:36%;\"><div class=\"vsel-meta-date vsel-meta-single-date\">Date\u00a0: <span>ao\u00fbt 19, 2021<\/span><\/div><div class=\"vsel-meta-time\">Heure\u00a0: <span>12:00 am - 12:00 am<\/span><\/div><div class=\"vsel-meta-location\">Lieu: <span>Heraklion, Dafnes, Venerato, Siva, Avgeniki, Agios Thomas<\/span><\/div><\/div><div class=\"vsel-info vsel-alignright\" style=\"width:60%;\"><figure class=\"vsel-image vsel-alignright\" style=\"max-width:40%\"><a href=\"https:\/\/www.villa-kerasia.gr\/fr\/event\/route-des-vins\/\" rel=\"bookmark\"><img fetchpriority=\"high\" decoding=\"async\" width=\"614\" height=\"275\" src=\"https:\/\/www.villa-kerasia.gr\/wp-content\/uploads\/2021\/12\/wine_routes2.jpg\" class=\"vsel-image-img wp-post-image\" alt=\"wine routes2\" srcset=\"https:\/\/www.villa-kerasia.gr\/wp-content\/uploads\/2021\/12\/wine_routes2.jpg 614w, https:\/\/www.villa-kerasia.gr\/wp-content\/uploads\/2021\/12\/wine_routes2-300x134.jpg 300w\" sizes=\"(max-width: 614px) 100vw, 614px\" \/><figcaption class=\"vsel-caption\">wine routes2<\/figcaption><\/a><\/figure><div class=\"vsel-text\"><p>La majorit\u00e9 des vignerons ouvrent leurs portes au public. A nos jours les routes forment un r\u00e9seau unifi\u00e9 de routes commen\u00e7ant aux sorties de la ville d\u2019H\u00e9raklion sur la route nationale, \u00e0 l\u2019avenue Knossou \u00e0 l\u2019est et \u00e0 Estavromenos (Jonction de Giofyros) \u00e0 l\u2019ouest de la ville.<\/p>\n<\/div><\/div><\/div><div id=\"event-1077\" class=\"vsel-content vsel-past\"><h3 class=\"vsel-meta-title\"><a href=\"https:\/\/www.villa-kerasia.gr\/fr\/event\/symposium-international-de-sculpture\/\" rel=\"bookmark\" title=\"Symposium international de sculpture\">Symposium international de sculpture<\/a><\/h3><div class=\"vsel-meta vsel-alignleft\" style=\"width:36%;\"><div class=\"vsel-meta-date vsel-meta-single-date\">Date\u00a0: <span>juillet 2, 2021<\/span><\/div><div class=\"vsel-meta-time\">Heure\u00a0: <span>12:00 am - 12:00 am<\/span><\/div><div class=\"vsel-meta-location\">Lieu: <span>Venerato<\/span><\/div><\/div><div class=\"vsel-info vsel-alignright\" style=\"width:60%;\"><figure class=\"vsel-image vsel-alignright\" style=\"max-width:40%\"><a href=\"https:\/\/www.villa-kerasia.gr\/fr\/event\/symposium-international-de-sculpture\/\" rel=\"bookmark\"><img decoding=\"async\" width=\"614\" height=\"186\" src=\"https:\/\/www.villa-kerasia.gr\/wp-content\/uploads\/2021\/12\/sculpture2.jpg\" class=\"vsel-image-img wp-post-image\" alt=\"sculpture2\" srcset=\"https:\/\/www.villa-kerasia.gr\/wp-content\/uploads\/2021\/12\/sculpture2.jpg 614w, https:\/\/www.villa-kerasia.gr\/wp-content\/uploads\/2021\/12\/sculpture2-300x91.jpg 300w\" sizes=\"(max-width: 614px) 100vw, 614px\" \/><figcaption class=\"vsel-caption\">sculpture2<\/figcaption><\/a><\/figure><div class=\"vsel-text\"><p>(Dates de l\u2019\u00e9v\u00e9nement : 15\/6 \u2013 2\/7)<\/p>\n<p>Le r\u00eave des habitants de Paliani de sauvegarder l\u2019institution du Symposium International de Sculpture et cr\u00e9er une large Gall\u00e9rie de Sculpture en plein air qui sera ouverte au public est r\u00e9alis\u00e9 lentement, mais graduellement !<\/p>\n<\/div><\/div><\/div><div id=\"event-1078\" class=\"vsel-content vsel-past\"><h3 class=\"vsel-meta-title\"><a href=\"https:\/\/www.villa-kerasia.gr\/fr\/event\/fete-du-vin\/\" rel=\"bookmark\" title=\"F\u00eate du vin\">F\u00eate du vin<\/a><\/h3><div class=\"vsel-meta vsel-alignleft\" style=\"width:36%;\"><div class=\"vsel-meta-date vsel-meta-single-date\">Date\u00a0: <span>juin 25, 2021<\/span><\/div><div class=\"vsel-meta-time\">Heure\u00a0: <span>12:00 am - 12:00 am<\/span><\/div><div class=\"vsel-meta-location\">Lieu: <span>Dafnes Heraklion Crete<\/span><\/div><\/div><div class=\"vsel-info vsel-alignright\" style=\"width:60%;\"><figure class=\"vsel-image vsel-alignright\" style=\"max-width:40%\"><a href=\"https:\/\/www.villa-kerasia.gr\/fr\/event\/fete-du-vin\/\" rel=\"bookmark\"><img decoding=\"async\" width=\"620\" height=\"275\" src=\"https:\/\/www.villa-kerasia.gr\/wp-content\/uploads\/2021\/12\/dafnes_giorti_krasiou.jpg\" class=\"vsel-image-img wp-post-image\" alt=\"dafnes giorti krasiou\" srcset=\"https:\/\/www.villa-kerasia.gr\/wp-content\/uploads\/2021\/12\/dafnes_giorti_krasiou.jpg 620w, https:\/\/www.villa-kerasia.gr\/wp-content\/uploads\/2021\/12\/dafnes_giorti_krasiou-300x133.jpg 300w\" sizes=\"(max-width: 620px) 100vw, 620px\" \/><figcaption class=\"vsel-caption\">dafnes giorti krasiou<\/figcaption><\/a><\/figure><div class=\"vsel-text\"><p>Le fameux vin \u00ab DAFNES \u00bb (VQPRD) est produit \u00e0 Dafnes et provient de la vari\u00e9t\u00e9 du raisin connue sous le nom de \u00abLiatiko \u00bb. <\/p>\n<\/div><\/div><\/div><div class=\"vsel-nav\"><\/div><\/div><\/code> instead.<\/p>\t\t\t\t\t\t\t\t<\/div>\n\t\t\t\t<\/div>\n\t\t\t\t\t<\/div>\n\t\t<\/div>\n\t\t\t\t\t<\/div>\n\t\t<\/section>\n\t\t\t\t<\/div>\n\t\t","protected":false},"excerpt":{"rendered":"","protected":false},"author":2,"featured_media":0,"parent":0,"menu_order":0,"comment_status":"closed","ping_status":"closed","template":"","meta":{"inline_featured_image":false,"footnotes":""},"class_list":["post-762","page","type-page","status-publish","hentry"],"yoast_head":"<!-- This site is optimized with the Yoast SEO plugin v27.3 - https:\/\/yoast.com\/product\/yoast-seo-wordpress\/ -->\n<title>Ev\u00e9nements - Villa Kerasia - Bed &amp; Breakfast in Heraklion of Crete - Villa for Rent in Crete, Holiday Rentals in Crete Greece, Crete Villa Rentals<\/title>\n<meta name=\"robots\" content=\"index, follow, max-snippet:-1, max-image-preview:large, max-video-preview:-1\" \/>\n<link rel=\"canonical\" href=\"https:\/\/www.villa-kerasia.gr\/events\/\" \/>\n<meta property=\"og:locale\" content=\"fr_FR\" \/>\n<meta property=\"og:type\" content=\"article\" \/>\n<meta property=\"og:title\" content=\"Ev\u00e9nements - Villa Kerasia - Bed &amp; Breakfast in Heraklion of Crete - Villa for Rent in Crete, Holiday Rentals in Crete Greece, Crete Villa Rentals\" \/>\n<meta property=\"og:url\" content=\"https:\/\/www.villa-kerasia.gr\/events\/\" \/>\n<meta property=\"og:site_name\" content=\"Villa Kerasia - Bed &amp; Breakfast in Heraklion of Crete - Villa for Rent in Crete, Holiday Rentals in Crete Greece, Crete Villa Rentals\" \/>\n<meta property=\"article:publisher\" content=\"https:\/\/www.facebook.com\/villakerasia\/\" \/>\n<meta property=\"article:modified_time\" content=\"2024-07-24T08:27:28+00:00\" \/>\n<meta property=\"og:image\" content=\"https:\/\/www.villa-kerasia.gr\/wp-content\/uploads\/2021\/12\/First.jpg\" \/>\n\t<meta property=\"og:image:width\" content=\"1400\" \/>\n\t<meta property=\"og:image:height\" content=\"1050\" \/>\n\t<meta property=\"og:image:type\" content=\"image\/jpeg\" \/>\n<meta name=\"twitter:card\" content=\"summary_large_image\" \/>\n<meta name=\"twitter:label1\" content=\"Dur\u00e9e de lecture estim\u00e9e\" \/>\n\t<meta name=\"twitter:data1\" content=\"1 minute\" \/>\n<script type=\"application\/ld+json\" class=\"yoast-schema-graph\">{\"@context\":\"https:\\\/\\\/schema.org\",\"@graph\":[{\"@type\":\"WebPage\",\"@id\":\"https:\\\/\\\/www.villa-kerasia.gr\\\/events\\\/\",\"url\":\"https:\\\/\\\/www.villa-kerasia.gr\\\/events\\\/\",\"name\":\"Ev\u00e9nements - Villa Kerasia - Bed &amp; Breakfast in Heraklion of Crete - Villa for Rent in Crete, Holiday Rentals in Crete Greece, Crete Villa Rentals\",\"isPartOf\":{\"@id\":\"https:\\\/\\\/www.villa-kerasia.gr\\\/#website\"},\"datePublished\":\"2021-12-20T11:53:13+00:00\",\"dateModified\":\"2024-07-24T08:27:28+00:00\",\"breadcrumb\":{\"@id\":\"https:\\\/\\\/www.villa-kerasia.gr\\\/events\\\/#breadcrumb\"},\"inLanguage\":\"fr-FR\",\"potentialAction\":[{\"@type\":\"ReadAction\",\"target\":[\"https:\\\/\\\/www.villa-kerasia.gr\\\/events\\\/\"]}]},{\"@type\":\"BreadcrumbList\",\"@id\":\"https:\\\/\\\/www.villa-kerasia.gr\\\/events\\\/#breadcrumb\",\"itemListElement\":[{\"@type\":\"ListItem\",\"position\":1,\"name\":\"Home\",\"item\":\"https:\\\/\\\/www.villa-kerasia.gr\\\/\"},{\"@type\":\"ListItem\",\"position\":2,\"name\":\"Ev\u00e9nements\"}]},{\"@type\":\"WebSite\",\"@id\":\"https:\\\/\\\/www.villa-kerasia.gr\\\/#website\",\"url\":\"https:\\\/\\\/www.villa-kerasia.gr\\\/\",\"name\":\"Villa Kerasia - Bed &amp; Breakfast in Heraklion of Crete - Villa for Rent in Crete, Holiday Rentals in Crete Greece, Crete Villa Rentals\",\"description\":\"Villa Kerasia - Bed &amp; Breakfast in Heraklion of Crete - Villa for Rent in Crete, Holiday Rentals in Crete Greece, Crete Villa Rentals\",\"publisher\":{\"@id\":\"https:\\\/\\\/www.villa-kerasia.gr\\\/#organization\"},\"potentialAction\":[{\"@type\":\"SearchAction\",\"target\":{\"@type\":\"EntryPoint\",\"urlTemplate\":\"https:\\\/\\\/www.villa-kerasia.gr\\\/?s={search_term_string}\"},\"query-input\":{\"@type\":\"PropertyValueSpecification\",\"valueRequired\":true,\"valueName\":\"search_term_string\"}}],\"inLanguage\":\"fr-FR\"},{\"@type\":\"Organization\",\"@id\":\"https:\\\/\\\/www.villa-kerasia.gr\\\/#organization\",\"name\":\"Villa Kerasia\",\"url\":\"https:\\\/\\\/www.villa-kerasia.gr\\\/\",\"logo\":{\"@type\":\"ImageObject\",\"inLanguage\":\"fr-FR\",\"@id\":\"https:\\\/\\\/www.villa-kerasia.gr\\\/#\\\/schema\\\/logo\\\/image\\\/\",\"url\":\"https:\\\/\\\/www.villa-kerasia.gr\\\/wp-content\\\/uploads\\\/2021\\\/12\\\/villa-kerasia-logo.png\",\"contentUrl\":\"https:\\\/\\\/www.villa-kerasia.gr\\\/wp-content\\\/uploads\\\/2021\\\/12\\\/villa-kerasia-logo.png\",\"width\":207,\"height\":112,\"caption\":\"Villa Kerasia\"},\"image\":{\"@id\":\"https:\\\/\\\/www.villa-kerasia.gr\\\/#\\\/schema\\\/logo\\\/image\\\/\"},\"sameAs\":[\"https:\\\/\\\/www.facebook.com\\\/villakerasia\\\/\"]}]}<\/script>\n<!-- \/ Yoast SEO plugin. -->","yoast_head_json":{"title":"Ev\u00e9nements - Villa Kerasia - Bed &amp; Breakfast in Heraklion of Crete - Villa for Rent in Crete, Holiday Rentals in Crete Greece, Crete Villa Rentals","robots":{"index":"index","follow":"follow","max-snippet":"max-snippet:-1","max-image-preview":"max-image-preview:large","max-video-preview":"max-video-preview:-1"},"canonical":"https:\/\/www.villa-kerasia.gr\/events\/","og_locale":"fr_FR","og_type":"article","og_title":"Ev\u00e9nements - Villa Kerasia - Bed &amp; Breakfast in Heraklion of Crete - Villa for Rent in Crete, Holiday Rentals in Crete Greece, Crete Villa Rentals","og_url":"https:\/\/www.villa-kerasia.gr\/events\/","og_site_name":"Villa Kerasia - Bed &amp; Breakfast in Heraklion of Crete - Villa for Rent in Crete, Holiday Rentals in Crete Greece, Crete Villa Rentals","article_publisher":"https:\/\/www.facebook.com\/villakerasia\/","article_modified_time":"2024-07-24T08:27:28+00:00","og_image":[{"width":1400,"height":1050,"url":"https:\/\/www.villa-kerasia.gr\/wp-content\/uploads\/2021\/12\/First.jpg","type":"image\/jpeg"}],"twitter_card":"summary_large_image","twitter_misc":{"Dur\u00e9e de lecture estim\u00e9e":"1 minute"},"schema":{"@context":"https:\/\/schema.org","@graph":[{"@type":"WebPage","@id":"https:\/\/www.villa-kerasia.gr\/events\/","url":"https:\/\/www.villa-kerasia.gr\/events\/","name":"Ev\u00e9nements - Villa Kerasia - Bed &amp; Breakfast in Heraklion of Crete - Villa for Rent in Crete, Holiday Rentals in Crete Greece, Crete Villa Rentals","isPartOf":{"@id":"https:\/\/www.villa-kerasia.gr\/#website"},"datePublished":"2021-12-20T11:53:13+00:00","dateModified":"2024-07-24T08:27:28+00:00","breadcrumb":{"@id":"https:\/\/www.villa-kerasia.gr\/events\/#breadcrumb"},"inLanguage":"fr-FR","potentialAction":[{"@type":"ReadAction","target":["https:\/\/www.villa-kerasia.gr\/events\/"]}]},{"@type":"BreadcrumbList","@id":"https:\/\/www.villa-kerasia.gr\/events\/#breadcrumb","itemListElement":[{"@type":"ListItem","position":1,"name":"Home","item":"https:\/\/www.villa-kerasia.gr\/"},{"@type":"ListItem","position":2,"name":"Ev\u00e9nements"}]},{"@type":"WebSite","@id":"https:\/\/www.villa-kerasia.gr\/#website","url":"https:\/\/www.villa-kerasia.gr\/","name":"Villa Kerasia - Bed &amp; Breakfast in Heraklion of Crete - Villa for Rent in Crete, Holiday Rentals in Crete Greece, Crete Villa Rentals","description":"Villa Kerasia - Bed &amp; Breakfast in Heraklion of Crete - Villa for Rent in Crete, Holiday Rentals in Crete Greece, Crete Villa Rentals","publisher":{"@id":"https:\/\/www.villa-kerasia.gr\/#organization"},"potentialAction":[{"@type":"SearchAction","target":{"@type":"EntryPoint","urlTemplate":"https:\/\/www.villa-kerasia.gr\/?s={search_term_string}"},"query-input":{"@type":"PropertyValueSpecification","valueRequired":true,"valueName":"search_term_string"}}],"inLanguage":"fr-FR"},{"@type":"Organization","@id":"https:\/\/www.villa-kerasia.gr\/#organization","name":"Villa Kerasia","url":"https:\/\/www.villa-kerasia.gr\/","logo":{"@type":"ImageObject","inLanguage":"fr-FR","@id":"https:\/\/www.villa-kerasia.gr\/#\/schema\/logo\/image\/","url":"https:\/\/www.villa-kerasia.gr\/wp-content\/uploads\/2021\/12\/villa-kerasia-logo.png","contentUrl":"https:\/\/www.villa-kerasia.gr\/wp-content\/uploads\/2021\/12\/villa-kerasia-logo.png","width":207,"height":112,"caption":"Villa Kerasia"},"image":{"@id":"https:\/\/www.villa-kerasia.gr\/#\/schema\/logo\/image\/"},"sameAs":["https:\/\/www.facebook.com\/villakerasia\/"]}]}},"_links":{"self":[{"href":"https:\/\/www.villa-kerasia.gr\/fr\/wp-json\/wp\/v2\/pages\/762","targetHints":{"allow":["GET"]}}],"collection":[{"href":"https:\/\/www.villa-kerasia.gr\/fr\/wp-json\/wp\/v2\/pages"}],"about":[{"href":"https:\/\/www.villa-kerasia.gr\/fr\/wp-json\/wp\/v2\/types\/page"}],"author":[{"embeddable":true,"href":"https:\/\/www.villa-kerasia.gr\/fr\/wp-json\/wp\/v2\/users\/2"}],"replies":[{"embeddable":true,"href":"https:\/\/www.villa-kerasia.gr\/fr\/wp-json\/wp\/v2\/comments?post=762"}],"version-history":[{"count":5,"href":"https:\/\/www.villa-kerasia.gr\/fr\/wp-json\/wp\/v2\/pages\/762\/revisions"}],"predecessor-version":[{"id":1817,"href":"https:\/\/www.villa-kerasia.gr\/fr\/wp-json\/wp\/v2\/pages\/762\/revisions\/1817"}],"wp:attachment":[{"href":"https:\/\/www.villa-kerasia.gr\/fr\/wp-json\/wp\/v2\/media?parent=762"}],"curies":[{"name":"wp","href":"https:\/\/api.w.org\/{rel}","templated":true}]}}