{"id":777,"date":"2021-12-20T11:56:54","date_gmt":"2021-12-20T11:56:54","guid":{"rendered":"https:\/\/www.villa-kerasia.gr\/?page_id=777"},"modified":"2021-12-21T10:44:46","modified_gmt":"2021-12-21T10:44:46","slug":"termes-et-conditions","status":"publish","type":"page","link":"https:\/\/www.villa-kerasia.gr\/fr\/termes-et-conditions\/","title":{"rendered":"Termes et conditions"},"content":{"rendered":"\t\t<div data-elementor-type=\"wp-page\" data-elementor-id=\"777\" class=\"elementor elementor-777\">\n\t\t\t\t\t\t<section class=\"elementor-section elementor-top-section elementor-element elementor-element-3045bf73 elementor-section-boxed elementor-section-height-default elementor-section-height-default\" data-id=\"3045bf73\" data-element_type=\"section\">\n\t\t\t\t\t\t<div class=\"elementor-container elementor-column-gap-default\">\n\t\t\t\t\t<div class=\"elementor-column elementor-col-100 elementor-top-column elementor-element elementor-element-509fcf85\" data-id=\"509fcf85\" data-element_type=\"column\">\n\t\t\t<div class=\"elementor-widget-wrap elementor-element-populated\">\n\t\t\t\t\t\t<div class=\"elementor-element elementor-element-5bdff716 elementor-widget elementor-widget-text-editor\" data-id=\"5bdff716\" data-element_type=\"widget\" data-widget_type=\"text-editor.default\">\n\t\t\t\t<div class=\"elementor-widget-container\">\n\t\t\t\t\t\t\t\t\t<strong>Check-in:\u00a0<\/strong>A partir de 14:00 heures\n<strong>Check-out:\u00a0<\/strong>08:00 \u2013 12:00 heures\n\n<strong>Politique d\u2019annulation:<\/strong>\nNous regrettons de vous informer qu\u2019\u00e0 cause de la petite taille de notre h\u00f4tel, nous devons imposer notre politique d\u2019annulation:\n<ul>\n \t<li>Jusqu\u2019\u00e0 10 jours\u00a0\u00a0\u00a0\u00a0\u00a0Vous \u00eates compl\u00e8tement rembours\u00e9s<\/li>\n \t<li>Moins de 10 jours\u00a0\u00a0\u00a0\u00a0Vous \u00eates charg\u00e9s de 30 % du montant total<\/li>\n \t<li>Non apparition \u00a0 \u00a0 \u00a0 Vous \u00eates charg\u00e9s de 100 % du montant total<\/li>\n<\/ul>\n<strong> Enfants et lits suppl\u00e9mentaires:<\/strong>\n<ul>\n<li>Gratuitement! Un enfant de moins de 2 ans reste sans frais dans un berceau\/lit d\u2019enfant.<\/li>\n<li>Gratuitement! Un enfant entre 2 et 6 ans reste sans frais suppl\u00e9mentaires quand il utilise les lits existants.<\/li>\n<li>Un enfant entre 7 et 12 ans est charg\u00e9 de 10 euros par s\u00e9jour lorsqu\u2019il utilise les lits existants.<\/li>\n<li>Un enfant plus \u00e2g\u00e9 ou un adulte est charg\u00e9 de 17 EUR par personne par nuit quand il utilise les lits existants.<\/li>\n<li>Le nombre maximum des berceaux\/lits de b\u00e9b\u00e9s par chambre est 1.<\/li>\n<li>Tous les types de lits suppl\u00e9mentaires ou berceaux\/lits de b\u00e9b\u00e9s sont sur demande et ils doivent \u00eatre confirm\u00e9s par la direction. Les frais suppl\u00e9mentaires ne sont pas calcul\u00e9s automatiquement au montant total et doivent \u00eatre pay\u00e9s s\u00e9par\u00e9ment pendant votre s\u00e9jour.<\/li>\n<\/ul>\n\n<strong>Animaux domestiques:<\/strong> Gratuitement ! Les animaux domestiques sont permis sur demande. Pas de frais suppl\u00e9mentaires.\n\n<strong>Cartes de cr\u00e9dit accept\u00e9es dans cette propri\u00e9t\u00e9:<\/strong>\nLa Villa Kerasia accepte Visacards et Mastercards et garde le droit d\u2019autoriser votre carte avant votre arriv\u00e9e.\t\t\t\t\t\t\t\t<\/div>\n\t\t\t\t<\/div>\n\t\t\t\t\t<\/div>\n\t\t<\/div>\n\t\t\t\t\t<\/div>\n\t\t<\/section>\n\t\t\t\t<\/div>\n\t\t","protected":false},"excerpt":{"rendered":"<p>Check-in:\u00a0A partir de 14:00 heures Check-out:\u00a008:00 \u2013 12:00 heures Politique d\u2019annulation: Nous regrettons de vous informer qu\u2019\u00e0 cause de la petite taille de notre h\u00f4tel, nous devons imposer notre politique d\u2019annulation: Jusqu\u2019\u00e0 10 jours\u00a0\u00a0\u00a0\u00a0\u00a0Vous \u00eates compl\u00e8tement rembours\u00e9s Moins de 10 jours\u00a0\u00a0\u00a0\u00a0Vous \u00eates charg\u00e9s de 30 % du montant total Non apparition \u00a0 \u00a0 \u00a0 Vous [&hellip;]<\/p>\n","protected":false},"author":2,"featured_media":445,"parent":0,"menu_order":0,"comment_status":"closed","ping_status":"closed","template":"","meta":{"inline_featured_image":false,"footnotes":""},"class_list":["post-777","page","type-page","status-publish","has-post-thumbnail","hentry"],"yoast_head":"<!-- This site is optimized with the Yoast SEO plugin v27.3 - https:\/\/yoast.com\/product\/yoast-seo-wordpress\/ -->\n<title>Termes et conditions - Villa Kerasia - Bed &amp; Breakfast in Heraklion of Crete - Villa for Rent in Crete, Holiday Rentals in Crete Greece, Crete Villa Rentals<\/title>\n<meta name=\"robots\" content=\"index, follow, max-snippet:-1, max-image-preview:large, max-video-preview:-1\" \/>\n<link rel=\"canonical\" href=\"https:\/\/www.villa-kerasia.gr\/fr\/termes-et-conditions\/\" \/>\n<meta property=\"og:locale\" content=\"fr_FR\" \/>\n<meta property=\"og:type\" content=\"article\" \/>\n<meta property=\"og:title\" content=\"Termes et conditions - Villa Kerasia - Bed &amp; Breakfast in Heraklion of Crete - Villa for Rent in Crete, Holiday Rentals in Crete Greece, Crete Villa Rentals\" \/>\n<meta property=\"og:description\" content=\"Check-in:\u00a0A partir de 14:00 heures Check-out:\u00a008:00 \u2013 12:00 heures Politique d\u2019annulation: Nous regrettons de vous informer qu\u2019\u00e0 cause de la petite taille de notre h\u00f4tel, nous devons imposer notre politique d\u2019annulation: Jusqu\u2019\u00e0 10 jours\u00a0\u00a0\u00a0\u00a0\u00a0Vous \u00eates compl\u00e8tement rembours\u00e9s Moins de 10 jours\u00a0\u00a0\u00a0\u00a0Vous \u00eates charg\u00e9s de 30 % du montant total Non apparition \u00a0 \u00a0 \u00a0 Vous [&hellip;]\" \/>\n<meta property=\"og:url\" content=\"https:\/\/www.villa-kerasia.gr\/fr\/termes-et-conditions\/\" \/>\n<meta property=\"og:site_name\" content=\"Villa Kerasia - Bed &amp; Breakfast in Heraklion of Crete - Villa for Rent in Crete, Holiday Rentals in Crete Greece, Crete Villa Rentals\" \/>\n<meta property=\"article:publisher\" content=\"https:\/\/www.facebook.com\/villakerasia\/\" \/>\n<meta property=\"article:modified_time\" content=\"2021-12-21T10:44:46+00:00\" \/>\n<meta property=\"og:image\" content=\"https:\/\/www.villa-kerasia.gr\/wp-content\/uploads\/2021\/12\/CF073908-15.jpg\" \/>\n\t<meta property=\"og:image:width\" content=\"1439\" \/>\n\t<meta property=\"og:image:height\" content=\"1080\" \/>\n\t<meta property=\"og:image:type\" content=\"image\/jpeg\" \/>\n<meta name=\"twitter:card\" content=\"summary_large_image\" \/>\n<meta name=\"twitter:label1\" content=\"Dur\u00e9e de lecture estim\u00e9e\" \/>\n\t<meta name=\"twitter:data1\" content=\"2 minutes\" \/>\n<script type=\"application\/ld+json\" class=\"yoast-schema-graph\">{\"@context\":\"https:\\\/\\\/schema.org\",\"@graph\":[{\"@type\":\"WebPage\",\"@id\":\"https:\\\/\\\/www.villa-kerasia.gr\\\/fr\\\/termes-et-conditions\\\/\",\"url\":\"https:\\\/\\\/www.villa-kerasia.gr\\\/fr\\\/termes-et-conditions\\\/\",\"name\":\"Termes et conditions - Villa Kerasia - Bed &amp; Breakfast in Heraklion of Crete - Villa for Rent in Crete, Holiday Rentals in Crete Greece, Crete Villa Rentals\",\"isPartOf\":{\"@id\":\"https:\\\/\\\/www.villa-kerasia.gr\\\/#website\"},\"primaryImageOfPage\":{\"@id\":\"https:\\\/\\\/www.villa-kerasia.gr\\\/fr\\\/termes-et-conditions\\\/#primaryimage\"},\"image\":{\"@id\":\"https:\\\/\\\/www.villa-kerasia.gr\\\/fr\\\/termes-et-conditions\\\/#primaryimage\"},\"thumbnailUrl\":\"https:\\\/\\\/www.villa-kerasia.gr\\\/wp-content\\\/uploads\\\/2021\\\/12\\\/CF073908-15.jpg\",\"datePublished\":\"2021-12-20T11:56:54+00:00\",\"dateModified\":\"2021-12-21T10:44:46+00:00\",\"breadcrumb\":{\"@id\":\"https:\\\/\\\/www.villa-kerasia.gr\\\/fr\\\/termes-et-conditions\\\/#breadcrumb\"},\"inLanguage\":\"fr-FR\",\"potentialAction\":[{\"@type\":\"ReadAction\",\"target\":[\"https:\\\/\\\/www.villa-kerasia.gr\\\/fr\\\/termes-et-conditions\\\/\"]}]},{\"@type\":\"ImageObject\",\"inLanguage\":\"fr-FR\",\"@id\":\"https:\\\/\\\/www.villa-kerasia.gr\\\/fr\\\/termes-et-conditions\\\/#primaryimage\",\"url\":\"https:\\\/\\\/www.villa-kerasia.gr\\\/wp-content\\\/uploads\\\/2021\\\/12\\\/CF073908-15.jpg\",\"contentUrl\":\"https:\\\/\\\/www.villa-kerasia.gr\\\/wp-content\\\/uploads\\\/2021\\\/12\\\/CF073908-15.jpg\",\"width\":1439,\"height\":1080,\"caption\":\"CF073908 15\"},{\"@type\":\"BreadcrumbList\",\"@id\":\"https:\\\/\\\/www.villa-kerasia.gr\\\/fr\\\/termes-et-conditions\\\/#breadcrumb\",\"itemListElement\":[{\"@type\":\"ListItem\",\"position\":1,\"name\":\"Home\",\"item\":\"https:\\\/\\\/www.villa-kerasia.gr\\\/\"},{\"@type\":\"ListItem\",\"position\":2,\"name\":\"Termes et conditions\"}]},{\"@type\":\"WebSite\",\"@id\":\"https:\\\/\\\/www.villa-kerasia.gr\\\/#website\",\"url\":\"https:\\\/\\\/www.villa-kerasia.gr\\\/\",\"name\":\"Villa Kerasia - Bed &amp; Breakfast in Heraklion of Crete - Villa for Rent in Crete, Holiday Rentals in Crete Greece, Crete Villa Rentals\",\"description\":\"Villa Kerasia - Bed &amp; Breakfast in Heraklion of Crete - Villa for Rent in Crete, Holiday Rentals in Crete Greece, Crete Villa Rentals\",\"publisher\":{\"@id\":\"https:\\\/\\\/www.villa-kerasia.gr\\\/#organization\"},\"potentialAction\":[{\"@type\":\"SearchAction\",\"target\":{\"@type\":\"EntryPoint\",\"urlTemplate\":\"https:\\\/\\\/www.villa-kerasia.gr\\\/?s={search_term_string}\"},\"query-input\":{\"@type\":\"PropertyValueSpecification\",\"valueRequired\":true,\"valueName\":\"search_term_string\"}}],\"inLanguage\":\"fr-FR\"},{\"@type\":\"Organization\",\"@id\":\"https:\\\/\\\/www.villa-kerasia.gr\\\/#organization\",\"name\":\"Villa Kerasia\",\"url\":\"https:\\\/\\\/www.villa-kerasia.gr\\\/\",\"logo\":{\"@type\":\"ImageObject\",\"inLanguage\":\"fr-FR\",\"@id\":\"https:\\\/\\\/www.villa-kerasia.gr\\\/#\\\/schema\\\/logo\\\/image\\\/\",\"url\":\"https:\\\/\\\/www.villa-kerasia.gr\\\/wp-content\\\/uploads\\\/2021\\\/12\\\/villa-kerasia-logo.png\",\"contentUrl\":\"https:\\\/\\\/www.villa-kerasia.gr\\\/wp-content\\\/uploads\\\/2021\\\/12\\\/villa-kerasia-logo.png\",\"width\":207,\"height\":112,\"caption\":\"Villa Kerasia\"},\"image\":{\"@id\":\"https:\\\/\\\/www.villa-kerasia.gr\\\/#\\\/schema\\\/logo\\\/image\\\/\"},\"sameAs\":[\"https:\\\/\\\/www.facebook.com\\\/villakerasia\\\/\"]}]}<\/script>\n<!-- \/ Yoast SEO plugin. -->","yoast_head_json":{"title":"Termes et conditions - Villa Kerasia - Bed &amp; Breakfast in Heraklion of Crete - Villa for Rent in Crete, Holiday Rentals in Crete Greece, Crete Villa Rentals","robots":{"index":"index","follow":"follow","max-snippet":"max-snippet:-1","max-image-preview":"max-image-preview:large","max-video-preview":"max-video-preview:-1"},"canonical":"https:\/\/www.villa-kerasia.gr\/fr\/termes-et-conditions\/","og_locale":"fr_FR","og_type":"article","og_title":"Termes et conditions - Villa Kerasia - Bed &amp; Breakfast in Heraklion of Crete - Villa for Rent in Crete, Holiday Rentals in Crete Greece, Crete Villa Rentals","og_description":"Check-in:\u00a0A partir de 14:00 heures Check-out:\u00a008:00 \u2013 12:00 heures Politique d\u2019annulation: Nous regrettons de vous informer qu\u2019\u00e0 cause de la petite taille de notre h\u00f4tel, nous devons imposer notre politique d\u2019annulation: Jusqu\u2019\u00e0 10 jours\u00a0\u00a0\u00a0\u00a0\u00a0Vous \u00eates compl\u00e8tement rembours\u00e9s Moins de 10 jours\u00a0\u00a0\u00a0\u00a0Vous \u00eates charg\u00e9s de 30 % du montant total Non apparition \u00a0 \u00a0 \u00a0 Vous [&hellip;]","og_url":"https:\/\/www.villa-kerasia.gr\/fr\/termes-et-conditions\/","og_site_name":"Villa Kerasia - Bed &amp; Breakfast in Heraklion of Crete - Villa for Rent in Crete, Holiday Rentals in Crete Greece, Crete Villa Rentals","article_publisher":"https:\/\/www.facebook.com\/villakerasia\/","article_modified_time":"2021-12-21T10:44:46+00:00","og_image":[{"width":1439,"height":1080,"url":"https:\/\/www.villa-kerasia.gr\/wp-content\/uploads\/2021\/12\/CF073908-15.jpg","type":"image\/jpeg"}],"twitter_card":"summary_large_image","twitter_misc":{"Dur\u00e9e de lecture estim\u00e9e":"2 minutes"},"schema":{"@context":"https:\/\/schema.org","@graph":[{"@type":"WebPage","@id":"https:\/\/www.villa-kerasia.gr\/fr\/termes-et-conditions\/","url":"https:\/\/www.villa-kerasia.gr\/fr\/termes-et-conditions\/","name":"Termes et conditions - Villa Kerasia - Bed &amp; Breakfast in Heraklion of Crete - Villa for Rent in Crete, Holiday Rentals in Crete Greece, Crete Villa Rentals","isPartOf":{"@id":"https:\/\/www.villa-kerasia.gr\/#website"},"primaryImageOfPage":{"@id":"https:\/\/www.villa-kerasia.gr\/fr\/termes-et-conditions\/#primaryimage"},"image":{"@id":"https:\/\/www.villa-kerasia.gr\/fr\/termes-et-conditions\/#primaryimage"},"thumbnailUrl":"https:\/\/www.villa-kerasia.gr\/wp-content\/uploads\/2021\/12\/CF073908-15.jpg","datePublished":"2021-12-20T11:56:54+00:00","dateModified":"2021-12-21T10:44:46+00:00","breadcrumb":{"@id":"https:\/\/www.villa-kerasia.gr\/fr\/termes-et-conditions\/#breadcrumb"},"inLanguage":"fr-FR","potentialAction":[{"@type":"ReadAction","target":["https:\/\/www.villa-kerasia.gr\/fr\/termes-et-conditions\/"]}]},{"@type":"ImageObject","inLanguage":"fr-FR","@id":"https:\/\/www.villa-kerasia.gr\/fr\/termes-et-conditions\/#primaryimage","url":"https:\/\/www.villa-kerasia.gr\/wp-content\/uploads\/2021\/12\/CF073908-15.jpg","contentUrl":"https:\/\/www.villa-kerasia.gr\/wp-content\/uploads\/2021\/12\/CF073908-15.jpg","width":1439,"height":1080,"caption":"CF073908 15"},{"@type":"BreadcrumbList","@id":"https:\/\/www.villa-kerasia.gr\/fr\/termes-et-conditions\/#breadcrumb","itemListElement":[{"@type":"ListItem","position":1,"name":"Home","item":"https:\/\/www.villa-kerasia.gr\/"},{"@type":"ListItem","position":2,"name":"Termes et conditions"}]},{"@type":"WebSite","@id":"https:\/\/www.villa-kerasia.gr\/#website","url":"https:\/\/www.villa-kerasia.gr\/","name":"Villa Kerasia - Bed &amp; Breakfast in Heraklion of Crete - Villa for Rent in Crete, Holiday Rentals in Crete Greece, Crete Villa Rentals","description":"Villa Kerasia - Bed &amp; Breakfast in Heraklion of Crete - Villa for Rent in Crete, Holiday Rentals in Crete Greece, Crete Villa Rentals","publisher":{"@id":"https:\/\/www.villa-kerasia.gr\/#organization"},"potentialAction":[{"@type":"SearchAction","target":{"@type":"EntryPoint","urlTemplate":"https:\/\/www.villa-kerasia.gr\/?s={search_term_string}"},"query-input":{"@type":"PropertyValueSpecification","valueRequired":true,"valueName":"search_term_string"}}],"inLanguage":"fr-FR"},{"@type":"Organization","@id":"https:\/\/www.villa-kerasia.gr\/#organization","name":"Villa Kerasia","url":"https:\/\/www.villa-kerasia.gr\/","logo":{"@type":"ImageObject","inLanguage":"fr-FR","@id":"https:\/\/www.villa-kerasia.gr\/#\/schema\/logo\/image\/","url":"https:\/\/www.villa-kerasia.gr\/wp-content\/uploads\/2021\/12\/villa-kerasia-logo.png","contentUrl":"https:\/\/www.villa-kerasia.gr\/wp-content\/uploads\/2021\/12\/villa-kerasia-logo.png","width":207,"height":112,"caption":"Villa Kerasia"},"image":{"@id":"https:\/\/www.villa-kerasia.gr\/#\/schema\/logo\/image\/"},"sameAs":["https:\/\/www.facebook.com\/villakerasia\/"]}]}},"_links":{"self":[{"href":"https:\/\/www.villa-kerasia.gr\/fr\/wp-json\/wp\/v2\/pages\/777","targetHints":{"allow":["GET"]}}],"collection":[{"href":"https:\/\/www.villa-kerasia.gr\/fr\/wp-json\/wp\/v2\/pages"}],"about":[{"href":"https:\/\/www.villa-kerasia.gr\/fr\/wp-json\/wp\/v2\/types\/page"}],"author":[{"embeddable":true,"href":"https:\/\/www.villa-kerasia.gr\/fr\/wp-json\/wp\/v2\/users\/2"}],"replies":[{"embeddable":true,"href":"https:\/\/www.villa-kerasia.gr\/fr\/wp-json\/wp\/v2\/comments?post=777"}],"version-history":[{"count":16,"href":"https:\/\/www.villa-kerasia.gr\/fr\/wp-json\/wp\/v2\/pages\/777\/revisions"}],"predecessor-version":[{"id":1072,"href":"https:\/\/www.villa-kerasia.gr\/fr\/wp-json\/wp\/v2\/pages\/777\/revisions\/1072"}],"wp:featuredmedia":[{"embeddable":true,"href":"https:\/\/www.villa-kerasia.gr\/fr\/wp-json\/wp\/v2\/media\/445"}],"wp:attachment":[{"href":"https:\/\/www.villa-kerasia.gr\/fr\/wp-json\/wp\/v2\/media?parent=777"}],"curies":[{"name":"wp","href":"https:\/\/api.w.org\/{rel}","templated":true}]}}